{"id":1182,"date":"2010-07-14T00:00:00","date_gmt":"2010-07-14T03:00:00","guid":{"rendered":"http:\/\/ajupe.com.uy\/web\/?post_type=product&#038;p=1182"},"modified":"2011-09-21T18:10:59","modified_gmt":"2011-09-21T21:10:59","slug":"cenizas-de-amor","status":"publish","type":"product","link":"https:\/\/ajupe.com.uy\/web\/biblioteca\/cenizas-de-amor\/","title":{"rendered":"Cenizas de Amor"},"content":{"rendered":"<p>En su evocadora reminiscencia de una familia en crisis, Belva Plain va directo al coraz\u00f3n del v\u00ednculo entre una joven artista algo naive y su atractivo esposo. Al principio todo es id\u00edlico: Hy deja de lado su trabajo como pintora para apoyar la carrera de m\u00e9dico de Gerald, tiene dos hermosos hijos, se aman y las cosas parecen ir bien. Hasta que, en una terrible noche, ella comete un acto que no podr\u00e1 olvidar por el resto de su vida. Algo que le otorga a \u00e9l un arma peligros\u00edsima: el chantaje. El precio de su silencio es la custodia indisputada de sus hijos. Cuando su propia madre, disgustada, le pregunta por qu\u00e9 no est\u00e1 dispuesta a luchar por ellos, no obtiene respuestas. S\u00f3lo Hy sabe, o cree saber, lo que pas\u00f3 realmente esa fat\u00eddica noche&#8230;<\/p>\n","protected":false},"excerpt":{"rendered":"<p>En su evocadora reminiscencia de una familia en crisis, Belva Plain va directo al coraz\u00f3n del v\u00ednculo entre una joven artista algo naive y su atractivo esposo. Al principio todo es id\u00edlico: Hy deja de lado su trabajo como pintora para apoyar la carrera de<\/p>\n","protected":false},"featured_media":1183,"template":"","meta":[],"product_brand":[181],"product_cat":[29],"product_tag":[],"class_list":{"0":"post-1182","1":"product","2":"type-product","3":"status-publish","4":"has-post-thumbnail","6":"product_brand-belva-plain","7":"product_cat-novela","9":"first","10":"instock","11":"purchasable","12":"product-type-simple"},"featured_image_urls_v2":{"full":["https:\/\/ajupe.com.uy\/web\/wp-content\/uploads\/2016\/04\/p-1182-6147.jpg",361,555,false],"thumbnail":["https:\/\/ajupe.com.uy\/web\/wp-content\/uploads\/2016\/04\/p-1182-6147.jpg",150,150,true],"medium":["https:\/\/ajupe.com.uy\/web\/wp-content\/uploads\/2016\/04\/p-1182-6147.jpg",300,214,true],"medium_large":["https:\/\/ajupe.com.uy\/web\/wp-content\/uploads\/2016\/04\/p-1182-6147.jpg",361,555,false],"large":["https:\/\/ajupe.com.uy\/web\/wp-content\/uploads\/2016\/04\/p-1182-6147.jpg",361,555,false],"1536x1536":["https:\/\/ajupe.com.uy\/web\/wp-content\/uploads\/2016\/04\/p-1182-6147.jpg",361,555,false],"2048x2048":["https:\/\/ajupe.com.uy\/web\/wp-content\/uploads\/2016\/04\/p-1182-6147.jpg",361,555,false],"woocommerce_archive_thumbnail":["https:\/\/ajupe.com.uy\/web\/wp-content\/uploads\/2016\/04\/p-1182-6147-300x450.jpg",300,450,true],"woocommerce_thumbnail":["https:\/\/ajupe.com.uy\/web\/wp-content\/uploads\/2016\/04\/p-1182-6147-300x300.jpg",300,300,true],"woocommerce_single":["https:\/\/ajupe.com.uy\/web\/wp-content\/uploads\/2016\/04\/p-1182-6147-300x461.jpg",300,461,true],"woocommerce_gallery_thumbnail":["https:\/\/ajupe.com.uy\/web\/wp-content\/uploads\/2016\/04\/p-1182-6147-100x100.jpg",100,100,true]},"post_excerpt_stackable_v2":"<p>En su evocadora reminiscencia de una familia en crisis, Belva Plain va directo al coraz\u00f3n del v\u00ednculo entre una joven artista algo naive y su atractivo esposo. Al principio todo es id\u00edlico: Hy deja de lado su trabajo como pintora para apoyar la carrera de<\/p>\n","category_list_v2":"","author_info_v2":{"name":"","url":""},"comments_num_v2":"0 comentarios","_links":{"self":[{"href":"https:\/\/ajupe.com.uy\/web\/wp-json\/wp\/v2\/product\/1182","targetHints":{"allow":["GET"]}}],"collection":[{"href":"https:\/\/ajupe.com.uy\/web\/wp-json\/wp\/v2\/product"}],"about":[{"href":"https:\/\/ajupe.com.uy\/web\/wp-json\/wp\/v2\/types\/product"}],"wp:featuredmedia":[{"embeddable":true,"href":"https:\/\/ajupe.com.uy\/web\/wp-json\/wp\/v2\/media\/1183"}],"wp:attachment":[{"href":"https:\/\/ajupe.com.uy\/web\/wp-json\/wp\/v2\/media?parent=1182"}],"wp:term":[{"taxonomy":"product_brand","embeddable":true,"href":"https:\/\/ajupe.com.uy\/web\/wp-json\/wp\/v2\/product_brand?post=1182"},{"taxonomy":"product_cat","embeddable":true,"href":"https:\/\/ajupe.com.uy\/web\/wp-json\/wp\/v2\/product_cat?post=1182"},{"taxonomy":"product_tag","embeddable":true,"href":"https:\/\/ajupe.com.uy\/web\/wp-json\/wp\/v2\/product_tag?post=1182"}],"curies":[{"name":"wp","href":"https:\/\/api.w.org\/{rel}","templated":true}]}}