{"id":1192,"date":"2010-07-14T00:00:00","date_gmt":"2010-07-14T03:00:00","guid":{"rendered":"http:\/\/ajupe.com.uy\/web\/?post_type=product&#038;p=1192"},"modified":"2010-07-14T00:00:00","modified_gmt":"2010-07-14T03:00:00","slug":"la-guarida-del-tigre","status":"publish","type":"product","link":"https:\/\/ajupe.com.uy\/web\/biblioteca\/la-guarida-del-tigre\/","title":{"rendered":"La guarida del tigre"},"content":{"rendered":"<p>Todos tenemos un tigre en el cuerpo, incluso aquellos que lo ignoran. Un tigre vivo, poderoso y muy bello. Est\u00e1 en su guardia, en un lugar preciso; sin embargo, los manuales de anatom\u00eda s\u00f3lo lo muestran dividido en partes, despedazado, irreconocible. No conocerlo resulta perjudicial: los dolores de espalda, las contracturas musculares y numerosos malestares corporales son a menudo consecuencia de nuestro desconocimiento de esa fuerza venida de la noche de los timepos. Para Th\u00e9rese Bertherat \u2013lo sabemos por su libro El cuerpo tiene sus razones- el tigre es un viejo amigo: hace ya veinte a\u00f1os que lo observa y que ayuda a sus disc\u00edpulos a convivir con \u00e9l, a sacarle provecho.<\/p>\n","protected":false},"excerpt":{"rendered":"<p>Todos tenemos un tigre en el cuerpo, incluso aquellos que lo ignoran. Un tigre vivo, poderoso y muy bello. Est\u00e1 en su guardia, en un lugar preciso; sin embargo, los manuales de anatom\u00eda s\u00f3lo lo muestran dividido en partes, despedazado, irreconocible. No c<\/p>\n","protected":false},"featured_media":1193,"template":"","meta":[],"product_brand":[331],"product_cat":[32],"product_tag":[],"class_list":{"0":"post-1192","1":"product","2":"type-product","3":"status-publish","4":"has-post-thumbnail","6":"product_brand-therese-bertherat","7":"product_cat-autoayuda","9":"first","10":"instock","11":"purchasable","12":"product-type-simple"},"featured_image_urls_v2":{"full":["https:\/\/ajupe.com.uy\/web\/wp-content\/uploads\/2016\/04\/p-1192-6153.jpg",362,533,false],"thumbnail":["https:\/\/ajupe.com.uy\/web\/wp-content\/uploads\/2016\/04\/p-1192-6153.jpg",150,150,true],"medium":["https:\/\/ajupe.com.uy\/web\/wp-content\/uploads\/2016\/04\/p-1192-6153.jpg",300,214,true],"medium_large":["https:\/\/ajupe.com.uy\/web\/wp-content\/uploads\/2016\/04\/p-1192-6153.jpg",362,533,false],"large":["https:\/\/ajupe.com.uy\/web\/wp-content\/uploads\/2016\/04\/p-1192-6153.jpg",362,533,false],"1536x1536":["https:\/\/ajupe.com.uy\/web\/wp-content\/uploads\/2016\/04\/p-1192-6153.jpg",362,533,false],"2048x2048":["https:\/\/ajupe.com.uy\/web\/wp-content\/uploads\/2016\/04\/p-1192-6153.jpg",362,533,false],"woocommerce_archive_thumbnail":["https:\/\/ajupe.com.uy\/web\/wp-content\/uploads\/2016\/04\/p-1192-6153-300x450.jpg",300,450,true],"woocommerce_thumbnail":["https:\/\/ajupe.com.uy\/web\/wp-content\/uploads\/2016\/04\/p-1192-6153-300x300.jpg",300,300,true],"woocommerce_single":["https:\/\/ajupe.com.uy\/web\/wp-content\/uploads\/2016\/04\/p-1192-6153-300x442.jpg",300,442,true],"woocommerce_gallery_thumbnail":["https:\/\/ajupe.com.uy\/web\/wp-content\/uploads\/2016\/04\/p-1192-6153-100x100.jpg",100,100,true]},"post_excerpt_stackable_v2":"<p>Todos tenemos un tigre en el cuerpo, incluso aquellos que lo ignoran. Un tigre vivo, poderoso y muy bello. Est\u00e1 en su guardia, en un lugar preciso; sin embargo, los manuales de anatom\u00eda s\u00f3lo lo muestran dividido en partes, despedazado, irreconocible. No c<\/p>\n","category_list_v2":"","author_info_v2":{"name":"","url":""},"comments_num_v2":"0 comentarios","_links":{"self":[{"href":"https:\/\/ajupe.com.uy\/web\/wp-json\/wp\/v2\/product\/1192","targetHints":{"allow":["GET"]}}],"collection":[{"href":"https:\/\/ajupe.com.uy\/web\/wp-json\/wp\/v2\/product"}],"about":[{"href":"https:\/\/ajupe.com.uy\/web\/wp-json\/wp\/v2\/types\/product"}],"wp:featuredmedia":[{"embeddable":true,"href":"https:\/\/ajupe.com.uy\/web\/wp-json\/wp\/v2\/media\/1193"}],"wp:attachment":[{"href":"https:\/\/ajupe.com.uy\/web\/wp-json\/wp\/v2\/media?parent=1192"}],"wp:term":[{"taxonomy":"product_brand","embeddable":true,"href":"https:\/\/ajupe.com.uy\/web\/wp-json\/wp\/v2\/product_brand?post=1192"},{"taxonomy":"product_cat","embeddable":true,"href":"https:\/\/ajupe.com.uy\/web\/wp-json\/wp\/v2\/product_cat?post=1192"},{"taxonomy":"product_tag","embeddable":true,"href":"https:\/\/ajupe.com.uy\/web\/wp-json\/wp\/v2\/product_tag?post=1192"}],"curies":[{"name":"wp","href":"https:\/\/api.w.org\/{rel}","templated":true}]}}