{"id":1204,"date":"2010-07-14T00:00:00","date_gmt":"2010-07-14T03:00:00","guid":{"rendered":"http:\/\/ajupe.com.uy\/web\/?post_type=product&#038;p=1204"},"modified":"2011-09-19T17:34:57","modified_gmt":"2011-09-19T20:34:57","slug":"alexandros-las-arenas-de-amon","status":"publish","type":"product","link":"https:\/\/ajupe.com.uy\/web\/biblioteca\/alexandros-las-arenas-de-amon\/","title":{"rendered":"Al\u00e9xandros Las arenas de Am\u00f3n"},"content":{"rendered":"<p>La conquista de Asia es la siguiente haza\u00f1a que se propone Elejandro. En Anatolia Corta el Nudo Gordiano; dicen que quien lo deshaga dominar\u00e1 el conf\u00edn del mundo. Finalmente, \u00e9l y sus hombres derrotan al poderoso Dar\u00edo, Rey de los Persas. As\u00ed, las tropas victoriosas de Alejandro avanzan hasta Egipto, donde el or\u00e1culo de Am\u00f3n le revela su origen divino, su destino de Gloria Inmortal.<\/p>\n","protected":false},"excerpt":{"rendered":"<p>La conquista de Asia es la siguiente haza\u00f1a que se propone Elejandro. En Anatolia Corta el Nudo Gordiano; dicen que quien lo deshaga dominar\u00e1 el conf\u00edn del mundo. Finalmente, \u00e9l y sus hombres derrotan al poderoso Dar\u00edo, Rey de los Persas. As\u00ed, las tropas<\/p>\n","protected":false},"featured_media":1205,"template":"","meta":[],"product_brand":[335],"product_cat":[42,31],"product_tag":[],"class_list":{"0":"post-1204","1":"product","2":"type-product","3":"status-publish","4":"has-post-thumbnail","6":"product_brand-valerio-massimo-manfredi","7":"product_cat-aventura","8":"product_cat-historico","10":"first","11":"instock","12":"purchasable","13":"product-type-simple"},"featured_image_urls_v2":{"full":["https:\/\/ajupe.com.uy\/web\/wp-content\/uploads\/2016\/04\/p-1204-6159.jpg",361,555,false],"thumbnail":["https:\/\/ajupe.com.uy\/web\/wp-content\/uploads\/2016\/04\/p-1204-6159.jpg",150,150,true],"medium":["https:\/\/ajupe.com.uy\/web\/wp-content\/uploads\/2016\/04\/p-1204-6159.jpg",300,214,true],"medium_large":["https:\/\/ajupe.com.uy\/web\/wp-content\/uploads\/2016\/04\/p-1204-6159.jpg",361,555,false],"large":["https:\/\/ajupe.com.uy\/web\/wp-content\/uploads\/2016\/04\/p-1204-6159.jpg",361,555,false],"1536x1536":["https:\/\/ajupe.com.uy\/web\/wp-content\/uploads\/2016\/04\/p-1204-6159.jpg",361,555,false],"2048x2048":["https:\/\/ajupe.com.uy\/web\/wp-content\/uploads\/2016\/04\/p-1204-6159.jpg",361,555,false],"woocommerce_archive_thumbnail":["https:\/\/ajupe.com.uy\/web\/wp-content\/uploads\/2016\/04\/p-1204-6159-300x450.jpg",300,450,true],"woocommerce_thumbnail":["https:\/\/ajupe.com.uy\/web\/wp-content\/uploads\/2016\/04\/p-1204-6159-300x300.jpg",300,300,true],"woocommerce_single":["https:\/\/ajupe.com.uy\/web\/wp-content\/uploads\/2016\/04\/p-1204-6159-300x461.jpg",300,461,true],"woocommerce_gallery_thumbnail":["https:\/\/ajupe.com.uy\/web\/wp-content\/uploads\/2016\/04\/p-1204-6159-100x100.jpg",100,100,true]},"post_excerpt_stackable_v2":"<p>La conquista de Asia es la siguiente haza\u00f1a que se propone Elejandro. En Anatolia Corta el Nudo Gordiano; dicen que quien lo deshaga dominar\u00e1 el conf\u00edn del mundo. Finalmente, \u00e9l y sus hombres derrotan al poderoso Dar\u00edo, Rey de los Persas. As\u00ed, las tropas<\/p>\n","category_list_v2":"","author_info_v2":{"name":"","url":""},"comments_num_v2":"0 comentarios","_links":{"self":[{"href":"https:\/\/ajupe.com.uy\/web\/wp-json\/wp\/v2\/product\/1204","targetHints":{"allow":["GET"]}}],"collection":[{"href":"https:\/\/ajupe.com.uy\/web\/wp-json\/wp\/v2\/product"}],"about":[{"href":"https:\/\/ajupe.com.uy\/web\/wp-json\/wp\/v2\/types\/product"}],"wp:featuredmedia":[{"embeddable":true,"href":"https:\/\/ajupe.com.uy\/web\/wp-json\/wp\/v2\/media\/1205"}],"wp:attachment":[{"href":"https:\/\/ajupe.com.uy\/web\/wp-json\/wp\/v2\/media?parent=1204"}],"wp:term":[{"taxonomy":"product_brand","embeddable":true,"href":"https:\/\/ajupe.com.uy\/web\/wp-json\/wp\/v2\/product_brand?post=1204"},{"taxonomy":"product_cat","embeddable":true,"href":"https:\/\/ajupe.com.uy\/web\/wp-json\/wp\/v2\/product_cat?post=1204"},{"taxonomy":"product_tag","embeddable":true,"href":"https:\/\/ajupe.com.uy\/web\/wp-json\/wp\/v2\/product_tag?post=1204"}],"curies":[{"name":"wp","href":"https:\/\/api.w.org\/{rel}","templated":true}]}}