{"id":1206,"date":"2010-07-14T00:00:00","date_gmt":"2010-07-14T03:00:00","guid":{"rendered":"http:\/\/ajupe.com.uy\/web\/?post_type=product&#038;p=1206"},"modified":"2011-09-19T17:36:07","modified_gmt":"2011-09-19T20:36:07","slug":"alexandros-el-confin-del-mundo","status":"publish","type":"product","link":"https:\/\/ajupe.com.uy\/web\/biblioteca\/alexandros-el-confin-del-mundo\/","title":{"rendered":"Al\u00e9xandros \u2013 El conf\u00edn del mundo"},"content":{"rendered":"<p>El ej\u00e9rcito macedonio se adentra en Babilonia y asesta el golpe final al secular Imperio Persa. Alejandro aspira a convertir el mundo conocido en una sola naci\u00f3n bajo su mando. Pero pocos comparten su sue\u00f1o. Se urden conjuras. Y el Rey se ve arrastrado haciauna vor\u00e1gine de violencia. S\u00f3lo el amor de Roxana puede aliviar su soledad. Ella le infundir\u00e1 el valor necesario para llegar a la India misteriosa y luego la fuerza para buscar el camino de retorno.<\/p>\n","protected":false},"excerpt":{"rendered":"<p>El ej\u00e9rcito macedonio se adentra en Babilonia y asesta el golpe final al secular Imperio Persa. Alejandro aspira a convertir el mundo conocido en una sola naci\u00f3n bajo su mando. Pero pocos comparten su sue\u00f1o. Se urden conjuras. Y el Rey se ve arrastrado ha<\/p>\n","protected":false},"featured_media":1207,"template":"","meta":[],"product_brand":[335],"product_cat":[42,31],"product_tag":[],"class_list":{"0":"post-1206","1":"product","2":"type-product","3":"status-publish","4":"has-post-thumbnail","6":"product_brand-valerio-massimo-manfredi","7":"product_cat-aventura","8":"product_cat-historico","10":"first","11":"instock","12":"purchasable","13":"product-type-simple"},"featured_image_urls_v2":{"full":["https:\/\/ajupe.com.uy\/web\/wp-content\/uploads\/2016\/04\/p-1206-6160.jpg",362,527,false],"thumbnail":["https:\/\/ajupe.com.uy\/web\/wp-content\/uploads\/2016\/04\/p-1206-6160.jpg",150,150,true],"medium":["https:\/\/ajupe.com.uy\/web\/wp-content\/uploads\/2016\/04\/p-1206-6160.jpg",300,214,true],"medium_large":["https:\/\/ajupe.com.uy\/web\/wp-content\/uploads\/2016\/04\/p-1206-6160.jpg",362,527,false],"large":["https:\/\/ajupe.com.uy\/web\/wp-content\/uploads\/2016\/04\/p-1206-6160.jpg",362,527,false],"1536x1536":["https:\/\/ajupe.com.uy\/web\/wp-content\/uploads\/2016\/04\/p-1206-6160.jpg",362,527,false],"2048x2048":["https:\/\/ajupe.com.uy\/web\/wp-content\/uploads\/2016\/04\/p-1206-6160.jpg",362,527,false],"woocommerce_archive_thumbnail":["https:\/\/ajupe.com.uy\/web\/wp-content\/uploads\/2016\/04\/p-1206-6160-300x450.jpg",300,450,true],"woocommerce_thumbnail":["https:\/\/ajupe.com.uy\/web\/wp-content\/uploads\/2016\/04\/p-1206-6160-300x300.jpg",300,300,true],"woocommerce_single":["https:\/\/ajupe.com.uy\/web\/wp-content\/uploads\/2016\/04\/p-1206-6160-300x437.jpg",300,437,true],"woocommerce_gallery_thumbnail":["https:\/\/ajupe.com.uy\/web\/wp-content\/uploads\/2016\/04\/p-1206-6160-100x100.jpg",100,100,true]},"post_excerpt_stackable_v2":"<p>El ej\u00e9rcito macedonio se adentra en Babilonia y asesta el golpe final al secular Imperio Persa. Alejandro aspira a convertir el mundo conocido en una sola naci\u00f3n bajo su mando. Pero pocos comparten su sue\u00f1o. Se urden conjuras. Y el Rey se ve arrastrado ha<\/p>\n","category_list_v2":"","author_info_v2":{"name":"","url":""},"comments_num_v2":"0 comentarios","_links":{"self":[{"href":"https:\/\/ajupe.com.uy\/web\/wp-json\/wp\/v2\/product\/1206","targetHints":{"allow":["GET"]}}],"collection":[{"href":"https:\/\/ajupe.com.uy\/web\/wp-json\/wp\/v2\/product"}],"about":[{"href":"https:\/\/ajupe.com.uy\/web\/wp-json\/wp\/v2\/types\/product"}],"wp:featuredmedia":[{"embeddable":true,"href":"https:\/\/ajupe.com.uy\/web\/wp-json\/wp\/v2\/media\/1207"}],"wp:attachment":[{"href":"https:\/\/ajupe.com.uy\/web\/wp-json\/wp\/v2\/media?parent=1206"}],"wp:term":[{"taxonomy":"product_brand","embeddable":true,"href":"https:\/\/ajupe.com.uy\/web\/wp-json\/wp\/v2\/product_brand?post=1206"},{"taxonomy":"product_cat","embeddable":true,"href":"https:\/\/ajupe.com.uy\/web\/wp-json\/wp\/v2\/product_cat?post=1206"},{"taxonomy":"product_tag","embeddable":true,"href":"https:\/\/ajupe.com.uy\/web\/wp-json\/wp\/v2\/product_tag?post=1206"}],"curies":[{"name":"wp","href":"https:\/\/api.w.org\/{rel}","templated":true}]}}