{"id":1214,"date":"2010-07-14T00:00:00","date_gmt":"2010-07-14T03:00:00","guid":{"rendered":"http:\/\/ajupe.com.uy\/web\/?post_type=product&#038;p=1214"},"modified":"2010-07-14T00:00:00","modified_gmt":"2010-07-14T03:00:00","slug":"dias-de-tormenta","status":"publish","type":"product","link":"https:\/\/ajupe.com.uy\/web\/biblioteca\/dias-de-tormenta\/","title":{"rendered":"D\u00edas de tormenta"},"content":{"rendered":"<p>Instalada en Londres, donde lleva una vida ordenada y solitaria, Rebecca tiene que viajar imprevistamente para acompa\u00f1ar a su madre, la que al sentirse al borde de la muerte le revela secretos familiares que la conmueven. Con la intensa curiosidad de alguien que se traslada entonces a la mansi\u00f3n de campo de su abuelo para intentar completar el difuso cuadro familiar. Esos d\u00edas de viento y lluvia se convierten en una experiencia memorable, que determinar\u00e1 su futuro.<\/p>\n","protected":false},"excerpt":{"rendered":"<p>Instalada en Londres, donde lleva una vida ordenada y solitaria, Rebecca tiene que viajar imprevistamente para acompa\u00f1ar a su madre, la que al sentirse al borde de la muerte le revela secretos familiares que la conmueven. Con la intensa curiosidad de algu<\/p>\n","protected":false},"featured_media":1215,"template":"","meta":[],"product_brand":[51],"product_cat":[29],"product_tag":[],"class_list":{"0":"post-1214","1":"product","2":"type-product","3":"status-publish","4":"has-post-thumbnail","6":"product_brand-rosamunde-pilcher","7":"product_cat-novela","9":"first","10":"instock","11":"purchasable","12":"product-type-simple"},"featured_image_urls_v2":{"full":["https:\/\/ajupe.com.uy\/web\/wp-content\/uploads\/2016\/04\/p-1214-6166.jpg",360,584,false],"thumbnail":["https:\/\/ajupe.com.uy\/web\/wp-content\/uploads\/2016\/04\/p-1214-6166.jpg",150,150,true],"medium":["https:\/\/ajupe.com.uy\/web\/wp-content\/uploads\/2016\/04\/p-1214-6166.jpg",300,214,true],"medium_large":["https:\/\/ajupe.com.uy\/web\/wp-content\/uploads\/2016\/04\/p-1214-6166.jpg",360,584,false],"large":["https:\/\/ajupe.com.uy\/web\/wp-content\/uploads\/2016\/04\/p-1214-6166.jpg",360,584,false],"1536x1536":["https:\/\/ajupe.com.uy\/web\/wp-content\/uploads\/2016\/04\/p-1214-6166.jpg",360,584,false],"2048x2048":["https:\/\/ajupe.com.uy\/web\/wp-content\/uploads\/2016\/04\/p-1214-6166.jpg",360,584,false],"woocommerce_archive_thumbnail":["https:\/\/ajupe.com.uy\/web\/wp-content\/uploads\/2016\/04\/p-1214-6166-300x450.jpg",300,450,true],"woocommerce_thumbnail":["https:\/\/ajupe.com.uy\/web\/wp-content\/uploads\/2016\/04\/p-1214-6166-300x300.jpg",300,300,true],"woocommerce_single":["https:\/\/ajupe.com.uy\/web\/wp-content\/uploads\/2016\/04\/p-1214-6166-300x487.jpg",300,487,true],"woocommerce_gallery_thumbnail":["https:\/\/ajupe.com.uy\/web\/wp-content\/uploads\/2016\/04\/p-1214-6166-100x100.jpg",100,100,true]},"post_excerpt_stackable_v2":"<p>Instalada en Londres, donde lleva una vida ordenada y solitaria, Rebecca tiene que viajar imprevistamente para acompa\u00f1ar a su madre, la que al sentirse al borde de la muerte le revela secretos familiares que la conmueven. Con la intensa curiosidad de algu<\/p>\n","category_list_v2":"","author_info_v2":{"name":"","url":""},"comments_num_v2":"0 comentarios","_links":{"self":[{"href":"https:\/\/ajupe.com.uy\/web\/wp-json\/wp\/v2\/product\/1214","targetHints":{"allow":["GET"]}}],"collection":[{"href":"https:\/\/ajupe.com.uy\/web\/wp-json\/wp\/v2\/product"}],"about":[{"href":"https:\/\/ajupe.com.uy\/web\/wp-json\/wp\/v2\/types\/product"}],"wp:featuredmedia":[{"embeddable":true,"href":"https:\/\/ajupe.com.uy\/web\/wp-json\/wp\/v2\/media\/1215"}],"wp:attachment":[{"href":"https:\/\/ajupe.com.uy\/web\/wp-json\/wp\/v2\/media?parent=1214"}],"wp:term":[{"taxonomy":"product_brand","embeddable":true,"href":"https:\/\/ajupe.com.uy\/web\/wp-json\/wp\/v2\/product_brand?post=1214"},{"taxonomy":"product_cat","embeddable":true,"href":"https:\/\/ajupe.com.uy\/web\/wp-json\/wp\/v2\/product_cat?post=1214"},{"taxonomy":"product_tag","embeddable":true,"href":"https:\/\/ajupe.com.uy\/web\/wp-json\/wp\/v2\/product_tag?post=1214"}],"curies":[{"name":"wp","href":"https:\/\/api.w.org\/{rel}","templated":true}]}}