{"id":1216,"date":"2010-07-14T00:00:00","date_gmt":"2010-07-14T03:00:00","guid":{"rendered":"http:\/\/ajupe.com.uy\/web\/?post_type=product&#038;p=1216"},"modified":"2010-07-14T00:00:00","modified_gmt":"2010-07-14T03:00:00","slug":"el-cuarto-azul","status":"publish","type":"product","link":"https:\/\/ajupe.com.uy\/web\/biblioteca\/el-cuarto-azul\/","title":{"rendered":"El Cuarto Azul"},"content":{"rendered":"<p>El dormitorio azul, cuyas ventanas miran al jard\u00edn, era adorable. Pero ya no lo es para Emil, joven adolescente de catorce a\u00f1os. Desde la muerte de su madre, todo ha cambiado: hora es el cuarto de la madrastra. \u201cEl cuarto azul\u201d es s\u00f3lo una de las entra\u00f1ables historias que conforman este libro. En todas ellas las hero\u00ednas son mujeres comunes, que viven vidas normales aunque no exentas de conflictos y dolores. La autora despliega, una vez m\u00e1s, sus imcomparables dotes de narradora y creadora de personajes genuinos y familiares, que le han valido una legi\u00f3n de devotas lectoras en el mundo entero.<\/p>\n","protected":false},"excerpt":{"rendered":"<p>El dormitorio azul, cuyas ventanas miran al jard\u00edn, era adorable. Pero ya no lo es para Emil, joven adolescente de catorce a\u00f1os. Desde la muerte de su madre, todo ha cambiado: hora es el cuarto de la madrastra. \u201cEl cuarto azul\u201d es s\u00f3lo una de las entra\u00f1ab<\/p>\n","protected":false},"featured_media":1217,"template":"","meta":[],"product_brand":[51],"product_cat":[29],"product_tag":[],"class_list":{"0":"post-1216","1":"product","2":"type-product","3":"status-publish","4":"has-post-thumbnail","6":"product_brand-rosamunde-pilcher","7":"product_cat-novela","9":"first","10":"instock","11":"purchasable","12":"product-type-simple"},"featured_image_urls_v2":{"full":["https:\/\/ajupe.com.uy\/web\/wp-content\/uploads\/2016\/04\/p-1216-6167.jpg",362,513,false],"thumbnail":["https:\/\/ajupe.com.uy\/web\/wp-content\/uploads\/2016\/04\/p-1216-6167.jpg",150,150,true],"medium":["https:\/\/ajupe.com.uy\/web\/wp-content\/uploads\/2016\/04\/p-1216-6167.jpg",300,214,true],"medium_large":["https:\/\/ajupe.com.uy\/web\/wp-content\/uploads\/2016\/04\/p-1216-6167.jpg",362,513,false],"large":["https:\/\/ajupe.com.uy\/web\/wp-content\/uploads\/2016\/04\/p-1216-6167.jpg",362,513,false],"1536x1536":["https:\/\/ajupe.com.uy\/web\/wp-content\/uploads\/2016\/04\/p-1216-6167.jpg",362,513,false],"2048x2048":["https:\/\/ajupe.com.uy\/web\/wp-content\/uploads\/2016\/04\/p-1216-6167.jpg",362,513,false],"woocommerce_archive_thumbnail":["https:\/\/ajupe.com.uy\/web\/wp-content\/uploads\/2016\/04\/p-1216-6167-300x450.jpg",300,450,true],"woocommerce_thumbnail":["https:\/\/ajupe.com.uy\/web\/wp-content\/uploads\/2016\/04\/p-1216-6167-300x300.jpg",300,300,true],"woocommerce_single":["https:\/\/ajupe.com.uy\/web\/wp-content\/uploads\/2016\/04\/p-1216-6167-300x425.jpg",300,425,true],"woocommerce_gallery_thumbnail":["https:\/\/ajupe.com.uy\/web\/wp-content\/uploads\/2016\/04\/p-1216-6167-100x100.jpg",100,100,true]},"post_excerpt_stackable_v2":"<p>El dormitorio azul, cuyas ventanas miran al jard\u00edn, era adorable. Pero ya no lo es para Emil, joven adolescente de catorce a\u00f1os. Desde la muerte de su madre, todo ha cambiado: hora es el cuarto de la madrastra. \u201cEl cuarto azul\u201d es s\u00f3lo una de las entra\u00f1ab<\/p>\n","category_list_v2":"","author_info_v2":{"name":"","url":""},"comments_num_v2":"0 comentarios","_links":{"self":[{"href":"https:\/\/ajupe.com.uy\/web\/wp-json\/wp\/v2\/product\/1216","targetHints":{"allow":["GET"]}}],"collection":[{"href":"https:\/\/ajupe.com.uy\/web\/wp-json\/wp\/v2\/product"}],"about":[{"href":"https:\/\/ajupe.com.uy\/web\/wp-json\/wp\/v2\/types\/product"}],"wp:featuredmedia":[{"embeddable":true,"href":"https:\/\/ajupe.com.uy\/web\/wp-json\/wp\/v2\/media\/1217"}],"wp:attachment":[{"href":"https:\/\/ajupe.com.uy\/web\/wp-json\/wp\/v2\/media?parent=1216"}],"wp:term":[{"taxonomy":"product_brand","embeddable":true,"href":"https:\/\/ajupe.com.uy\/web\/wp-json\/wp\/v2\/product_brand?post=1216"},{"taxonomy":"product_cat","embeddable":true,"href":"https:\/\/ajupe.com.uy\/web\/wp-json\/wp\/v2\/product_cat?post=1216"},{"taxonomy":"product_tag","embeddable":true,"href":"https:\/\/ajupe.com.uy\/web\/wp-json\/wp\/v2\/product_tag?post=1216"}],"curies":[{"name":"wp","href":"https:\/\/api.w.org\/{rel}","templated":true}]}}