{"id":1220,"date":"2010-07-14T00:00:00","date_gmt":"2010-07-14T03:00:00","guid":{"rendered":"http:\/\/ajupe.com.uy\/web\/?post_type=product&#038;p=1220"},"modified":"2010-07-14T00:00:00","modified_gmt":"2010-07-14T03:00:00","slug":"armadale","status":"publish","type":"product","link":"https:\/\/ajupe.com.uy\/web\/biblioteca\/armadale\/","title":{"rendered":"Armadale"},"content":{"rendered":"<p>Todo empieza una noche de 1832, en un balneario alem\u00e1n, cuando llega la diligencia con un enfermo grave. Su nombre es Allan Armadale y, ya en su lecho de muerte, confiesa que muchos a\u00f1os atr\u00e1s mat\u00f3 a un hombre que llevaba su mismo apellido: un hombre que fue su amigo y luego su enemigo y cuya muerte le ha pesado y perseguido toda su vida. Ahora, en su testamento, le deja a su hijo una grave advertencia: debe mantenerse alejado del hijo del otro Armadale o una maldicil\u00f3n caer\u00e1 sobre ellos y la tragedia volver\u00e1 a repetirse. Pasan veinte a\u00f1os, sin embargo, y los dos j\u00f3venes \u2013el hijo de la v\u00edctima y el hijo del asesino- se encuentran y se hacen amigos&#8230;<\/p>\n","protected":false},"excerpt":{"rendered":"<p>Todo empieza una noche de 1832, en un balneario alem\u00e1n, cuando llega la diligencia con un enfermo grave. Su nombre es Allan Armadale y, ya en su lecho de muerte, confiesa que muchos a\u00f1os atr\u00e1s mat\u00f3 a un hombre que llevaba su mismo apellido: un hombre que <\/p>\n","protected":false},"featured_media":1221,"template":"","meta":[],"product_brand":[340],"product_cat":[30],"product_tag":[],"class_list":{"0":"post-1220","1":"product","2":"type-product","3":"status-publish","4":"has-post-thumbnail","6":"product_brand-wilkie-collins","7":"product_cat-suspenso","9":"first","10":"instock","11":"purchasable","12":"product-type-simple"},"featured_image_urls_v2":{"full":["https:\/\/ajupe.com.uy\/web\/wp-content\/uploads\/2016\/04\/p-1220-6171.jpg",360,572,false],"thumbnail":["https:\/\/ajupe.com.uy\/web\/wp-content\/uploads\/2016\/04\/p-1220-6171.jpg",150,150,true],"medium":["https:\/\/ajupe.com.uy\/web\/wp-content\/uploads\/2016\/04\/p-1220-6171.jpg",300,214,true],"medium_large":["https:\/\/ajupe.com.uy\/web\/wp-content\/uploads\/2016\/04\/p-1220-6171.jpg",360,572,false],"large":["https:\/\/ajupe.com.uy\/web\/wp-content\/uploads\/2016\/04\/p-1220-6171.jpg",360,572,false],"1536x1536":["https:\/\/ajupe.com.uy\/web\/wp-content\/uploads\/2016\/04\/p-1220-6171.jpg",360,572,false],"2048x2048":["https:\/\/ajupe.com.uy\/web\/wp-content\/uploads\/2016\/04\/p-1220-6171.jpg",360,572,false],"woocommerce_archive_thumbnail":["https:\/\/ajupe.com.uy\/web\/wp-content\/uploads\/2016\/04\/p-1220-6171-300x450.jpg",300,450,true],"woocommerce_thumbnail":["https:\/\/ajupe.com.uy\/web\/wp-content\/uploads\/2016\/04\/p-1220-6171-300x300.jpg",300,300,true],"woocommerce_single":["https:\/\/ajupe.com.uy\/web\/wp-content\/uploads\/2016\/04\/p-1220-6171-300x477.jpg",300,477,true],"woocommerce_gallery_thumbnail":["https:\/\/ajupe.com.uy\/web\/wp-content\/uploads\/2016\/04\/p-1220-6171-100x100.jpg",100,100,true]},"post_excerpt_stackable_v2":"<p>Todo empieza una noche de 1832, en un balneario alem\u00e1n, cuando llega la diligencia con un enfermo grave. Su nombre es Allan Armadale y, ya en su lecho de muerte, confiesa que muchos a\u00f1os atr\u00e1s mat\u00f3 a un hombre que llevaba su mismo apellido: un hombre que <\/p>\n","category_list_v2":"","author_info_v2":{"name":"","url":""},"comments_num_v2":"0 comentarios","_links":{"self":[{"href":"https:\/\/ajupe.com.uy\/web\/wp-json\/wp\/v2\/product\/1220","targetHints":{"allow":["GET"]}}],"collection":[{"href":"https:\/\/ajupe.com.uy\/web\/wp-json\/wp\/v2\/product"}],"about":[{"href":"https:\/\/ajupe.com.uy\/web\/wp-json\/wp\/v2\/types\/product"}],"wp:featuredmedia":[{"embeddable":true,"href":"https:\/\/ajupe.com.uy\/web\/wp-json\/wp\/v2\/media\/1221"}],"wp:attachment":[{"href":"https:\/\/ajupe.com.uy\/web\/wp-json\/wp\/v2\/media?parent=1220"}],"wp:term":[{"taxonomy":"product_brand","embeddable":true,"href":"https:\/\/ajupe.com.uy\/web\/wp-json\/wp\/v2\/product_brand?post=1220"},{"taxonomy":"product_cat","embeddable":true,"href":"https:\/\/ajupe.com.uy\/web\/wp-json\/wp\/v2\/product_cat?post=1220"},{"taxonomy":"product_tag","embeddable":true,"href":"https:\/\/ajupe.com.uy\/web\/wp-json\/wp\/v2\/product_tag?post=1220"}],"curies":[{"name":"wp","href":"https:\/\/api.w.org\/{rel}","templated":true}]}}