{"id":1222,"date":"2010-07-14T00:00:00","date_gmt":"2010-07-14T03:00:00","guid":{"rendered":"http:\/\/ajupe.com.uy\/web\/?post_type=product&#038;p=1222"},"modified":"2011-09-16T19:42:23","modified_gmt":"2011-09-16T22:42:23","slug":"arrancame-la-vida","status":"publish","type":"product","link":"https:\/\/ajupe.com.uy\/web\/biblioteca\/arrancame-la-vida\/","title":{"rendered":"Arr\u00e1ncame la vida"},"content":{"rendered":"<p>Cuando Catalina conoce al general Andr\u00e9s Ascensio, todav\u00eda es una muchacha que lo ignora todo en la vida. \u00c9l, en cambio, es candidato a Gobernador del Estado de Puebla, sabe muy bien cu\u00e1les son sus objetivos de cacique. A las pocas semanas se casan. Pero Catalina, mujer apasionada e imaginativa, descubre muy pronto que no puede aceptar el modo de vida que le impone la nueva situaci\u00f3n y no acepta vivir sin amor. Luego ocurre lo inevitable y Catalina vuelve a amar y ante ello quiz\u00e1 no lo quede otra alternativa que reclamar, como la canci\u00f3n popular que da t\u00edtulo a la novela: Arr\u00e1ncame la vida.<\/p>\n","protected":false},"excerpt":{"rendered":"<p>Cuando Catalina conoce al general Andr\u00e9s Ascensio, todav\u00eda es una muchacha que lo ignora todo en la vida. \u00c9l, en cambio, es candidato a Gobernador del Estado de Puebla, sabe muy bien cu\u00e1les son sus objetivos de cacique. A las pocas semanas se casan. Pero<\/p>\n","protected":false},"featured_media":1223,"template":"","meta":[],"product_brand":[179],"product_cat":[29],"product_tag":[],"class_list":{"0":"post-1222","1":"product","2":"type-product","3":"status-publish","4":"has-post-thumbnail","6":"product_brand-ngeles-mastretta","7":"product_cat-novela","9":"first","10":"instock","11":"purchasable","12":"product-type-simple"},"featured_image_urls_v2":{"full":["https:\/\/ajupe.com.uy\/web\/wp-content\/uploads\/2016\/04\/p-1222-6172.jpg",361,579,false],"thumbnail":["https:\/\/ajupe.com.uy\/web\/wp-content\/uploads\/2016\/04\/p-1222-6172.jpg",150,150,true],"medium":["https:\/\/ajupe.com.uy\/web\/wp-content\/uploads\/2016\/04\/p-1222-6172.jpg",300,214,true],"medium_large":["https:\/\/ajupe.com.uy\/web\/wp-content\/uploads\/2016\/04\/p-1222-6172.jpg",361,579,false],"large":["https:\/\/ajupe.com.uy\/web\/wp-content\/uploads\/2016\/04\/p-1222-6172.jpg",361,579,false],"1536x1536":["https:\/\/ajupe.com.uy\/web\/wp-content\/uploads\/2016\/04\/p-1222-6172.jpg",361,579,false],"2048x2048":["https:\/\/ajupe.com.uy\/web\/wp-content\/uploads\/2016\/04\/p-1222-6172.jpg",361,579,false],"woocommerce_archive_thumbnail":["https:\/\/ajupe.com.uy\/web\/wp-content\/uploads\/2016\/04\/p-1222-6172-300x450.jpg",300,450,true],"woocommerce_thumbnail":["https:\/\/ajupe.com.uy\/web\/wp-content\/uploads\/2016\/04\/p-1222-6172-300x300.jpg",300,300,true],"woocommerce_single":["https:\/\/ajupe.com.uy\/web\/wp-content\/uploads\/2016\/04\/p-1222-6172-300x481.jpg",300,481,true],"woocommerce_gallery_thumbnail":["https:\/\/ajupe.com.uy\/web\/wp-content\/uploads\/2016\/04\/p-1222-6172-100x100.jpg",100,100,true]},"post_excerpt_stackable_v2":"<p>Cuando Catalina conoce al general Andr\u00e9s Ascensio, todav\u00eda es una muchacha que lo ignora todo en la vida. \u00c9l, en cambio, es candidato a Gobernador del Estado de Puebla, sabe muy bien cu\u00e1les son sus objetivos de cacique. A las pocas semanas se casan. Pero<\/p>\n","category_list_v2":"","author_info_v2":{"name":"","url":""},"comments_num_v2":"0 comentarios","_links":{"self":[{"href":"https:\/\/ajupe.com.uy\/web\/wp-json\/wp\/v2\/product\/1222","targetHints":{"allow":["GET"]}}],"collection":[{"href":"https:\/\/ajupe.com.uy\/web\/wp-json\/wp\/v2\/product"}],"about":[{"href":"https:\/\/ajupe.com.uy\/web\/wp-json\/wp\/v2\/types\/product"}],"wp:featuredmedia":[{"embeddable":true,"href":"https:\/\/ajupe.com.uy\/web\/wp-json\/wp\/v2\/media\/1223"}],"wp:attachment":[{"href":"https:\/\/ajupe.com.uy\/web\/wp-json\/wp\/v2\/media?parent=1222"}],"wp:term":[{"taxonomy":"product_brand","embeddable":true,"href":"https:\/\/ajupe.com.uy\/web\/wp-json\/wp\/v2\/product_brand?post=1222"},{"taxonomy":"product_cat","embeddable":true,"href":"https:\/\/ajupe.com.uy\/web\/wp-json\/wp\/v2\/product_cat?post=1222"},{"taxonomy":"product_tag","embeddable":true,"href":"https:\/\/ajupe.com.uy\/web\/wp-json\/wp\/v2\/product_tag?post=1222"}],"curies":[{"name":"wp","href":"https:\/\/api.w.org\/{rel}","templated":true}]}}