{"id":1228,"date":"2010-07-14T00:00:00","date_gmt":"2010-07-14T03:00:00","guid":{"rendered":"http:\/\/ajupe.com.uy\/web\/?post_type=product&#038;p=1228"},"modified":"2010-07-14T00:00:00","modified_gmt":"2010-07-14T03:00:00","slug":"cuentos-completos-vol-1","status":"publish","type":"product","link":"https:\/\/ajupe.com.uy\/web\/biblioteca\/cuentos-completos-vol-1\/","title":{"rendered":"Cuentos Completos Vol.1"},"content":{"rendered":"<p>\u201cEn los libros de Cort\u00e1zar juega el autor, juega el narrador, juegan los personajes y juega el lector, obligado a ello por las endiabladas trampas que lo acechan a la vuelta de la p\u00e1gina menos pensada\u201d (Mario Vargas Llosa) Siempre hay que leer a Cort\u00e1zar. Sus cuentos son la pintura genial del sue\u00f1o de seres improbables, llenos de ternura, ausentes, m\u00e1gicos. Entre otros, los cuentos que est\u00e1n son: Bruja, Mudanza, Distante espejo, El hijo del vampiro, las manos que crecen.<\/p>\n","protected":false},"excerpt":{"rendered":"<p>\u201cEn los libros de Cort\u00e1zar juega el autor, juega el narrador, juegan los personajes y juega el lector, obligado a ello por las endiabladas trampas que lo acechan a la vuelta de la p\u00e1gina menos pensada\u201d (Mario Vargas Llosa) Siempre hay que leer a Cort\u00e1zar.<\/p>\n","protected":false},"featured_media":1229,"template":"","meta":[],"product_brand":[343],"product_cat":[33],"product_tag":[],"class_list":{"0":"post-1228","1":"product","2":"type-product","3":"status-publish","4":"has-post-thumbnail","6":"product_brand-julio-cortazar","7":"product_cat-cuentos","9":"first","10":"instock","11":"purchasable","12":"product-type-simple"},"featured_image_urls_v2":{"full":["https:\/\/ajupe.com.uy\/web\/wp-content\/uploads\/2016\/04\/p-1228-6607.jpg",362,566,false],"thumbnail":["https:\/\/ajupe.com.uy\/web\/wp-content\/uploads\/2016\/04\/p-1228-6607.jpg",150,150,true],"medium":["https:\/\/ajupe.com.uy\/web\/wp-content\/uploads\/2016\/04\/p-1228-6607.jpg",300,214,true],"medium_large":["https:\/\/ajupe.com.uy\/web\/wp-content\/uploads\/2016\/04\/p-1228-6607.jpg",362,566,false],"large":["https:\/\/ajupe.com.uy\/web\/wp-content\/uploads\/2016\/04\/p-1228-6607.jpg",362,566,false],"1536x1536":["https:\/\/ajupe.com.uy\/web\/wp-content\/uploads\/2016\/04\/p-1228-6607.jpg",362,566,false],"2048x2048":["https:\/\/ajupe.com.uy\/web\/wp-content\/uploads\/2016\/04\/p-1228-6607.jpg",362,566,false],"woocommerce_archive_thumbnail":["https:\/\/ajupe.com.uy\/web\/wp-content\/uploads\/2016\/04\/p-1228-6607-300x450.jpg",300,450,true],"woocommerce_thumbnail":["https:\/\/ajupe.com.uy\/web\/wp-content\/uploads\/2016\/04\/p-1228-6607-300x300.jpg",300,300,true],"woocommerce_single":["https:\/\/ajupe.com.uy\/web\/wp-content\/uploads\/2016\/04\/p-1228-6607-300x469.jpg",300,469,true],"woocommerce_gallery_thumbnail":["https:\/\/ajupe.com.uy\/web\/wp-content\/uploads\/2016\/04\/p-1228-6607-100x100.jpg",100,100,true]},"post_excerpt_stackable_v2":"<p>\u201cEn los libros de Cort\u00e1zar juega el autor, juega el narrador, juegan los personajes y juega el lector, obligado a ello por las endiabladas trampas que lo acechan a la vuelta de la p\u00e1gina menos pensada\u201d (Mario Vargas Llosa) Siempre hay que leer a Cort\u00e1zar.<\/p>\n","category_list_v2":"","author_info_v2":{"name":"","url":""},"comments_num_v2":"0 comentarios","_links":{"self":[{"href":"https:\/\/ajupe.com.uy\/web\/wp-json\/wp\/v2\/product\/1228","targetHints":{"allow":["GET"]}}],"collection":[{"href":"https:\/\/ajupe.com.uy\/web\/wp-json\/wp\/v2\/product"}],"about":[{"href":"https:\/\/ajupe.com.uy\/web\/wp-json\/wp\/v2\/types\/product"}],"wp:featuredmedia":[{"embeddable":true,"href":"https:\/\/ajupe.com.uy\/web\/wp-json\/wp\/v2\/media\/1229"}],"wp:attachment":[{"href":"https:\/\/ajupe.com.uy\/web\/wp-json\/wp\/v2\/media?parent=1228"}],"wp:term":[{"taxonomy":"product_brand","embeddable":true,"href":"https:\/\/ajupe.com.uy\/web\/wp-json\/wp\/v2\/product_brand?post=1228"},{"taxonomy":"product_cat","embeddable":true,"href":"https:\/\/ajupe.com.uy\/web\/wp-json\/wp\/v2\/product_cat?post=1228"},{"taxonomy":"product_tag","embeddable":true,"href":"https:\/\/ajupe.com.uy\/web\/wp-json\/wp\/v2\/product_tag?post=1228"}],"curies":[{"name":"wp","href":"https:\/\/api.w.org\/{rel}","templated":true}]}}