{"id":1232,"date":"2010-07-14T00:00:00","date_gmt":"2010-07-14T03:00:00","guid":{"rendered":"http:\/\/ajupe.com.uy\/web\/?post_type=product&#038;p=1232"},"modified":"2011-09-07T13:12:57","modified_gmt":"2011-09-07T16:12:57","slug":"cien-anos-de-soledad","status":"publish","type":"product","link":"https:\/\/ajupe.com.uy\/web\/biblioteca\/cien-anos-de-soledad\/","title":{"rendered":"Cien a\u00f1os de soledad"},"content":{"rendered":"<p>\u201cMuchos a\u00f1os despu\u00e9s, frente al pelot\u00f3n de fusilamiento, el coronel Aurelio Buend\u00eda hab\u00eda de recordar aquella tarde remota en que su padre lo llev\u00f3 a conocer el hielo.\u201d Con estas palabras empieza una novela ya legendaria en los anales de la literatura universal, una de las aventuras literarias m\u00e1s fascinantes del siglo XX. Millones ejemplares de este libro le\u00eddos en todas las lenguas y el premio Nobel de literatura coronando una obra que se hab\u00eda abierto paso \u201cboca a boca\u201d son la m\u00e1s palpable demostraci\u00f3n de que la aventura fabulosa de la familia Buend\u00eda-Iguar\u00e1n, con sus milagros, fantas\u00edas, obsesiones, tragedias, incestos, adulterios, rebeld\u00edas, descubrimientos y condenas, representan al mismo tiempo mito y la historia, la tragedia y el amor del mundo entero.<\/p>\n","protected":false},"excerpt":{"rendered":"<p>\u201cMuchos a\u00f1os despu\u00e9s, frente al pelot\u00f3n de fusilamiento, el coronel Aurelio Buend\u00eda hab\u00eda de recordar aquella tarde remota en que su padre lo llev\u00f3 a conocer el hielo.\u201d Con estas palabras empieza una novela ya legendaria en los anales de la literatura uni<\/p>\n","protected":false},"featured_media":1233,"template":"","meta":[],"product_brand":[168],"product_cat":[29],"product_tag":[],"class_list":{"0":"post-1232","1":"product","2":"type-product","3":"status-publish","4":"has-post-thumbnail","6":"product_brand-gabriel-garcia-marquez","7":"product_cat-novela","9":"first","10":"instock","11":"purchasable","12":"product-type-simple"},"featured_image_urls_v2":{"full":["https:\/\/ajupe.com.uy\/web\/wp-content\/uploads\/2016\/04\/p-1232-6609.jpg",359,544,false],"thumbnail":["https:\/\/ajupe.com.uy\/web\/wp-content\/uploads\/2016\/04\/p-1232-6609.jpg",150,150,true],"medium":["https:\/\/ajupe.com.uy\/web\/wp-content\/uploads\/2016\/04\/p-1232-6609.jpg",300,214,true],"medium_large":["https:\/\/ajupe.com.uy\/web\/wp-content\/uploads\/2016\/04\/p-1232-6609.jpg",359,544,false],"large":["https:\/\/ajupe.com.uy\/web\/wp-content\/uploads\/2016\/04\/p-1232-6609.jpg",359,544,false],"1536x1536":["https:\/\/ajupe.com.uy\/web\/wp-content\/uploads\/2016\/04\/p-1232-6609.jpg",359,544,false],"2048x2048":["https:\/\/ajupe.com.uy\/web\/wp-content\/uploads\/2016\/04\/p-1232-6609.jpg",359,544,false],"woocommerce_archive_thumbnail":["https:\/\/ajupe.com.uy\/web\/wp-content\/uploads\/2016\/04\/p-1232-6609-300x450.jpg",300,450,true],"woocommerce_thumbnail":["https:\/\/ajupe.com.uy\/web\/wp-content\/uploads\/2016\/04\/p-1232-6609-300x300.jpg",300,300,true],"woocommerce_single":["https:\/\/ajupe.com.uy\/web\/wp-content\/uploads\/2016\/04\/p-1232-6609-300x455.jpg",300,455,true],"woocommerce_gallery_thumbnail":["https:\/\/ajupe.com.uy\/web\/wp-content\/uploads\/2016\/04\/p-1232-6609-100x100.jpg",100,100,true]},"post_excerpt_stackable_v2":"<p>\u201cMuchos a\u00f1os despu\u00e9s, frente al pelot\u00f3n de fusilamiento, el coronel Aurelio Buend\u00eda hab\u00eda de recordar aquella tarde remota en que su padre lo llev\u00f3 a conocer el hielo.\u201d Con estas palabras empieza una novela ya legendaria en los anales de la literatura uni<\/p>\n","category_list_v2":"","author_info_v2":{"name":"","url":""},"comments_num_v2":"0 comentarios","_links":{"self":[{"href":"https:\/\/ajupe.com.uy\/web\/wp-json\/wp\/v2\/product\/1232","targetHints":{"allow":["GET"]}}],"collection":[{"href":"https:\/\/ajupe.com.uy\/web\/wp-json\/wp\/v2\/product"}],"about":[{"href":"https:\/\/ajupe.com.uy\/web\/wp-json\/wp\/v2\/types\/product"}],"wp:featuredmedia":[{"embeddable":true,"href":"https:\/\/ajupe.com.uy\/web\/wp-json\/wp\/v2\/media\/1233"}],"wp:attachment":[{"href":"https:\/\/ajupe.com.uy\/web\/wp-json\/wp\/v2\/media?parent=1232"}],"wp:term":[{"taxonomy":"product_brand","embeddable":true,"href":"https:\/\/ajupe.com.uy\/web\/wp-json\/wp\/v2\/product_brand?post=1232"},{"taxonomy":"product_cat","embeddable":true,"href":"https:\/\/ajupe.com.uy\/web\/wp-json\/wp\/v2\/product_cat?post=1232"},{"taxonomy":"product_tag","embeddable":true,"href":"https:\/\/ajupe.com.uy\/web\/wp-json\/wp\/v2\/product_tag?post=1232"}],"curies":[{"name":"wp","href":"https:\/\/api.w.org\/{rel}","templated":true}]}}