{"id":1242,"date":"2010-07-14T00:00:00","date_gmt":"2010-07-14T03:00:00","guid":{"rendered":"http:\/\/ajupe.com.uy\/web\/?post_type=product&#038;p=1242"},"modified":"2011-08-26T18:39:13","modified_gmt":"2011-08-26T21:39:13","slug":"el-gran-fraude-de-los-peirano","status":"publish","type":"product","link":"https:\/\/ajupe.com.uy\/web\/biblioteca\/el-gran-fraude-de-los-peirano\/","title":{"rendered":"El gran fraude de los Peirano"},"content":{"rendered":"<p>Este libro descubre y ordena la voluminosa informaci\u00f3n sobre la ingenier\u00eda econ\u00f3mica-financiera de 120 empresas de los Peirano y responde entre muchas, algunas de las preguntas que hasta ahora no han tenido respuesta: \u00bfPorqu\u00e9 se derrumb\u00f3 el \u201cimperio mercosuriano\u201d de los Peirano? \u00bfQu\u00e9 hizo y qu\u00e9 no hizo el Banco Central del Uruguay? \u00bfPodr\u00e1n recuperar sus ahorros los miles de damnificados? \u00bfC\u00f3mo? \u00bfEst\u00e1n, los Peirano, en la \u201cindigencia\u201d o a\u00fan tienen cientos de millones de d\u00f3lares ajenos?<\/p>\n","protected":false},"excerpt":{"rendered":"<p>Este libro descubre y ordena la voluminosa informaci\u00f3n sobre la ingenier\u00eda econ\u00f3mica-financiera de 120 empresas de los Peirano y responde entre muchas, algunas de las preguntas que hasta ahora no han tenido respuesta: \u00bfPorqu\u00e9 se derrumb\u00f3 el \u201cimperio merco<\/p>\n","protected":false},"featured_media":1243,"template":"","meta":[],"product_brand":[346],"product_cat":[45,39],"product_tag":[],"class_list":{"0":"post-1242","1":"product","2":"type-product","3":"status-publish","4":"has-post-thumbnail","6":"product_brand-julio-kneit","7":"product_cat-uruguayo","8":"product_cat-veridico","10":"first","11":"instock","12":"purchasable","13":"product-type-simple"},"featured_image_urls_v2":{"full":["https:\/\/ajupe.com.uy\/web\/wp-content\/uploads\/2016\/04\/p-1242-6614.jpg",362,503,false],"thumbnail":["https:\/\/ajupe.com.uy\/web\/wp-content\/uploads\/2016\/04\/p-1242-6614.jpg",150,150,true],"medium":["https:\/\/ajupe.com.uy\/web\/wp-content\/uploads\/2016\/04\/p-1242-6614.jpg",300,214,true],"medium_large":["https:\/\/ajupe.com.uy\/web\/wp-content\/uploads\/2016\/04\/p-1242-6614.jpg",362,503,false],"large":["https:\/\/ajupe.com.uy\/web\/wp-content\/uploads\/2016\/04\/p-1242-6614.jpg",362,503,false],"1536x1536":["https:\/\/ajupe.com.uy\/web\/wp-content\/uploads\/2016\/04\/p-1242-6614.jpg",362,503,false],"2048x2048":["https:\/\/ajupe.com.uy\/web\/wp-content\/uploads\/2016\/04\/p-1242-6614.jpg",362,503,false],"woocommerce_archive_thumbnail":["https:\/\/ajupe.com.uy\/web\/wp-content\/uploads\/2016\/04\/p-1242-6614-300x450.jpg",300,450,true],"woocommerce_thumbnail":["https:\/\/ajupe.com.uy\/web\/wp-content\/uploads\/2016\/04\/p-1242-6614-300x300.jpg",300,300,true],"woocommerce_single":["https:\/\/ajupe.com.uy\/web\/wp-content\/uploads\/2016\/04\/p-1242-6614-300x417.jpg",300,417,true],"woocommerce_gallery_thumbnail":["https:\/\/ajupe.com.uy\/web\/wp-content\/uploads\/2016\/04\/p-1242-6614-100x100.jpg",100,100,true]},"post_excerpt_stackable_v2":"<p>Este libro descubre y ordena la voluminosa informaci\u00f3n sobre la ingenier\u00eda econ\u00f3mica-financiera de 120 empresas de los Peirano y responde entre muchas, algunas de las preguntas que hasta ahora no han tenido respuesta: \u00bfPorqu\u00e9 se derrumb\u00f3 el \u201cimperio merco<\/p>\n","category_list_v2":"","author_info_v2":{"name":"","url":""},"comments_num_v2":"0 comentarios","_links":{"self":[{"href":"https:\/\/ajupe.com.uy\/web\/wp-json\/wp\/v2\/product\/1242","targetHints":{"allow":["GET"]}}],"collection":[{"href":"https:\/\/ajupe.com.uy\/web\/wp-json\/wp\/v2\/product"}],"about":[{"href":"https:\/\/ajupe.com.uy\/web\/wp-json\/wp\/v2\/types\/product"}],"wp:featuredmedia":[{"embeddable":true,"href":"https:\/\/ajupe.com.uy\/web\/wp-json\/wp\/v2\/media\/1243"}],"wp:attachment":[{"href":"https:\/\/ajupe.com.uy\/web\/wp-json\/wp\/v2\/media?parent=1242"}],"wp:term":[{"taxonomy":"product_brand","embeddable":true,"href":"https:\/\/ajupe.com.uy\/web\/wp-json\/wp\/v2\/product_brand?post=1242"},{"taxonomy":"product_cat","embeddable":true,"href":"https:\/\/ajupe.com.uy\/web\/wp-json\/wp\/v2\/product_cat?post=1242"},{"taxonomy":"product_tag","embeddable":true,"href":"https:\/\/ajupe.com.uy\/web\/wp-json\/wp\/v2\/product_tag?post=1242"}],"curies":[{"name":"wp","href":"https:\/\/api.w.org\/{rel}","templated":true}]}}