{"id":1248,"date":"2010-07-14T00:00:00","date_gmt":"2010-07-14T03:00:00","guid":{"rendered":"http:\/\/ajupe.com.uy\/web\/?post_type=product&#038;p=1248"},"modified":"2011-08-26T20:56:35","modified_gmt":"2011-08-26T23:56:35","slug":"montevideo-la-malbienquerida","status":"publish","type":"product","link":"https:\/\/ajupe.com.uy\/web\/biblioteca\/montevideo-la-malbienquerida\/","title":{"rendered":"Montevideo, la malbienquerida"},"content":{"rendered":"<p>Hay dos t\u00e9rminos que hacen posible el relato hist\u00f3rico y que lo determinan: memoria y olvido. Toda historia de la ciudad conlleva la voluntad de recordar o magnificar algunas cosas y la de olvidar o minimizar otras. Historiadores y cronistas, viajeros y cientistas sociales han contemplado las dimensiones de lo real y lo simb\u00f3lico en Montevideo, ciudad-capital que condensa al pa\u00eds y la identidad nacional. En el libro, la autora repasa y examina la producci\u00f3n de quienes han escrito desde esa perspectiva sobre la ciudad para hacerla emerger a veces como simp\u00e1tica aldea, otras como tacita de plata o tambi\u00e9n como circo posmoderno. As\u00ed pone en evidencia como la ciudad se transforma en un centro que permite un corte en la historia.<\/p>\n","protected":false},"excerpt":{"rendered":"<p>Hay dos t\u00e9rminos que hacen posible el relato hist\u00f3rico y que lo determinan: memoria y olvido. Toda historia de la ciudad conlleva la voluntad de recordar o magnificar algunas cosas y la de olvidar o minimizar otras. Historiadores y cronistas, viajeros y c<\/p>\n","protected":false},"featured_media":1249,"template":"","meta":[],"product_brand":[349],"product_cat":[31,45],"product_tag":[],"class_list":{"0":"post-1248","1":"product","2":"type-product","3":"status-publish","4":"has-post-thumbnail","6":"product_brand-ana-ribeiro","7":"product_cat-historico","8":"product_cat-uruguayo","10":"first","11":"instock","12":"purchasable","13":"product-type-simple"},"featured_image_urls_v2":{"full":["https:\/\/ajupe.com.uy\/web\/wp-content\/uploads\/2016\/04\/p-1248-6617.jpg",361,513,false],"thumbnail":["https:\/\/ajupe.com.uy\/web\/wp-content\/uploads\/2016\/04\/p-1248-6617.jpg",150,150,true],"medium":["https:\/\/ajupe.com.uy\/web\/wp-content\/uploads\/2016\/04\/p-1248-6617.jpg",300,214,true],"medium_large":["https:\/\/ajupe.com.uy\/web\/wp-content\/uploads\/2016\/04\/p-1248-6617.jpg",361,513,false],"large":["https:\/\/ajupe.com.uy\/web\/wp-content\/uploads\/2016\/04\/p-1248-6617.jpg",361,513,false],"1536x1536":["https:\/\/ajupe.com.uy\/web\/wp-content\/uploads\/2016\/04\/p-1248-6617.jpg",361,513,false],"2048x2048":["https:\/\/ajupe.com.uy\/web\/wp-content\/uploads\/2016\/04\/p-1248-6617.jpg",361,513,false],"woocommerce_archive_thumbnail":["https:\/\/ajupe.com.uy\/web\/wp-content\/uploads\/2016\/04\/p-1248-6617-300x450.jpg",300,450,true],"woocommerce_thumbnail":["https:\/\/ajupe.com.uy\/web\/wp-content\/uploads\/2016\/04\/p-1248-6617-300x300.jpg",300,300,true],"woocommerce_single":["https:\/\/ajupe.com.uy\/web\/wp-content\/uploads\/2016\/04\/p-1248-6617-300x426.jpg",300,426,true],"woocommerce_gallery_thumbnail":["https:\/\/ajupe.com.uy\/web\/wp-content\/uploads\/2016\/04\/p-1248-6617-100x100.jpg",100,100,true]},"post_excerpt_stackable_v2":"<p>Hay dos t\u00e9rminos que hacen posible el relato hist\u00f3rico y que lo determinan: memoria y olvido. Toda historia de la ciudad conlleva la voluntad de recordar o magnificar algunas cosas y la de olvidar o minimizar otras. Historiadores y cronistas, viajeros y c<\/p>\n","category_list_v2":"","author_info_v2":{"name":"","url":""},"comments_num_v2":"0 comentarios","_links":{"self":[{"href":"https:\/\/ajupe.com.uy\/web\/wp-json\/wp\/v2\/product\/1248","targetHints":{"allow":["GET"]}}],"collection":[{"href":"https:\/\/ajupe.com.uy\/web\/wp-json\/wp\/v2\/product"}],"about":[{"href":"https:\/\/ajupe.com.uy\/web\/wp-json\/wp\/v2\/types\/product"}],"wp:featuredmedia":[{"embeddable":true,"href":"https:\/\/ajupe.com.uy\/web\/wp-json\/wp\/v2\/media\/1249"}],"wp:attachment":[{"href":"https:\/\/ajupe.com.uy\/web\/wp-json\/wp\/v2\/media?parent=1248"}],"wp:term":[{"taxonomy":"product_brand","embeddable":true,"href":"https:\/\/ajupe.com.uy\/web\/wp-json\/wp\/v2\/product_brand?post=1248"},{"taxonomy":"product_cat","embeddable":true,"href":"https:\/\/ajupe.com.uy\/web\/wp-json\/wp\/v2\/product_cat?post=1248"},{"taxonomy":"product_tag","embeddable":true,"href":"https:\/\/ajupe.com.uy\/web\/wp-json\/wp\/v2\/product_tag?post=1248"}],"curies":[{"name":"wp","href":"https:\/\/api.w.org\/{rel}","templated":true}]}}