{"id":1254,"date":"2010-07-14T00:00:00","date_gmt":"2010-07-14T03:00:00","guid":{"rendered":"http:\/\/ajupe.com.uy\/web\/?post_type=product&#038;p=1254"},"modified":"2012-04-27T21:30:13","modified_gmt":"2012-04-28T00:30:13","slug":"matilde-la-mujer-de-batlle","status":"publish","type":"product","link":"https:\/\/ajupe.com.uy\/web\/biblioteca\/matilde-la-mujer-de-batlle\/","title":{"rendered":"Matilde, la mujer de Batlle"},"content":{"rendered":"<p>Matilde Pacheco de Batlle y Ord\u00f3\u00f1ez, nacida en la Argentina, pasar\u00e1 sus a\u00f1os de infancia en la estancia entrerriana de Justo Jos\u00e9 de Urquiza, se casar\u00e1 sin mucha convicci\u00f3n y vivir\u00e1 los sinsabores del abandono, padecer\u00e1 el profundo dolor que ocasiona la muerte de los hijos y desafiar\u00e1 a todos cuantos la acusen de libertina e inmoral. Matilde llegar\u00e1 a la Casa de Gobierno en Montevideo acompa\u00f1ando a un hombre que dej\u00f3 su impronta en la historia nacional: al lado de \u201cDon Pepe Batlle\u201d hizo de su vida privada y de la vida p\u00fablica uruguaya una \u00e9pica digna de conocer.<\/p>\n","protected":false},"excerpt":{"rendered":"<p>Matilde Pacheco de Batlle y Ord\u00f3\u00f1ez, nacida en la Argentina, pasar\u00e1 sus a\u00f1os de infancia en la estancia entrerriana de Justo Jos\u00e9 de Urquiza, se casar\u00e1 sin mucha convicci\u00f3n y vivir\u00e1 los sinsabores del abandono, padecer\u00e1 el profundo dolor que ocasiona la m<\/p>\n","protected":false},"featured_media":1255,"template":"","meta":[],"product_brand":[292],"product_cat":[44,45],"product_tag":[],"class_list":{"0":"post-1254","1":"product","2":"type-product","3":"status-publish","4":"has-post-thumbnail","6":"product_brand-mercedes-vigil","7":"product_cat-biografico","8":"product_cat-uruguayo","10":"first","11":"instock","12":"purchasable","13":"product-type-simple"},"featured_image_urls_v2":{"full":["https:\/\/ajupe.com.uy\/web\/wp-content\/uploads\/2016\/04\/p-1254-6620.jpg",362,566,false],"thumbnail":["https:\/\/ajupe.com.uy\/web\/wp-content\/uploads\/2016\/04\/p-1254-6620.jpg",150,150,true],"medium":["https:\/\/ajupe.com.uy\/web\/wp-content\/uploads\/2016\/04\/p-1254-6620.jpg",300,214,true],"medium_large":["https:\/\/ajupe.com.uy\/web\/wp-content\/uploads\/2016\/04\/p-1254-6620.jpg",362,566,false],"large":["https:\/\/ajupe.com.uy\/web\/wp-content\/uploads\/2016\/04\/p-1254-6620.jpg",362,566,false],"1536x1536":["https:\/\/ajupe.com.uy\/web\/wp-content\/uploads\/2016\/04\/p-1254-6620.jpg",362,566,false],"2048x2048":["https:\/\/ajupe.com.uy\/web\/wp-content\/uploads\/2016\/04\/p-1254-6620.jpg",362,566,false],"woocommerce_archive_thumbnail":["https:\/\/ajupe.com.uy\/web\/wp-content\/uploads\/2016\/04\/p-1254-6620-300x450.jpg",300,450,true],"woocommerce_thumbnail":["https:\/\/ajupe.com.uy\/web\/wp-content\/uploads\/2016\/04\/p-1254-6620-300x300.jpg",300,300,true],"woocommerce_single":["https:\/\/ajupe.com.uy\/web\/wp-content\/uploads\/2016\/04\/p-1254-6620-300x469.jpg",300,469,true],"woocommerce_gallery_thumbnail":["https:\/\/ajupe.com.uy\/web\/wp-content\/uploads\/2016\/04\/p-1254-6620-100x100.jpg",100,100,true]},"post_excerpt_stackable_v2":"<p>Matilde Pacheco de Batlle y Ord\u00f3\u00f1ez, nacida en la Argentina, pasar\u00e1 sus a\u00f1os de infancia en la estancia entrerriana de Justo Jos\u00e9 de Urquiza, se casar\u00e1 sin mucha convicci\u00f3n y vivir\u00e1 los sinsabores del abandono, padecer\u00e1 el profundo dolor que ocasiona la m<\/p>\n","category_list_v2":"","author_info_v2":{"name":"","url":""},"comments_num_v2":"0 comentarios","_links":{"self":[{"href":"https:\/\/ajupe.com.uy\/web\/wp-json\/wp\/v2\/product\/1254","targetHints":{"allow":["GET"]}}],"collection":[{"href":"https:\/\/ajupe.com.uy\/web\/wp-json\/wp\/v2\/product"}],"about":[{"href":"https:\/\/ajupe.com.uy\/web\/wp-json\/wp\/v2\/types\/product"}],"wp:featuredmedia":[{"embeddable":true,"href":"https:\/\/ajupe.com.uy\/web\/wp-json\/wp\/v2\/media\/1255"}],"wp:attachment":[{"href":"https:\/\/ajupe.com.uy\/web\/wp-json\/wp\/v2\/media?parent=1254"}],"wp:term":[{"taxonomy":"product_brand","embeddable":true,"href":"https:\/\/ajupe.com.uy\/web\/wp-json\/wp\/v2\/product_brand?post=1254"},{"taxonomy":"product_cat","embeddable":true,"href":"https:\/\/ajupe.com.uy\/web\/wp-json\/wp\/v2\/product_cat?post=1254"},{"taxonomy":"product_tag","embeddable":true,"href":"https:\/\/ajupe.com.uy\/web\/wp-json\/wp\/v2\/product_tag?post=1254"}],"curies":[{"name":"wp","href":"https:\/\/api.w.org\/{rel}","templated":true}]}}