{"id":1260,"date":"2010-07-14T00:00:00","date_gmt":"2010-07-14T03:00:00","guid":{"rendered":"http:\/\/ajupe.com.uy\/web\/?post_type=product&#038;p=1260"},"modified":"2010-07-14T00:00:00","modified_gmt":"2010-07-14T03:00:00","slug":"ashanti-ebano","status":"publish","type":"product","link":"https:\/\/ajupe.com.uy\/web\/biblioteca\/ashanti-ebano\/","title":{"rendered":"Ashanti (Ebano)"},"content":{"rendered":"<p>Esta novela, que pretende ser un homenaje a los miembros del extinto \u201cEscuadr\u00f3n Blanco\u201d, est\u00e1 basada en datos aut\u00e9nticos, dados a conocer por miembros de la \u201cComisi\u00f3n de la Naciones Unidas para la Abolici\u00f3n de la Esclavitud\u201d y \u201cLa Sociedad Antiesclavista de Londres\u201d, e investigaciones llevadas a cabo por el propia autor en Africa Central. \u201cA\u00fan faltaba una hora para el amanecer y ya estaban de pie y en marcha, atravesando el esposo bosque tropical. Llov\u00eda en lo alto, sobre las copas de los \u00e1rboles gigantes, pero de la lluvia no llegaba m\u00e1s que el rumor, porque el agua tardar\u00eda en atravesar el espeso techo de hojas y ramas. (&#8230;)\u201d<\/p>\n","protected":false},"excerpt":{"rendered":"<p>Esta novela, que pretende ser un homenaje a los miembros del extinto \u201cEscuadr\u00f3n Blanco\u201d, est\u00e1 basada en datos aut\u00e9nticos, dados a conocer por miembros de la \u201cComisi\u00f3n de la Naciones Unidas para la Abolici\u00f3n de la Esclavitud\u201d y \u201cLa Sociedad Antiesclavista <\/p>\n","protected":false},"featured_media":1261,"template":"","meta":[],"product_brand":[96],"product_cat":[29],"product_tag":[],"class_list":{"0":"post-1260","1":"product","2":"type-product","3":"status-publish","4":"has-post-thumbnail","6":"product_brand-alberto-vazquez-figueroa","7":"product_cat-novela","9":"first","10":"instock","11":"purchasable","12":"product-type-simple"},"featured_image_urls_v2":{"full":["https:\/\/ajupe.com.uy\/web\/wp-content\/uploads\/2016\/04\/p-1260-6624.jpg",362,585,false],"thumbnail":["https:\/\/ajupe.com.uy\/web\/wp-content\/uploads\/2016\/04\/p-1260-6624.jpg",150,150,true],"medium":["https:\/\/ajupe.com.uy\/web\/wp-content\/uploads\/2016\/04\/p-1260-6624.jpg",300,214,true],"medium_large":["https:\/\/ajupe.com.uy\/web\/wp-content\/uploads\/2016\/04\/p-1260-6624.jpg",362,585,false],"large":["https:\/\/ajupe.com.uy\/web\/wp-content\/uploads\/2016\/04\/p-1260-6624.jpg",362,585,false],"1536x1536":["https:\/\/ajupe.com.uy\/web\/wp-content\/uploads\/2016\/04\/p-1260-6624.jpg",362,585,false],"2048x2048":["https:\/\/ajupe.com.uy\/web\/wp-content\/uploads\/2016\/04\/p-1260-6624.jpg",362,585,false],"woocommerce_archive_thumbnail":["https:\/\/ajupe.com.uy\/web\/wp-content\/uploads\/2016\/04\/p-1260-6624-300x450.jpg",300,450,true],"woocommerce_thumbnail":["https:\/\/ajupe.com.uy\/web\/wp-content\/uploads\/2016\/04\/p-1260-6624-300x300.jpg",300,300,true],"woocommerce_single":["https:\/\/ajupe.com.uy\/web\/wp-content\/uploads\/2016\/04\/p-1260-6624-300x485.jpg",300,485,true],"woocommerce_gallery_thumbnail":["https:\/\/ajupe.com.uy\/web\/wp-content\/uploads\/2016\/04\/p-1260-6624-100x100.jpg",100,100,true]},"post_excerpt_stackable_v2":"<p>Esta novela, que pretende ser un homenaje a los miembros del extinto \u201cEscuadr\u00f3n Blanco\u201d, est\u00e1 basada en datos aut\u00e9nticos, dados a conocer por miembros de la \u201cComisi\u00f3n de la Naciones Unidas para la Abolici\u00f3n de la Esclavitud\u201d y \u201cLa Sociedad Antiesclavista <\/p>\n","category_list_v2":"","author_info_v2":{"name":"","url":""},"comments_num_v2":"0 comentarios","_links":{"self":[{"href":"https:\/\/ajupe.com.uy\/web\/wp-json\/wp\/v2\/product\/1260","targetHints":{"allow":["GET"]}}],"collection":[{"href":"https:\/\/ajupe.com.uy\/web\/wp-json\/wp\/v2\/product"}],"about":[{"href":"https:\/\/ajupe.com.uy\/web\/wp-json\/wp\/v2\/types\/product"}],"wp:featuredmedia":[{"embeddable":true,"href":"https:\/\/ajupe.com.uy\/web\/wp-json\/wp\/v2\/media\/1261"}],"wp:attachment":[{"href":"https:\/\/ajupe.com.uy\/web\/wp-json\/wp\/v2\/media?parent=1260"}],"wp:term":[{"taxonomy":"product_brand","embeddable":true,"href":"https:\/\/ajupe.com.uy\/web\/wp-json\/wp\/v2\/product_brand?post=1260"},{"taxonomy":"product_cat","embeddable":true,"href":"https:\/\/ajupe.com.uy\/web\/wp-json\/wp\/v2\/product_cat?post=1260"},{"taxonomy":"product_tag","embeddable":true,"href":"https:\/\/ajupe.com.uy\/web\/wp-json\/wp\/v2\/product_tag?post=1260"}],"curies":[{"name":"wp","href":"https:\/\/api.w.org\/{rel}","templated":true}]}}