{"id":1262,"date":"2010-07-14T00:00:00","date_gmt":"2010-07-14T03:00:00","guid":{"rendered":"http:\/\/ajupe.com.uy\/web\/?post_type=product&#038;p=1262"},"modified":"2010-07-14T00:00:00","modified_gmt":"2010-07-14T03:00:00","slug":"el-hombre-de-los-ojos-azules","status":"publish","type":"product","link":"https:\/\/ajupe.com.uy\/web\/biblioteca\/el-hombre-de-los-ojos-azules\/","title":{"rendered":"El hombre de los ojos azules"},"content":{"rendered":"<p>Sucedi\u00f3 entre el Sakatchewan y Alberta en las cercan\u00edas del Lago Athabasca al comienzo de un invierno que promet\u00eda ser duro. Sobre la vasta planicie, verde durante el est\u00edo y ahora cubierta de nieve, una hilera de indios zigzagueaba rumbo a sus tiendas, los hombres delante, las mujeres detr\u00e1s llevando colgados sus \u201cpapoos\u201d a la espalda. De pie debajo el techado de la factor\u00eda, Lucy Sanders los segu\u00eda con mirada complaciente: le hab\u00edan vendido sus pieles, eran astutos y regateaban, pero ella les conoc\u00eda bien: de ni\u00f1a hab\u00eda jugado con sus ni\u00f1os, de \u00e9stos hab\u00eda aprendido su lengua y conocido los pensamientos; les quer\u00eda as\u00ed, a\u00fan pobres y sucios, porque les consideraba los verdaderos due\u00f1os de aquel inmenso, inh\u00f3spito territorio&#8230;<\/p>\n","protected":false},"excerpt":{"rendered":"<p>Sucedi\u00f3 entre el Sakatchewan y Alberta en las cercan\u00edas del Lago Athabasca al comienzo de un invierno que promet\u00eda ser duro. Sobre la vasta planicie, verde durante el est\u00edo y ahora cubierta de nieve, una hilera de indios zigzagueaba rumbo a sus tiendas, l<\/p>\n","protected":false},"featured_media":1263,"template":"","meta":[],"product_brand":[352],"product_cat":[33],"product_tag":[],"class_list":{"0":"post-1262","1":"product","2":"type-product","3":"status-publish","4":"has-post-thumbnail","6":"product_brand-angelica-bianchi","7":"product_cat-cuentos","9":"first","10":"instock","11":"purchasable","12":"product-type-simple"},"featured_image_urls_v2":{"full":["https:\/\/ajupe.com.uy\/web\/wp-content\/uploads\/2016\/04\/p-1262-6628.jpg",359,445,false],"thumbnail":["https:\/\/ajupe.com.uy\/web\/wp-content\/uploads\/2016\/04\/p-1262-6628.jpg",150,150,true],"medium":["https:\/\/ajupe.com.uy\/web\/wp-content\/uploads\/2016\/04\/p-1262-6628.jpg",300,214,true],"medium_large":["https:\/\/ajupe.com.uy\/web\/wp-content\/uploads\/2016\/04\/p-1262-6628.jpg",359,445,false],"large":["https:\/\/ajupe.com.uy\/web\/wp-content\/uploads\/2016\/04\/p-1262-6628.jpg",359,445,false],"1536x1536":["https:\/\/ajupe.com.uy\/web\/wp-content\/uploads\/2016\/04\/p-1262-6628.jpg",359,445,false],"2048x2048":["https:\/\/ajupe.com.uy\/web\/wp-content\/uploads\/2016\/04\/p-1262-6628.jpg",359,445,false],"woocommerce_archive_thumbnail":["https:\/\/ajupe.com.uy\/web\/wp-content\/uploads\/2016\/04\/p-1262-6628-300x445.jpg",300,445,true],"woocommerce_thumbnail":["https:\/\/ajupe.com.uy\/web\/wp-content\/uploads\/2016\/04\/p-1262-6628-300x300.jpg",300,300,true],"woocommerce_single":["https:\/\/ajupe.com.uy\/web\/wp-content\/uploads\/2016\/04\/p-1262-6628-300x372.jpg",300,372,true],"woocommerce_gallery_thumbnail":["https:\/\/ajupe.com.uy\/web\/wp-content\/uploads\/2016\/04\/p-1262-6628-100x100.jpg",100,100,true]},"post_excerpt_stackable_v2":"<p>Sucedi\u00f3 entre el Sakatchewan y Alberta en las cercan\u00edas del Lago Athabasca al comienzo de un invierno que promet\u00eda ser duro. Sobre la vasta planicie, verde durante el est\u00edo y ahora cubierta de nieve, una hilera de indios zigzagueaba rumbo a sus tiendas, l<\/p>\n","category_list_v2":"","author_info_v2":{"name":"","url":""},"comments_num_v2":"0 comentarios","_links":{"self":[{"href":"https:\/\/ajupe.com.uy\/web\/wp-json\/wp\/v2\/product\/1262","targetHints":{"allow":["GET"]}}],"collection":[{"href":"https:\/\/ajupe.com.uy\/web\/wp-json\/wp\/v2\/product"}],"about":[{"href":"https:\/\/ajupe.com.uy\/web\/wp-json\/wp\/v2\/types\/product"}],"wp:featuredmedia":[{"embeddable":true,"href":"https:\/\/ajupe.com.uy\/web\/wp-json\/wp\/v2\/media\/1263"}],"wp:attachment":[{"href":"https:\/\/ajupe.com.uy\/web\/wp-json\/wp\/v2\/media?parent=1262"}],"wp:term":[{"taxonomy":"product_brand","embeddable":true,"href":"https:\/\/ajupe.com.uy\/web\/wp-json\/wp\/v2\/product_brand?post=1262"},{"taxonomy":"product_cat","embeddable":true,"href":"https:\/\/ajupe.com.uy\/web\/wp-json\/wp\/v2\/product_cat?post=1262"},{"taxonomy":"product_tag","embeddable":true,"href":"https:\/\/ajupe.com.uy\/web\/wp-json\/wp\/v2\/product_tag?post=1262"}],"curies":[{"name":"wp","href":"https:\/\/api.w.org\/{rel}","templated":true}]}}