{"id":1264,"date":"2010-07-14T00:00:00","date_gmt":"2010-07-14T03:00:00","guid":{"rendered":"http:\/\/ajupe.com.uy\/web\/?post_type=product&#038;p=1264"},"modified":"2013-05-15T21:03:20","modified_gmt":"2013-05-16T00:03:20","slug":"toma-un-cafe-contigo-mismo","status":"publish","type":"product","link":"https:\/\/ajupe.com.uy\/web\/biblioteca\/toma-un-cafe-contigo-mismo\/","title":{"rendered":"Toma un caf\u00e9 contigo mismo."},"content":{"rendered":"<p>Tom\u00e1 un caf\u00e9 contigo mismo en una invitaci\u00f3n a comenzar un di\u00e1logo interno conducente a tomar conciencia sobre c\u00f3mo nuestras expectativas y autoimagen se ven vulneradas por estas experiencias a las que el consenso social y una visi\u00f3n restringida del ser humano llaman \u201cfracasos\u201d. El autor, un serio profesional de la salud en el sentido m\u00e1s amplio del t\u00e9rmino, y un profundo observador de la naturaleza humana, ha escrito este libro con el objetivo de estimular el lector a iniciarse en el camino del autoconocimiento y la autovaloraci\u00f3n, soportes principales del desarrollo de la autoestima, para transformar sus maneras de pensar y sentir respecto de los derechos y obligaciones naturales de todo ser humano, en pos de lograr la Excelencia en Calidad de Vida.<\/p>\n","protected":false},"excerpt":{"rendered":"<p>Tom\u00e1 un caf\u00e9 contigo mismo en una invitaci\u00f3n a comenzar un di\u00e1logo interno conducente a tomar conciencia sobre c\u00f3mo nuestras expectativas y autoimagen se ven vulneradas por estas experiencias a las que el consenso social y una visi\u00f3n restringida del ser h<\/p>\n","protected":false},"featured_media":1265,"template":"","meta":[],"product_brand":[353],"product_cat":[32],"product_tag":[],"class_list":{"0":"post-1264","1":"product","2":"type-product","3":"status-publish","4":"has-post-thumbnail","6":"product_brand-walter-dresel","7":"product_cat-autoayuda","9":"first","10":"instock","11":"purchasable","12":"product-type-simple"},"featured_image_urls_v2":{"full":["https:\/\/ajupe.com.uy\/web\/wp-content\/uploads\/2016\/04\/p-1264-6635.jpg",362,552,false],"thumbnail":["https:\/\/ajupe.com.uy\/web\/wp-content\/uploads\/2016\/04\/p-1264-6635.jpg",150,150,true],"medium":["https:\/\/ajupe.com.uy\/web\/wp-content\/uploads\/2016\/04\/p-1264-6635.jpg",300,214,true],"medium_large":["https:\/\/ajupe.com.uy\/web\/wp-content\/uploads\/2016\/04\/p-1264-6635.jpg",362,552,false],"large":["https:\/\/ajupe.com.uy\/web\/wp-content\/uploads\/2016\/04\/p-1264-6635.jpg",362,552,false],"1536x1536":["https:\/\/ajupe.com.uy\/web\/wp-content\/uploads\/2016\/04\/p-1264-6635.jpg",362,552,false],"2048x2048":["https:\/\/ajupe.com.uy\/web\/wp-content\/uploads\/2016\/04\/p-1264-6635.jpg",362,552,false],"woocommerce_archive_thumbnail":["https:\/\/ajupe.com.uy\/web\/wp-content\/uploads\/2016\/04\/p-1264-6635-300x450.jpg",300,450,true],"woocommerce_thumbnail":["https:\/\/ajupe.com.uy\/web\/wp-content\/uploads\/2016\/04\/p-1264-6635-300x300.jpg",300,300,true],"woocommerce_single":["https:\/\/ajupe.com.uy\/web\/wp-content\/uploads\/2016\/04\/p-1264-6635-300x457.jpg",300,457,true],"woocommerce_gallery_thumbnail":["https:\/\/ajupe.com.uy\/web\/wp-content\/uploads\/2016\/04\/p-1264-6635-100x100.jpg",100,100,true]},"post_excerpt_stackable_v2":"<p>Tom\u00e1 un caf\u00e9 contigo mismo en una invitaci\u00f3n a comenzar un di\u00e1logo interno conducente a tomar conciencia sobre c\u00f3mo nuestras expectativas y autoimagen se ven vulneradas por estas experiencias a las que el consenso social y una visi\u00f3n restringida del ser h<\/p>\n","category_list_v2":"","author_info_v2":{"name":"","url":""},"comments_num_v2":"0 comentarios","_links":{"self":[{"href":"https:\/\/ajupe.com.uy\/web\/wp-json\/wp\/v2\/product\/1264","targetHints":{"allow":["GET"]}}],"collection":[{"href":"https:\/\/ajupe.com.uy\/web\/wp-json\/wp\/v2\/product"}],"about":[{"href":"https:\/\/ajupe.com.uy\/web\/wp-json\/wp\/v2\/types\/product"}],"wp:featuredmedia":[{"embeddable":true,"href":"https:\/\/ajupe.com.uy\/web\/wp-json\/wp\/v2\/media\/1265"}],"wp:attachment":[{"href":"https:\/\/ajupe.com.uy\/web\/wp-json\/wp\/v2\/media?parent=1264"}],"wp:term":[{"taxonomy":"product_brand","embeddable":true,"href":"https:\/\/ajupe.com.uy\/web\/wp-json\/wp\/v2\/product_brand?post=1264"},{"taxonomy":"product_cat","embeddable":true,"href":"https:\/\/ajupe.com.uy\/web\/wp-json\/wp\/v2\/product_cat?post=1264"},{"taxonomy":"product_tag","embeddable":true,"href":"https:\/\/ajupe.com.uy\/web\/wp-json\/wp\/v2\/product_tag?post=1264"}],"curies":[{"name":"wp","href":"https:\/\/api.w.org\/{rel}","templated":true}]}}