{"id":1272,"date":"2010-07-14T00:00:00","date_gmt":"2010-07-14T03:00:00","guid":{"rendered":"http:\/\/ajupe.com.uy\/web\/?post_type=product&#038;p=1272"},"modified":"2011-08-26T20:45:26","modified_gmt":"2011-08-26T23:45:26","slug":"cronica-de-pocitos","status":"publish","type":"product","link":"https:\/\/ajupe.com.uy\/web\/biblioteca\/cronica-de-pocitos\/","title":{"rendered":"Cr\u00f3nica de Pocitos"},"content":{"rendered":"<p>El autor recrea en esta obra el Pocitos que \u00e9l conoci\u00f3, especialmente entre los a\u00f1os 1934 y 1949, aunque a menudo sobrepasa esos l\u00edmites, sobre todo para incursionar en algunos aspectos de las d\u00e9cadas anteriores. Como hace notar Jos\u00e9 Claudio Williman en su pr\u00f3logo, este libro consta de una \u201ccr\u00f3nica de Pocitos\u201d y de una \u00faltima parte que el autor llama \u201cmapa social\u201d. En la primera Pi\u00f1eyro introduce personajes y episodios que corresponden a su edad y a su tiempo. En la segunda, ubica con precisi\u00f3n a una multitud de familias, en sus casas y jardines, \u201cen un tipo de trabajo que aseguro no se hizo nunca en el Uruguay, de un enorme valor para el historiador, ya que le permite conocer y explicar algunas relaciones personales que se proyectan en la vida social y pol\u00edtica del pa\u00eds.\u201d<\/p>\n","protected":false},"excerpt":{"rendered":"<p>El autor recrea en esta obra el Pocitos que \u00e9l conoci\u00f3, especialmente entre los a\u00f1os 1934 y 1949, aunque a menudo sobrepasa esos l\u00edmites, sobre todo para incursionar en algunos aspectos de las d\u00e9cadas anteriores. Como hace notar Jos\u00e9 Claudio Williman en s<\/p>\n","protected":false},"featured_media":1273,"template":"","meta":[],"product_brand":[356],"product_cat":[31,45],"product_tag":[],"class_list":{"0":"post-1272","1":"product","2":"type-product","3":"status-publish","4":"has-post-thumbnail","6":"product_brand-enrique-pineyro","7":"product_cat-historico","8":"product_cat-uruguayo","10":"first","11":"instock","12":"purchasable","13":"product-type-simple"},"featured_image_urls_v2":{"full":["https:\/\/ajupe.com.uy\/web\/wp-content\/uploads\/2016\/04\/p-1272-6639.jpg",359,508,false],"thumbnail":["https:\/\/ajupe.com.uy\/web\/wp-content\/uploads\/2016\/04\/p-1272-6639.jpg",150,150,true],"medium":["https:\/\/ajupe.com.uy\/web\/wp-content\/uploads\/2016\/04\/p-1272-6639.jpg",300,214,true],"medium_large":["https:\/\/ajupe.com.uy\/web\/wp-content\/uploads\/2016\/04\/p-1272-6639.jpg",359,508,false],"large":["https:\/\/ajupe.com.uy\/web\/wp-content\/uploads\/2016\/04\/p-1272-6639.jpg",359,508,false],"1536x1536":["https:\/\/ajupe.com.uy\/web\/wp-content\/uploads\/2016\/04\/p-1272-6639.jpg",359,508,false],"2048x2048":["https:\/\/ajupe.com.uy\/web\/wp-content\/uploads\/2016\/04\/p-1272-6639.jpg",359,508,false],"woocommerce_archive_thumbnail":["https:\/\/ajupe.com.uy\/web\/wp-content\/uploads\/2016\/04\/p-1272-6639-300x450.jpg",300,450,true],"woocommerce_thumbnail":["https:\/\/ajupe.com.uy\/web\/wp-content\/uploads\/2016\/04\/p-1272-6639-300x300.jpg",300,300,true],"woocommerce_single":["https:\/\/ajupe.com.uy\/web\/wp-content\/uploads\/2016\/04\/p-1272-6639-300x425.jpg",300,425,true],"woocommerce_gallery_thumbnail":["https:\/\/ajupe.com.uy\/web\/wp-content\/uploads\/2016\/04\/p-1272-6639-100x100.jpg",100,100,true]},"post_excerpt_stackable_v2":"<p>El autor recrea en esta obra el Pocitos que \u00e9l conoci\u00f3, especialmente entre los a\u00f1os 1934 y 1949, aunque a menudo sobrepasa esos l\u00edmites, sobre todo para incursionar en algunos aspectos de las d\u00e9cadas anteriores. Como hace notar Jos\u00e9 Claudio Williman en s<\/p>\n","category_list_v2":"","author_info_v2":{"name":"","url":""},"comments_num_v2":"0 comentarios","_links":{"self":[{"href":"https:\/\/ajupe.com.uy\/web\/wp-json\/wp\/v2\/product\/1272","targetHints":{"allow":["GET"]}}],"collection":[{"href":"https:\/\/ajupe.com.uy\/web\/wp-json\/wp\/v2\/product"}],"about":[{"href":"https:\/\/ajupe.com.uy\/web\/wp-json\/wp\/v2\/types\/product"}],"wp:featuredmedia":[{"embeddable":true,"href":"https:\/\/ajupe.com.uy\/web\/wp-json\/wp\/v2\/media\/1273"}],"wp:attachment":[{"href":"https:\/\/ajupe.com.uy\/web\/wp-json\/wp\/v2\/media?parent=1272"}],"wp:term":[{"taxonomy":"product_brand","embeddable":true,"href":"https:\/\/ajupe.com.uy\/web\/wp-json\/wp\/v2\/product_brand?post=1272"},{"taxonomy":"product_cat","embeddable":true,"href":"https:\/\/ajupe.com.uy\/web\/wp-json\/wp\/v2\/product_cat?post=1272"},{"taxonomy":"product_tag","embeddable":true,"href":"https:\/\/ajupe.com.uy\/web\/wp-json\/wp\/v2\/product_tag?post=1272"}],"curies":[{"name":"wp","href":"https:\/\/api.w.org\/{rel}","templated":true}]}}