{"id":1280,"date":"2010-07-14T00:00:00","date_gmt":"2010-07-14T03:00:00","guid":{"rendered":"http:\/\/ajupe.com.uy\/web\/?post_type=product&#038;p=1280"},"modified":"2010-07-14T00:00:00","modified_gmt":"2010-07-14T03:00:00","slug":"la-casa-de-los-espejos","status":"publish","type":"product","link":"https:\/\/ajupe.com.uy\/web\/biblioteca\/la-casa-de-los-espejos\/","title":{"rendered":"La casa de los espejos"},"content":{"rendered":"<p>Meredith Spooner, una seductora que ha hecho de la estafa un arte, vive deprisa y muere joven. Pero su \u00faltima haza\u00f1a \u2013el desfalco de m\u00e1s de un mill\u00f3n de d\u00f3lares de un legado universitario- complica la existencia a Leonora Hutton. En un mensaje que le deja a su amiga, Meredith le dice que teme por su vida y que el dinero est\u00e1 a disposici\u00f3n de ella en una cuenta bancaria de un para\u00edso fiscal. Leonora no quiere saber nada de ese dinero mal habido. Para colmo, Thomas Walker, que ha sido v\u00edctima de los embustes de Meredich, sospecha que ella ha participado en la maniobra. Ansiosa por probar que est\u00e1 equivocada, Lenora decide buscar el dinero y devolverlo.<\/p>\n","protected":false},"excerpt":{"rendered":"<p>Meredith Spooner, una seductora que ha hecho de la estafa un arte, vive deprisa y muere joven. Pero su \u00faltima haza\u00f1a \u2013el desfalco de m\u00e1s de un mill\u00f3n de d\u00f3lares de un legado universitario- complica la existencia a Leonora Hutton. En un mensaje que le deja<\/p>\n","protected":false},"featured_media":1281,"template":"","meta":[],"product_brand":[358],"product_cat":[30],"product_tag":[],"class_list":{"0":"post-1280","1":"product","2":"type-product","3":"status-publish","4":"has-post-thumbnail","6":"product_brand-jayne-ann-krentz","7":"product_cat-suspenso","9":"first","10":"instock","11":"purchasable","12":"product-type-simple"},"featured_image_urls_v2":{"full":["https:\/\/ajupe.com.uy\/web\/wp-content\/uploads\/2016\/04\/p-1280-6643.jpg",360,533,false],"thumbnail":["https:\/\/ajupe.com.uy\/web\/wp-content\/uploads\/2016\/04\/p-1280-6643.jpg",150,150,true],"medium":["https:\/\/ajupe.com.uy\/web\/wp-content\/uploads\/2016\/04\/p-1280-6643.jpg",300,214,true],"medium_large":["https:\/\/ajupe.com.uy\/web\/wp-content\/uploads\/2016\/04\/p-1280-6643.jpg",360,533,false],"large":["https:\/\/ajupe.com.uy\/web\/wp-content\/uploads\/2016\/04\/p-1280-6643.jpg",360,533,false],"1536x1536":["https:\/\/ajupe.com.uy\/web\/wp-content\/uploads\/2016\/04\/p-1280-6643.jpg",360,533,false],"2048x2048":["https:\/\/ajupe.com.uy\/web\/wp-content\/uploads\/2016\/04\/p-1280-6643.jpg",360,533,false],"woocommerce_archive_thumbnail":["https:\/\/ajupe.com.uy\/web\/wp-content\/uploads\/2016\/04\/p-1280-6643-300x450.jpg",300,450,true],"woocommerce_thumbnail":["https:\/\/ajupe.com.uy\/web\/wp-content\/uploads\/2016\/04\/p-1280-6643-300x300.jpg",300,300,true],"woocommerce_single":["https:\/\/ajupe.com.uy\/web\/wp-content\/uploads\/2016\/04\/p-1280-6643-300x444.jpg",300,444,true],"woocommerce_gallery_thumbnail":["https:\/\/ajupe.com.uy\/web\/wp-content\/uploads\/2016\/04\/p-1280-6643-100x100.jpg",100,100,true]},"post_excerpt_stackable_v2":"<p>Meredith Spooner, una seductora que ha hecho de la estafa un arte, vive deprisa y muere joven. Pero su \u00faltima haza\u00f1a \u2013el desfalco de m\u00e1s de un mill\u00f3n de d\u00f3lares de un legado universitario- complica la existencia a Leonora Hutton. En un mensaje que le deja<\/p>\n","category_list_v2":"","author_info_v2":{"name":"","url":""},"comments_num_v2":"0 comentarios","_links":{"self":[{"href":"https:\/\/ajupe.com.uy\/web\/wp-json\/wp\/v2\/product\/1280","targetHints":{"allow":["GET"]}}],"collection":[{"href":"https:\/\/ajupe.com.uy\/web\/wp-json\/wp\/v2\/product"}],"about":[{"href":"https:\/\/ajupe.com.uy\/web\/wp-json\/wp\/v2\/types\/product"}],"wp:featuredmedia":[{"embeddable":true,"href":"https:\/\/ajupe.com.uy\/web\/wp-json\/wp\/v2\/media\/1281"}],"wp:attachment":[{"href":"https:\/\/ajupe.com.uy\/web\/wp-json\/wp\/v2\/media?parent=1280"}],"wp:term":[{"taxonomy":"product_brand","embeddable":true,"href":"https:\/\/ajupe.com.uy\/web\/wp-json\/wp\/v2\/product_brand?post=1280"},{"taxonomy":"product_cat","embeddable":true,"href":"https:\/\/ajupe.com.uy\/web\/wp-json\/wp\/v2\/product_cat?post=1280"},{"taxonomy":"product_tag","embeddable":true,"href":"https:\/\/ajupe.com.uy\/web\/wp-json\/wp\/v2\/product_tag?post=1280"}],"curies":[{"name":"wp","href":"https:\/\/api.w.org\/{rel}","templated":true}]}}