{"id":1300,"date":"2010-07-14T00:00:00","date_gmt":"2010-07-14T03:00:00","guid":{"rendered":"http:\/\/ajupe.com.uy\/web\/?post_type=product&#038;p=1300"},"modified":"2010-07-14T00:00:00","modified_gmt":"2010-07-14T03:00:00","slug":"la-vuelta-al-mundo-en-80-dias","status":"publish","type":"product","link":"https:\/\/ajupe.com.uy\/web\/biblioteca\/la-vuelta-al-mundo-en-80-dias\/","title":{"rendered":"La vuelta al mundo en 80 d\u00edas"},"content":{"rendered":"<p>\u201cEn el a\u00f1o 1872, la casa n\u00famero 7 de Saville Row, Burlington Gardens \u2013donde muri\u00f3 Sheridan en 1814-, estaba habitada por Phileas Fogg, quien a pesar de que hab\u00eda tomado, al parecer, el partido de no hacer nada que pudiese llamar la atenci\u00f3n, era uno de los m\u00e1s notables y singulares miembros del \u201cReform-Club\u201d de Londres. Por lo tanto, Phileas Fogg, personaje enigm\u00e1tico, y del cual s\u00f3lo se sab\u00eda que era hombre muy elegante y uno de los m\u00e1s cumplidos caballeros de la aristocracia inglesa, suced\u00eda a uno de los m\u00e1s grandes oradores que honraba Inglaterra. (&#8230;) CAP\u00cdTULO PRIMERO De c\u00f3mo Phileas Fogg y Picaporte se reciben mutuamente en calidad de amo el uno y criado el otro<\/p>\n","protected":false},"excerpt":{"rendered":"<p>\u201cEn el a\u00f1o 1872, la casa n\u00famero 7 de Saville Row, Burlington Gardens \u2013donde muri\u00f3 Sheridan en 1814-, estaba habitada por Phileas Fogg, quien a pesar de que hab\u00eda tomado, al parecer, el partido de no hacer nada que pudiese llamar la atenci\u00f3n, era uno de lo<\/p>\n","protected":false},"featured_media":1301,"template":"","meta":[],"product_brand":[364],"product_cat":[29],"product_tag":[],"class_list":{"0":"post-1300","1":"product","2":"type-product","3":"status-publish","4":"has-post-thumbnail","6":"product_brand-julio-verne","7":"product_cat-novela","9":"first","10":"instock","11":"purchasable","12":"product-type-simple"},"featured_image_urls_v2":{"full":["https:\/\/ajupe.com.uy\/web\/wp-content\/uploads\/2016\/04\/p-1300-6654.jpg",361,566,false],"thumbnail":["https:\/\/ajupe.com.uy\/web\/wp-content\/uploads\/2016\/04\/p-1300-6654.jpg",150,150,true],"medium":["https:\/\/ajupe.com.uy\/web\/wp-content\/uploads\/2016\/04\/p-1300-6654.jpg",300,214,true],"medium_large":["https:\/\/ajupe.com.uy\/web\/wp-content\/uploads\/2016\/04\/p-1300-6654.jpg",361,566,false],"large":["https:\/\/ajupe.com.uy\/web\/wp-content\/uploads\/2016\/04\/p-1300-6654.jpg",361,566,false],"1536x1536":["https:\/\/ajupe.com.uy\/web\/wp-content\/uploads\/2016\/04\/p-1300-6654.jpg",361,566,false],"2048x2048":["https:\/\/ajupe.com.uy\/web\/wp-content\/uploads\/2016\/04\/p-1300-6654.jpg",361,566,false],"woocommerce_archive_thumbnail":["https:\/\/ajupe.com.uy\/web\/wp-content\/uploads\/2016\/04\/p-1300-6654-300x450.jpg",300,450,true],"woocommerce_thumbnail":["https:\/\/ajupe.com.uy\/web\/wp-content\/uploads\/2016\/04\/p-1300-6654-300x300.jpg",300,300,true],"woocommerce_single":["https:\/\/ajupe.com.uy\/web\/wp-content\/uploads\/2016\/04\/p-1300-6654-300x470.jpg",300,470,true],"woocommerce_gallery_thumbnail":["https:\/\/ajupe.com.uy\/web\/wp-content\/uploads\/2016\/04\/p-1300-6654-100x100.jpg",100,100,true]},"post_excerpt_stackable_v2":"<p>\u201cEn el a\u00f1o 1872, la casa n\u00famero 7 de Saville Row, Burlington Gardens \u2013donde muri\u00f3 Sheridan en 1814-, estaba habitada por Phileas Fogg, quien a pesar de que hab\u00eda tomado, al parecer, el partido de no hacer nada que pudiese llamar la atenci\u00f3n, era uno de lo<\/p>\n","category_list_v2":"","author_info_v2":{"name":"","url":""},"comments_num_v2":"0 comentarios","_links":{"self":[{"href":"https:\/\/ajupe.com.uy\/web\/wp-json\/wp\/v2\/product\/1300","targetHints":{"allow":["GET"]}}],"collection":[{"href":"https:\/\/ajupe.com.uy\/web\/wp-json\/wp\/v2\/product"}],"about":[{"href":"https:\/\/ajupe.com.uy\/web\/wp-json\/wp\/v2\/types\/product"}],"wp:featuredmedia":[{"embeddable":true,"href":"https:\/\/ajupe.com.uy\/web\/wp-json\/wp\/v2\/media\/1301"}],"wp:attachment":[{"href":"https:\/\/ajupe.com.uy\/web\/wp-json\/wp\/v2\/media?parent=1300"}],"wp:term":[{"taxonomy":"product_brand","embeddable":true,"href":"https:\/\/ajupe.com.uy\/web\/wp-json\/wp\/v2\/product_brand?post=1300"},{"taxonomy":"product_cat","embeddable":true,"href":"https:\/\/ajupe.com.uy\/web\/wp-json\/wp\/v2\/product_cat?post=1300"},{"taxonomy":"product_tag","embeddable":true,"href":"https:\/\/ajupe.com.uy\/web\/wp-json\/wp\/v2\/product_tag?post=1300"}],"curies":[{"name":"wp","href":"https:\/\/api.w.org\/{rel}","templated":true}]}}