{"id":1304,"date":"2010-07-14T00:00:00","date_gmt":"2010-07-14T03:00:00","guid":{"rendered":"http:\/\/ajupe.com.uy\/web\/?post_type=product&#038;p=1304"},"modified":"2011-08-26T19:20:30","modified_gmt":"2011-08-26T22:20:30","slug":"los-cuentos-de-don-veridico","status":"publish","type":"product","link":"https:\/\/ajupe.com.uy\/web\/biblioteca\/los-cuentos-de-don-veridico\/","title":{"rendered":"Los cuentos de Don Ver\u00eddico"},"content":{"rendered":"<p>Hay un catre que se encabrita, un hombre de tan buena madera que se cree \u00e1rbol, un elefante imposible de cambiar por cosa alguna, unos monos de circo capaces de vender a la jirafa. Y hay un lugar m\u00e1gico que se llama boliche El Resorte que , para empezar, no tiene bolichero. S\u00ed tiene unos parroquianos torpes, tiernos y mentirosos: el tape Olmedo, Rosadito Verdoso, el parado Santiago que, junto a la Duvija, habitan ya el lugar del mito. En un paisaje pobre como el campo nuestro y desaforado como el m\u00e1s delirante surrealismo, est\u00e1n ya para siempre Los cuentos de Don Ver\u00eddico.<\/p>\n","protected":false},"excerpt":{"rendered":"<p>Hay un catre que se encabrita, un hombre de tan buena madera que se cree \u00e1rbol, un elefante imposible de cambiar por cosa alguna, unos monos de circo capaces de vender a la jirafa. Y hay un lugar m\u00e1gico que se llama boliche El Resorte que , para empezar,<\/p>\n","protected":false},"featured_media":1305,"template":"","meta":[],"product_brand":[366],"product_cat":[33,46],"product_tag":[],"class_list":{"0":"post-1304","1":"product","2":"type-product","3":"status-publish","4":"has-post-thumbnail","6":"product_brand-julio-cesar-castro","7":"product_cat-cuentos","8":"product_cat-poesia","10":"first","11":"instock","12":"purchasable","13":"product-type-simple"},"featured_image_urls_v2":{"full":["https:\/\/ajupe.com.uy\/web\/wp-content\/uploads\/2016\/04\/p-1304-6658.jpg",374,567,false],"thumbnail":["https:\/\/ajupe.com.uy\/web\/wp-content\/uploads\/2016\/04\/p-1304-6658.jpg",150,150,true],"medium":["https:\/\/ajupe.com.uy\/web\/wp-content\/uploads\/2016\/04\/p-1304-6658.jpg",300,214,true],"medium_large":["https:\/\/ajupe.com.uy\/web\/wp-content\/uploads\/2016\/04\/p-1304-6658.jpg",374,567,false],"large":["https:\/\/ajupe.com.uy\/web\/wp-content\/uploads\/2016\/04\/p-1304-6658.jpg",374,567,false],"1536x1536":["https:\/\/ajupe.com.uy\/web\/wp-content\/uploads\/2016\/04\/p-1304-6658.jpg",374,567,false],"2048x2048":["https:\/\/ajupe.com.uy\/web\/wp-content\/uploads\/2016\/04\/p-1304-6658.jpg",374,567,false],"woocommerce_archive_thumbnail":["https:\/\/ajupe.com.uy\/web\/wp-content\/uploads\/2016\/04\/p-1304-6658-300x450.jpg",300,450,true],"woocommerce_thumbnail":["https:\/\/ajupe.com.uy\/web\/wp-content\/uploads\/2016\/04\/p-1304-6658-300x300.jpg",300,300,true],"woocommerce_single":["https:\/\/ajupe.com.uy\/web\/wp-content\/uploads\/2016\/04\/p-1304-6658-300x455.jpg",300,455,true],"woocommerce_gallery_thumbnail":["https:\/\/ajupe.com.uy\/web\/wp-content\/uploads\/2016\/04\/p-1304-6658-100x100.jpg",100,100,true]},"post_excerpt_stackable_v2":"<p>Hay un catre que se encabrita, un hombre de tan buena madera que se cree \u00e1rbol, un elefante imposible de cambiar por cosa alguna, unos monos de circo capaces de vender a la jirafa. Y hay un lugar m\u00e1gico que se llama boliche El Resorte que , para empezar,<\/p>\n","category_list_v2":"","author_info_v2":{"name":"","url":""},"comments_num_v2":"0 comentarios","_links":{"self":[{"href":"https:\/\/ajupe.com.uy\/web\/wp-json\/wp\/v2\/product\/1304","targetHints":{"allow":["GET"]}}],"collection":[{"href":"https:\/\/ajupe.com.uy\/web\/wp-json\/wp\/v2\/product"}],"about":[{"href":"https:\/\/ajupe.com.uy\/web\/wp-json\/wp\/v2\/types\/product"}],"wp:featuredmedia":[{"embeddable":true,"href":"https:\/\/ajupe.com.uy\/web\/wp-json\/wp\/v2\/media\/1305"}],"wp:attachment":[{"href":"https:\/\/ajupe.com.uy\/web\/wp-json\/wp\/v2\/media?parent=1304"}],"wp:term":[{"taxonomy":"product_brand","embeddable":true,"href":"https:\/\/ajupe.com.uy\/web\/wp-json\/wp\/v2\/product_brand?post=1304"},{"taxonomy":"product_cat","embeddable":true,"href":"https:\/\/ajupe.com.uy\/web\/wp-json\/wp\/v2\/product_cat?post=1304"},{"taxonomy":"product_tag","embeddable":true,"href":"https:\/\/ajupe.com.uy\/web\/wp-json\/wp\/v2\/product_tag?post=1304"}],"curies":[{"name":"wp","href":"https:\/\/api.w.org\/{rel}","templated":true}]}}