{"id":1306,"date":"2010-07-14T00:00:00","date_gmt":"2010-07-14T03:00:00","guid":{"rendered":"http:\/\/ajupe.com.uy\/web\/?post_type=product&#038;p=1306"},"modified":"2011-08-26T19:19:48","modified_gmt":"2011-08-26T22:19:48","slug":"gran-cafe-del-centro-cronicas-del-sorocabana","status":"publish","type":"product","link":"https:\/\/ajupe.com.uy\/web\/biblioteca\/gran-cafe-del-centro-cronicas-del-sorocabana\/","title":{"rendered":"Gran caf\u00e9 del centro Cr\u00f3nicas del Sorocabana"},"content":{"rendered":"<p>&#8230;Pasen, pasen, pasen todos las puertas del Sorocabana est\u00e1n abiertas. Nunca se cerraron ni se cerrar\u00e1n. Adentro est\u00e1 el mundo. Marosa di Giorgio. \u00daltimo representante de un alarga estirpe de cronistas, Alejandro Michelena ha publicado en poco m\u00e1s de una d\u00e9cada cinco libros destinados a descubrir barrios y rincones de Montevideo. En 1987 inaugur\u00f3 la serie con Los caf\u00e9s montevideanos, al que siguieron Rincones de Montevideo (1990), M\u00e1s rincones de San Felipe y Santiago (1994), Otras latitudes de Monte VI deo (1996), Montevideo: historia de gentes, reuniones y lugares (Cal y Canto, 1998) y Descubrir Montevideo (2001).<\/p>\n","protected":false},"excerpt":{"rendered":"<p>&#8230;Pasen, pasen, pasen todos las puertas del Sorocabana est\u00e1n abiertas. Nunca se cerraron ni se cerrar\u00e1n. Adentro est\u00e1 el mundo. Marosa di Giorgio. \u00daltimo representante de un alarga estirpe de cronistas, Alejandro Michelena ha publicado en poco m\u00e1s de una<\/p>\n","protected":false},"featured_media":1307,"template":"","meta":[],"product_brand":[367],"product_cat":[31,39],"product_tag":[],"class_list":{"0":"post-1306","1":"product","2":"type-product","3":"status-publish","4":"has-post-thumbnail","6":"product_brand-alejandro-michelena","7":"product_cat-historico","8":"product_cat-veridico","10":"first","11":"instock","12":"purchasable","13":"product-type-simple"},"featured_image_urls_v2":{"full":["https:\/\/ajupe.com.uy\/web\/wp-content\/uploads\/2016\/04\/p-1306-6659.jpg",360,598,false],"thumbnail":["https:\/\/ajupe.com.uy\/web\/wp-content\/uploads\/2016\/04\/p-1306-6659.jpg",150,150,true],"medium":["https:\/\/ajupe.com.uy\/web\/wp-content\/uploads\/2016\/04\/p-1306-6659.jpg",300,214,true],"medium_large":["https:\/\/ajupe.com.uy\/web\/wp-content\/uploads\/2016\/04\/p-1306-6659.jpg",360,598,false],"large":["https:\/\/ajupe.com.uy\/web\/wp-content\/uploads\/2016\/04\/p-1306-6659.jpg",360,598,false],"1536x1536":["https:\/\/ajupe.com.uy\/web\/wp-content\/uploads\/2016\/04\/p-1306-6659.jpg",360,598,false],"2048x2048":["https:\/\/ajupe.com.uy\/web\/wp-content\/uploads\/2016\/04\/p-1306-6659.jpg",360,598,false],"woocommerce_archive_thumbnail":["https:\/\/ajupe.com.uy\/web\/wp-content\/uploads\/2016\/04\/p-1306-6659-300x450.jpg",300,450,true],"woocommerce_thumbnail":["https:\/\/ajupe.com.uy\/web\/wp-content\/uploads\/2016\/04\/p-1306-6659-300x300.jpg",300,300,true],"woocommerce_single":["https:\/\/ajupe.com.uy\/web\/wp-content\/uploads\/2016\/04\/p-1306-6659-300x498.jpg",300,498,true],"woocommerce_gallery_thumbnail":["https:\/\/ajupe.com.uy\/web\/wp-content\/uploads\/2016\/04\/p-1306-6659-100x100.jpg",100,100,true]},"post_excerpt_stackable_v2":"<p>&#8230;Pasen, pasen, pasen todos las puertas del Sorocabana est\u00e1n abiertas. Nunca se cerraron ni se cerrar\u00e1n. Adentro est\u00e1 el mundo. Marosa di Giorgio. \u00daltimo representante de un alarga estirpe de cronistas, Alejandro Michelena ha publicado en poco m\u00e1s de una<\/p>\n","category_list_v2":"","author_info_v2":{"name":"","url":""},"comments_num_v2":"0 comentarios","_links":{"self":[{"href":"https:\/\/ajupe.com.uy\/web\/wp-json\/wp\/v2\/product\/1306","targetHints":{"allow":["GET"]}}],"collection":[{"href":"https:\/\/ajupe.com.uy\/web\/wp-json\/wp\/v2\/product"}],"about":[{"href":"https:\/\/ajupe.com.uy\/web\/wp-json\/wp\/v2\/types\/product"}],"wp:featuredmedia":[{"embeddable":true,"href":"https:\/\/ajupe.com.uy\/web\/wp-json\/wp\/v2\/media\/1307"}],"wp:attachment":[{"href":"https:\/\/ajupe.com.uy\/web\/wp-json\/wp\/v2\/media?parent=1306"}],"wp:term":[{"taxonomy":"product_brand","embeddable":true,"href":"https:\/\/ajupe.com.uy\/web\/wp-json\/wp\/v2\/product_brand?post=1306"},{"taxonomy":"product_cat","embeddable":true,"href":"https:\/\/ajupe.com.uy\/web\/wp-json\/wp\/v2\/product_cat?post=1306"},{"taxonomy":"product_tag","embeddable":true,"href":"https:\/\/ajupe.com.uy\/web\/wp-json\/wp\/v2\/product_tag?post=1306"}],"curies":[{"name":"wp","href":"https:\/\/api.w.org\/{rel}","templated":true}]}}