{"id":1308,"date":"2010-07-14T00:00:00","date_gmt":"2010-07-14T03:00:00","guid":{"rendered":"http:\/\/ajupe.com.uy\/web\/?post_type=product&#038;p=1308"},"modified":"2011-08-26T19:18:50","modified_gmt":"2011-08-26T22:18:50","slug":"si-le-digo-le-miento","status":"publish","type":"product","link":"https:\/\/ajupe.com.uy\/web\/biblioteca\/si-le-digo-le-miento\/","title":{"rendered":"Si le digo le miento"},"content":{"rendered":"<p>En el clima opresivo de un pa\u00eds subvertido por la prepotencia de los militares, un an\u00f3nimo militante pol\u00edtico que huye en una ciudad devastada cree encontrar amparo en el s\u00f3tano de un hogar solidario. Refugiado o prisionero, el protagonista, usurpador de nombres y personalidades, malabarista de la sobrevivencia, se ve enredado en los hilos de una trama que contin\u00faa su existencia plagada de equ\u00edvocos, donde lo verdadero es el resultado de la mentira mejor contada. Tanto es as\u00ed que lo m\u00e1s incre\u00edble en esta historia podr\u00eda llegar a ser una novela de cowboys que el protagonista, fiel a los cultores del g\u00e9nero, escribe en su encierro. Milton Fornaro construye en texto narrado magistralmente, con tanta intriga como aventura, con tan buen erotismo como \u00e1cida iron\u00eda<\/p>\n","protected":false},"excerpt":{"rendered":"<p>En el clima opresivo de un pa\u00eds subvertido por la prepotencia de los militares, un an\u00f3nimo militante pol\u00edtico que huye en una ciudad devastada cree encontrar amparo en el s\u00f3tano de un hogar solidario. Refugiado o prisionero, el protagonista, usurpador de<\/p>\n","protected":false},"featured_media":1309,"template":"","meta":[],"product_brand":[368],"product_cat":[45,39],"product_tag":[],"class_list":{"0":"post-1308","1":"product","2":"type-product","3":"status-publish","4":"has-post-thumbnail","6":"product_brand-milton-fornaro","7":"product_cat-uruguayo","8":"product_cat-veridico","10":"first","11":"instock","12":"purchasable","13":"product-type-simple"},"featured_image_urls_v2":{"full":["https:\/\/ajupe.com.uy\/web\/wp-content\/uploads\/2016\/04\/p-1308-6660.jpg",364,567,false],"thumbnail":["https:\/\/ajupe.com.uy\/web\/wp-content\/uploads\/2016\/04\/p-1308-6660.jpg",150,150,true],"medium":["https:\/\/ajupe.com.uy\/web\/wp-content\/uploads\/2016\/04\/p-1308-6660.jpg",300,214,true],"medium_large":["https:\/\/ajupe.com.uy\/web\/wp-content\/uploads\/2016\/04\/p-1308-6660.jpg",364,567,false],"large":["https:\/\/ajupe.com.uy\/web\/wp-content\/uploads\/2016\/04\/p-1308-6660.jpg",364,567,false],"1536x1536":["https:\/\/ajupe.com.uy\/web\/wp-content\/uploads\/2016\/04\/p-1308-6660.jpg",364,567,false],"2048x2048":["https:\/\/ajupe.com.uy\/web\/wp-content\/uploads\/2016\/04\/p-1308-6660.jpg",364,567,false],"woocommerce_archive_thumbnail":["https:\/\/ajupe.com.uy\/web\/wp-content\/uploads\/2016\/04\/p-1308-6660-300x450.jpg",300,450,true],"woocommerce_thumbnail":["https:\/\/ajupe.com.uy\/web\/wp-content\/uploads\/2016\/04\/p-1308-6660-300x300.jpg",300,300,true],"woocommerce_single":["https:\/\/ajupe.com.uy\/web\/wp-content\/uploads\/2016\/04\/p-1308-6660-300x467.jpg",300,467,true],"woocommerce_gallery_thumbnail":["https:\/\/ajupe.com.uy\/web\/wp-content\/uploads\/2016\/04\/p-1308-6660-100x100.jpg",100,100,true]},"post_excerpt_stackable_v2":"<p>En el clima opresivo de un pa\u00eds subvertido por la prepotencia de los militares, un an\u00f3nimo militante pol\u00edtico que huye en una ciudad devastada cree encontrar amparo en el s\u00f3tano de un hogar solidario. Refugiado o prisionero, el protagonista, usurpador de<\/p>\n","category_list_v2":"","author_info_v2":{"name":"","url":""},"comments_num_v2":"0 comentarios","_links":{"self":[{"href":"https:\/\/ajupe.com.uy\/web\/wp-json\/wp\/v2\/product\/1308","targetHints":{"allow":["GET"]}}],"collection":[{"href":"https:\/\/ajupe.com.uy\/web\/wp-json\/wp\/v2\/product"}],"about":[{"href":"https:\/\/ajupe.com.uy\/web\/wp-json\/wp\/v2\/types\/product"}],"wp:featuredmedia":[{"embeddable":true,"href":"https:\/\/ajupe.com.uy\/web\/wp-json\/wp\/v2\/media\/1309"}],"wp:attachment":[{"href":"https:\/\/ajupe.com.uy\/web\/wp-json\/wp\/v2\/media?parent=1308"}],"wp:term":[{"taxonomy":"product_brand","embeddable":true,"href":"https:\/\/ajupe.com.uy\/web\/wp-json\/wp\/v2\/product_brand?post=1308"},{"taxonomy":"product_cat","embeddable":true,"href":"https:\/\/ajupe.com.uy\/web\/wp-json\/wp\/v2\/product_cat?post=1308"},{"taxonomy":"product_tag","embeddable":true,"href":"https:\/\/ajupe.com.uy\/web\/wp-json\/wp\/v2\/product_tag?post=1308"}],"curies":[{"name":"wp","href":"https:\/\/api.w.org\/{rel}","templated":true}]}}