{"id":1316,"date":"2010-07-14T00:00:00","date_gmt":"2010-07-14T03:00:00","guid":{"rendered":"http:\/\/ajupe.com.uy\/web\/?post_type=product&#038;p=1316"},"modified":"2011-08-26T19:07:45","modified_gmt":"2011-08-26T22:07:45","slug":"el-caudillo-y-el-dictador","status":"publish","type":"product","link":"https:\/\/ajupe.com.uy\/web\/biblioteca\/el-caudillo-y-el-dictador\/","title":{"rendered":"El caudillo y el dictador"},"content":{"rendered":"<p>El Caudillo es Jos\u00e9 Artigas, rebelde en armas contra la Corona espa\u00f1ola. Carism\u00e1tico jefe de paisanos, gauchos e indios, que extiende su poder desde su Banda Oriental natal al litoral entrerriano y Misiones, &#8230; El Dictador es el doctor Gaspar Rodr\u00edguez de Francia, conocedor de leyes, libros y gente, que dirige con firmeza a los paraguayos en su vida independiente, &#8230; En setiembre de 1820, acorralado por sus perseguidores, el Caudillo golpe\u00f3 a las puertas del Paraguay gobernado por el Dictador. Las puertas se abrieron, pero Artigas desapareci\u00f3 para siempre tras ellas, ingresando en una zona de misterio y especulaciones. \u00bfExilio? \u00bfC\u00e1rcel? \u00bfOstracismo? \u00bfVoluntario destierro?<\/p>\n","protected":false},"excerpt":{"rendered":"<p>El Caudillo es Jos\u00e9 Artigas, rebelde en armas contra la Corona espa\u00f1ola. Carism\u00e1tico jefe de paisanos, gauchos e indios, que extiende su poder desde su Banda Oriental natal al litoral entrerriano y Misiones, &#8230; El Dictador es el doctor Gaspar Rodr\u00edguez d<\/p>\n","protected":false},"featured_media":1317,"template":"","meta":[],"product_brand":[349],"product_cat":[31,45],"product_tag":[],"class_list":{"0":"post-1316","1":"product","2":"type-product","3":"status-publish","4":"has-post-thumbnail","6":"product_brand-ana-ribeiro","7":"product_cat-historico","8":"product_cat-uruguayo","10":"first","11":"instock","12":"purchasable","13":"product-type-simple"},"featured_image_urls_v2":{"full":["https:\/\/ajupe.com.uy\/web\/wp-content\/uploads\/2016\/04\/p-1316-6667.jpg",361,528,false],"thumbnail":["https:\/\/ajupe.com.uy\/web\/wp-content\/uploads\/2016\/04\/p-1316-6667.jpg",150,150,true],"medium":["https:\/\/ajupe.com.uy\/web\/wp-content\/uploads\/2016\/04\/p-1316-6667.jpg",300,214,true],"medium_large":["https:\/\/ajupe.com.uy\/web\/wp-content\/uploads\/2016\/04\/p-1316-6667.jpg",361,528,false],"large":["https:\/\/ajupe.com.uy\/web\/wp-content\/uploads\/2016\/04\/p-1316-6667.jpg",361,528,false],"1536x1536":["https:\/\/ajupe.com.uy\/web\/wp-content\/uploads\/2016\/04\/p-1316-6667.jpg",361,528,false],"2048x2048":["https:\/\/ajupe.com.uy\/web\/wp-content\/uploads\/2016\/04\/p-1316-6667.jpg",361,528,false],"woocommerce_archive_thumbnail":["https:\/\/ajupe.com.uy\/web\/wp-content\/uploads\/2016\/04\/p-1316-6667-300x450.jpg",300,450,true],"woocommerce_thumbnail":["https:\/\/ajupe.com.uy\/web\/wp-content\/uploads\/2016\/04\/p-1316-6667-300x300.jpg",300,300,true],"woocommerce_single":["https:\/\/ajupe.com.uy\/web\/wp-content\/uploads\/2016\/04\/p-1316-6667-300x439.jpg",300,439,true],"woocommerce_gallery_thumbnail":["https:\/\/ajupe.com.uy\/web\/wp-content\/uploads\/2016\/04\/p-1316-6667-100x100.jpg",100,100,true]},"post_excerpt_stackable_v2":"<p>El Caudillo es Jos\u00e9 Artigas, rebelde en armas contra la Corona espa\u00f1ola. Carism\u00e1tico jefe de paisanos, gauchos e indios, que extiende su poder desde su Banda Oriental natal al litoral entrerriano y Misiones, &#8230; El Dictador es el doctor Gaspar Rodr\u00edguez d<\/p>\n","category_list_v2":"","author_info_v2":{"name":"","url":""},"comments_num_v2":"0 comentarios","_links":{"self":[{"href":"https:\/\/ajupe.com.uy\/web\/wp-json\/wp\/v2\/product\/1316","targetHints":{"allow":["GET"]}}],"collection":[{"href":"https:\/\/ajupe.com.uy\/web\/wp-json\/wp\/v2\/product"}],"about":[{"href":"https:\/\/ajupe.com.uy\/web\/wp-json\/wp\/v2\/types\/product"}],"wp:featuredmedia":[{"embeddable":true,"href":"https:\/\/ajupe.com.uy\/web\/wp-json\/wp\/v2\/media\/1317"}],"wp:attachment":[{"href":"https:\/\/ajupe.com.uy\/web\/wp-json\/wp\/v2\/media?parent=1316"}],"wp:term":[{"taxonomy":"product_brand","embeddable":true,"href":"https:\/\/ajupe.com.uy\/web\/wp-json\/wp\/v2\/product_brand?post=1316"},{"taxonomy":"product_cat","embeddable":true,"href":"https:\/\/ajupe.com.uy\/web\/wp-json\/wp\/v2\/product_cat?post=1316"},{"taxonomy":"product_tag","embeddable":true,"href":"https:\/\/ajupe.com.uy\/web\/wp-json\/wp\/v2\/product_tag?post=1316"}],"curies":[{"name":"wp","href":"https:\/\/api.w.org\/{rel}","templated":true}]}}