{"id":1324,"date":"2010-07-14T00:00:00","date_gmt":"2010-07-14T03:00:00","guid":{"rendered":"http:\/\/ajupe.com.uy\/web\/?post_type=product&#038;p=1324"},"modified":"2010-07-14T00:00:00","modified_gmt":"2010-07-14T03:00:00","slug":"en-coma","status":"publish","type":"product","link":"https:\/\/ajupe.com.uy\/web\/biblioteca\/en-coma\/","title":{"rendered":"En coma"},"content":{"rendered":"<p>Las llamaban&lt;&lt;intervenciones menores&gt;&gt;, &lt;&lt;operaciones de rutina&gt;&gt;, del tipo de las que se hacen diariamente en el Gran Hospital de Boston. Pero algunos pacientes, demasiados, no despertaban. Quedaban en coma en al mesa de operaciones, v\u00edctimas de inexplicables accidentes. Susan Wheeler, joven estudiante de medicina, decide averiguar qu\u00e9 hay detr\u00e1s de tantas raras coincidencias. Se sumerge en una peligrosa b\u00fasqueda hasta que logra descubrir el terrible secreto: EL POR QU\u00c9 los pacientes entran en coma. Esta es una novela apasionante, imposible de abandonar, llena de detalles ver\u00eddicos sobre el funcionamiento de un gran hospital, los abusos que pueden llegar a cometerse, el mercado negro de la medicina concebida como industria,&#8230;<\/p>\n","protected":false},"excerpt":{"rendered":"<p>Las llamaban&lt;&lt;intervenciones menores&gt;&gt;, &lt;&lt;operaciones de rutina&gt;&gt;, del tipo de las que se hacen diariamente en el Gran Hospital de Boston. Pero algunos pacientes, demasiados, no despertaban. Quedaban en coma en al mesa de operacion<\/p>\n","protected":false},"featured_media":1325,"template":"","meta":[],"product_brand":[133],"product_cat":[30],"product_tag":[],"class_list":{"0":"post-1324","1":"product","2":"type-product","3":"status-publish","4":"has-post-thumbnail","6":"product_brand-robin-cook","7":"product_cat-suspenso","9":"first","10":"instock","11":"purchasable","12":"product-type-simple"},"featured_image_urls_v2":{"full":["https:\/\/ajupe.com.uy\/web\/wp-content\/uploads\/2016\/04\/p-1324-6677.jpg",360,573,false],"thumbnail":["https:\/\/ajupe.com.uy\/web\/wp-content\/uploads\/2016\/04\/p-1324-6677.jpg",150,150,true],"medium":["https:\/\/ajupe.com.uy\/web\/wp-content\/uploads\/2016\/04\/p-1324-6677.jpg",300,214,true],"medium_large":["https:\/\/ajupe.com.uy\/web\/wp-content\/uploads\/2016\/04\/p-1324-6677.jpg",360,573,false],"large":["https:\/\/ajupe.com.uy\/web\/wp-content\/uploads\/2016\/04\/p-1324-6677.jpg",360,573,false],"1536x1536":["https:\/\/ajupe.com.uy\/web\/wp-content\/uploads\/2016\/04\/p-1324-6677.jpg",360,573,false],"2048x2048":["https:\/\/ajupe.com.uy\/web\/wp-content\/uploads\/2016\/04\/p-1324-6677.jpg",360,573,false],"woocommerce_archive_thumbnail":["https:\/\/ajupe.com.uy\/web\/wp-content\/uploads\/2016\/04\/p-1324-6677-300x450.jpg",300,450,true],"woocommerce_thumbnail":["https:\/\/ajupe.com.uy\/web\/wp-content\/uploads\/2016\/04\/p-1324-6677-300x300.jpg",300,300,true],"woocommerce_single":["https:\/\/ajupe.com.uy\/web\/wp-content\/uploads\/2016\/04\/p-1324-6677-300x478.jpg",300,478,true],"woocommerce_gallery_thumbnail":["https:\/\/ajupe.com.uy\/web\/wp-content\/uploads\/2016\/04\/p-1324-6677-100x100.jpg",100,100,true]},"post_excerpt_stackable_v2":"<p>Las llamaban&lt;&lt;intervenciones menores&gt;&gt;, &lt;&lt;operaciones de rutina&gt;&gt;, del tipo de las que se hacen diariamente en el Gran Hospital de Boston. Pero algunos pacientes, demasiados, no despertaban. Quedaban en coma en al mesa de operacion<\/p>\n","category_list_v2":"","author_info_v2":{"name":"","url":""},"comments_num_v2":"0 comentarios","_links":{"self":[{"href":"https:\/\/ajupe.com.uy\/web\/wp-json\/wp\/v2\/product\/1324","targetHints":{"allow":["GET"]}}],"collection":[{"href":"https:\/\/ajupe.com.uy\/web\/wp-json\/wp\/v2\/product"}],"about":[{"href":"https:\/\/ajupe.com.uy\/web\/wp-json\/wp\/v2\/types\/product"}],"wp:featuredmedia":[{"embeddable":true,"href":"https:\/\/ajupe.com.uy\/web\/wp-json\/wp\/v2\/media\/1325"}],"wp:attachment":[{"href":"https:\/\/ajupe.com.uy\/web\/wp-json\/wp\/v2\/media?parent=1324"}],"wp:term":[{"taxonomy":"product_brand","embeddable":true,"href":"https:\/\/ajupe.com.uy\/web\/wp-json\/wp\/v2\/product_brand?post=1324"},{"taxonomy":"product_cat","embeddable":true,"href":"https:\/\/ajupe.com.uy\/web\/wp-json\/wp\/v2\/product_cat?post=1324"},{"taxonomy":"product_tag","embeddable":true,"href":"https:\/\/ajupe.com.uy\/web\/wp-json\/wp\/v2\/product_tag?post=1324"}],"curies":[{"name":"wp","href":"https:\/\/api.w.org\/{rel}","templated":true}]}}