{"id":1328,"date":"2010-07-14T00:00:00","date_gmt":"2010-07-14T03:00:00","guid":{"rendered":"http:\/\/ajupe.com.uy\/web\/?post_type=product&#038;p=1328"},"modified":"2011-08-26T18:48:59","modified_gmt":"2011-08-26T21:48:59","slug":"el-negocio-de-mi-negocio","status":"publish","type":"product","link":"https:\/\/ajupe.com.uy\/web\/biblioteca\/el-negocio-de-mi-negocio\/","title":{"rendered":"El negocio de mi negocio"},"content":{"rendered":"<p>Todos hemos sido sometidos a cambios sorpresivos e inesperados en los \u00faltimos tiempos. La reflexi\u00f3n que me provocaron estos cambios me condujo al an\u00e1lisis de las oportunidades en situaciones de crisis. Por eso, le propongo que exploremos juntos la realidad que nos rodea. Exploremos la mejor manera de autogestionarnos en momentos de cambio, rompiendo antiguos paradigmas y prepar\u00e1ndonos para competir en un mundo diferente. Permitamos fluir la creatividad como \u00fanica herramienta de sobrevivencia y adaptaci\u00f3n a un mundo nuevo.<\/p>\n","protected":false},"excerpt":{"rendered":"<p>Todos hemos sido sometidos a cambios sorpresivos e inesperados en los \u00faltimos tiempos. La reflexi\u00f3n que me provocaron estos cambios me condujo al an\u00e1lisis de las oportunidades en situaciones de crisis. Por eso, le propongo que exploremos juntos la realida<\/p>\n","protected":false},"featured_media":1329,"template":"","meta":[],"product_brand":[373],"product_cat":[34,45],"product_tag":[],"class_list":{"0":"post-1328","1":"product","2":"type-product","3":"status-publish","4":"has-post-thumbnail","6":"product_brand-marta-penades","7":"product_cat-otros","8":"product_cat-uruguayo","10":"first","11":"instock","12":"purchasable","13":"product-type-simple"},"featured_image_urls_v2":{"full":["https:\/\/ajupe.com.uy\/web\/wp-content\/uploads\/2016\/04\/p-1328-6681.jpg",358,589,false],"thumbnail":["https:\/\/ajupe.com.uy\/web\/wp-content\/uploads\/2016\/04\/p-1328-6681.jpg",150,150,true],"medium":["https:\/\/ajupe.com.uy\/web\/wp-content\/uploads\/2016\/04\/p-1328-6681.jpg",300,214,true],"medium_large":["https:\/\/ajupe.com.uy\/web\/wp-content\/uploads\/2016\/04\/p-1328-6681.jpg",358,589,false],"large":["https:\/\/ajupe.com.uy\/web\/wp-content\/uploads\/2016\/04\/p-1328-6681.jpg",358,589,false],"1536x1536":["https:\/\/ajupe.com.uy\/web\/wp-content\/uploads\/2016\/04\/p-1328-6681.jpg",358,589,false],"2048x2048":["https:\/\/ajupe.com.uy\/web\/wp-content\/uploads\/2016\/04\/p-1328-6681.jpg",358,589,false],"woocommerce_archive_thumbnail":["https:\/\/ajupe.com.uy\/web\/wp-content\/uploads\/2016\/04\/p-1328-6681-300x450.jpg",300,450,true],"woocommerce_thumbnail":["https:\/\/ajupe.com.uy\/web\/wp-content\/uploads\/2016\/04\/p-1328-6681-300x300.jpg",300,300,true],"woocommerce_single":["https:\/\/ajupe.com.uy\/web\/wp-content\/uploads\/2016\/04\/p-1328-6681-300x494.jpg",300,494,true],"woocommerce_gallery_thumbnail":["https:\/\/ajupe.com.uy\/web\/wp-content\/uploads\/2016\/04\/p-1328-6681-100x100.jpg",100,100,true]},"post_excerpt_stackable_v2":"<p>Todos hemos sido sometidos a cambios sorpresivos e inesperados en los \u00faltimos tiempos. La reflexi\u00f3n que me provocaron estos cambios me condujo al an\u00e1lisis de las oportunidades en situaciones de crisis. Por eso, le propongo que exploremos juntos la realida<\/p>\n","category_list_v2":"","author_info_v2":{"name":"","url":""},"comments_num_v2":"0 comentarios","_links":{"self":[{"href":"https:\/\/ajupe.com.uy\/web\/wp-json\/wp\/v2\/product\/1328","targetHints":{"allow":["GET"]}}],"collection":[{"href":"https:\/\/ajupe.com.uy\/web\/wp-json\/wp\/v2\/product"}],"about":[{"href":"https:\/\/ajupe.com.uy\/web\/wp-json\/wp\/v2\/types\/product"}],"wp:featuredmedia":[{"embeddable":true,"href":"https:\/\/ajupe.com.uy\/web\/wp-json\/wp\/v2\/media\/1329"}],"wp:attachment":[{"href":"https:\/\/ajupe.com.uy\/web\/wp-json\/wp\/v2\/media?parent=1328"}],"wp:term":[{"taxonomy":"product_brand","embeddable":true,"href":"https:\/\/ajupe.com.uy\/web\/wp-json\/wp\/v2\/product_brand?post=1328"},{"taxonomy":"product_cat","embeddable":true,"href":"https:\/\/ajupe.com.uy\/web\/wp-json\/wp\/v2\/product_cat?post=1328"},{"taxonomy":"product_tag","embeddable":true,"href":"https:\/\/ajupe.com.uy\/web\/wp-json\/wp\/v2\/product_tag?post=1328"}],"curies":[{"name":"wp","href":"https:\/\/api.w.org\/{rel}","templated":true}]}}