{"id":1332,"date":"2010-07-14T00:00:00","date_gmt":"2010-07-14T03:00:00","guid":{"rendered":"http:\/\/ajupe.com.uy\/web\/?post_type=product&#038;p=1332"},"modified":"2011-08-26T18:46:13","modified_gmt":"2011-08-26T21:46:13","slug":"antes-del-asco-excremento-entre-naturaleza-y-cultura","status":"publish","type":"product","link":"https:\/\/ajupe.com.uy\/web\/biblioteca\/antes-del-asco-excremento-entre-naturaleza-y-cultura\/","title":{"rendered":"Antes del asco. Excremento, entre naturaleza y cultura."},"content":{"rendered":"<p>\u201cHace un tiempo un amigo sufri\u00f3 una operaci\u00f3n tras la cual debi\u00f3 reprender h\u00e1bitos digestivos. El coraje con que abord\u00f3 tal aprendizaje y la devoci\u00f3n de su compa\u00f1era me hicieron pensar en el excremento como signo de amor. Un proceso tan natural como la digesti\u00f3n produce las heces que, una vez excretadas, acogen los m\u00e1s diversos significados culturales. Ese es el centro de esta investigaci\u00f3n&#8230;\u201d<\/p>\n","protected":false},"excerpt":{"rendered":"<p>\u201cHace un tiempo un amigo sufri\u00f3 una operaci\u00f3n tras la cual debi\u00f3 reprender h\u00e1bitos digestivos. El coraje con que abord\u00f3 tal aprendizaje y la devoci\u00f3n de su compa\u00f1era me hicieron pensar en el excremento como signo de amor. Un proceso tan natural como la di<\/p>\n","protected":false},"featured_media":1333,"template":"","meta":[],"product_brand":[375],"product_cat":[42,34],"product_tag":[],"class_list":{"0":"post-1332","1":"product","2":"type-product","3":"status-publish","4":"has-post-thumbnail","6":"product_brand-hilia-moreira","7":"product_cat-aventura","8":"product_cat-otros","10":"first","11":"instock","12":"purchasable","13":"product-type-simple"},"featured_image_urls_v2":{"full":["https:\/\/ajupe.com.uy\/web\/wp-content\/uploads\/2016\/04\/p-1332-6687.jpg",361,513,false],"thumbnail":["https:\/\/ajupe.com.uy\/web\/wp-content\/uploads\/2016\/04\/p-1332-6687.jpg",150,150,true],"medium":["https:\/\/ajupe.com.uy\/web\/wp-content\/uploads\/2016\/04\/p-1332-6687.jpg",300,214,true],"medium_large":["https:\/\/ajupe.com.uy\/web\/wp-content\/uploads\/2016\/04\/p-1332-6687.jpg",361,513,false],"large":["https:\/\/ajupe.com.uy\/web\/wp-content\/uploads\/2016\/04\/p-1332-6687.jpg",361,513,false],"1536x1536":["https:\/\/ajupe.com.uy\/web\/wp-content\/uploads\/2016\/04\/p-1332-6687.jpg",361,513,false],"2048x2048":["https:\/\/ajupe.com.uy\/web\/wp-content\/uploads\/2016\/04\/p-1332-6687.jpg",361,513,false],"woocommerce_archive_thumbnail":["https:\/\/ajupe.com.uy\/web\/wp-content\/uploads\/2016\/04\/p-1332-6687-300x450.jpg",300,450,true],"woocommerce_thumbnail":["https:\/\/ajupe.com.uy\/web\/wp-content\/uploads\/2016\/04\/p-1332-6687-300x300.jpg",300,300,true],"woocommerce_single":["https:\/\/ajupe.com.uy\/web\/wp-content\/uploads\/2016\/04\/p-1332-6687-300x426.jpg",300,426,true],"woocommerce_gallery_thumbnail":["https:\/\/ajupe.com.uy\/web\/wp-content\/uploads\/2016\/04\/p-1332-6687-100x100.jpg",100,100,true]},"post_excerpt_stackable_v2":"<p>\u201cHace un tiempo un amigo sufri\u00f3 una operaci\u00f3n tras la cual debi\u00f3 reprender h\u00e1bitos digestivos. El coraje con que abord\u00f3 tal aprendizaje y la devoci\u00f3n de su compa\u00f1era me hicieron pensar en el excremento como signo de amor. Un proceso tan natural como la di<\/p>\n","category_list_v2":"","author_info_v2":{"name":"","url":""},"comments_num_v2":"0 comentarios","_links":{"self":[{"href":"https:\/\/ajupe.com.uy\/web\/wp-json\/wp\/v2\/product\/1332","targetHints":{"allow":["GET"]}}],"collection":[{"href":"https:\/\/ajupe.com.uy\/web\/wp-json\/wp\/v2\/product"}],"about":[{"href":"https:\/\/ajupe.com.uy\/web\/wp-json\/wp\/v2\/types\/product"}],"wp:featuredmedia":[{"embeddable":true,"href":"https:\/\/ajupe.com.uy\/web\/wp-json\/wp\/v2\/media\/1333"}],"wp:attachment":[{"href":"https:\/\/ajupe.com.uy\/web\/wp-json\/wp\/v2\/media?parent=1332"}],"wp:term":[{"taxonomy":"product_brand","embeddable":true,"href":"https:\/\/ajupe.com.uy\/web\/wp-json\/wp\/v2\/product_brand?post=1332"},{"taxonomy":"product_cat","embeddable":true,"href":"https:\/\/ajupe.com.uy\/web\/wp-json\/wp\/v2\/product_cat?post=1332"},{"taxonomy":"product_tag","embeddable":true,"href":"https:\/\/ajupe.com.uy\/web\/wp-json\/wp\/v2\/product_tag?post=1332"}],"curies":[{"name":"wp","href":"https:\/\/api.w.org\/{rel}","templated":true}]}}