{"id":1334,"date":"2010-07-14T00:00:00","date_gmt":"2010-07-14T03:00:00","guid":{"rendered":"http:\/\/ajupe.com.uy\/web\/?post_type=product&#038;p=1334"},"modified":"2011-08-26T18:45:08","modified_gmt":"2011-08-26T21:45:08","slug":"medicina-del-alma","status":"publish","type":"product","link":"https:\/\/ajupe.com.uy\/web\/biblioteca\/medicina-del-alma\/","title":{"rendered":"Medicina del alma"},"content":{"rendered":"<p>Este libro es una versi\u00f3n de las palabras pronunciadas por el padre De Mello en un ciclo de dos conferencias televisivas ofrecidas en Nueva York el 15 de noviembre de 1986, en las que present\u00f3 su mensaje espiritual y, en particular, su filosof\u00eda acerca de la vida y la felicidad. La exposici\u00f3n de Tony, adaptada a las necesidades de la lectura, es un testimonio invalorable e inelucible. Oto puro espiritual.<\/p>\n","protected":false},"excerpt":{"rendered":"<p>Este libro es una versi\u00f3n de las palabras pronunciadas por el padre De Mello en un ciclo de dos conferencias televisivas ofrecidas en Nueva York el 15 de noviembre de 1986, en las que present\u00f3 su mensaje espiritual y, en particular, su filosof\u00eda acerca de<\/p>\n","protected":false},"featured_media":1335,"template":"","meta":[],"product_brand":[376],"product_cat":[32,35],"product_tag":[],"class_list":{"0":"post-1334","1":"product","2":"type-product","3":"status-publish","4":"has-post-thumbnail","6":"product_brand-anthony-de-mello","7":"product_cat-autoayuda","8":"product_cat-filosofico","10":"first","11":"instock","12":"purchasable","13":"product-type-simple"},"featured_image_urls_v2":{"full":["https:\/\/ajupe.com.uy\/web\/wp-content\/uploads\/2016\/04\/p-1334-6688.jpg",362,528,false],"thumbnail":["https:\/\/ajupe.com.uy\/web\/wp-content\/uploads\/2016\/04\/p-1334-6688.jpg",150,150,true],"medium":["https:\/\/ajupe.com.uy\/web\/wp-content\/uploads\/2016\/04\/p-1334-6688.jpg",300,214,true],"medium_large":["https:\/\/ajupe.com.uy\/web\/wp-content\/uploads\/2016\/04\/p-1334-6688.jpg",362,528,false],"large":["https:\/\/ajupe.com.uy\/web\/wp-content\/uploads\/2016\/04\/p-1334-6688.jpg",362,528,false],"1536x1536":["https:\/\/ajupe.com.uy\/web\/wp-content\/uploads\/2016\/04\/p-1334-6688.jpg",362,528,false],"2048x2048":["https:\/\/ajupe.com.uy\/web\/wp-content\/uploads\/2016\/04\/p-1334-6688.jpg",362,528,false],"woocommerce_archive_thumbnail":["https:\/\/ajupe.com.uy\/web\/wp-content\/uploads\/2016\/04\/p-1334-6688-300x450.jpg",300,450,true],"woocommerce_thumbnail":["https:\/\/ajupe.com.uy\/web\/wp-content\/uploads\/2016\/04\/p-1334-6688-300x300.jpg",300,300,true],"woocommerce_single":["https:\/\/ajupe.com.uy\/web\/wp-content\/uploads\/2016\/04\/p-1334-6688-300x438.jpg",300,438,true],"woocommerce_gallery_thumbnail":["https:\/\/ajupe.com.uy\/web\/wp-content\/uploads\/2016\/04\/p-1334-6688-100x100.jpg",100,100,true]},"post_excerpt_stackable_v2":"<p>Este libro es una versi\u00f3n de las palabras pronunciadas por el padre De Mello en un ciclo de dos conferencias televisivas ofrecidas en Nueva York el 15 de noviembre de 1986, en las que present\u00f3 su mensaje espiritual y, en particular, su filosof\u00eda acerca de<\/p>\n","category_list_v2":"","author_info_v2":{"name":"","url":""},"comments_num_v2":"0 comentarios","_links":{"self":[{"href":"https:\/\/ajupe.com.uy\/web\/wp-json\/wp\/v2\/product\/1334","targetHints":{"allow":["GET"]}}],"collection":[{"href":"https:\/\/ajupe.com.uy\/web\/wp-json\/wp\/v2\/product"}],"about":[{"href":"https:\/\/ajupe.com.uy\/web\/wp-json\/wp\/v2\/types\/product"}],"wp:featuredmedia":[{"embeddable":true,"href":"https:\/\/ajupe.com.uy\/web\/wp-json\/wp\/v2\/media\/1335"}],"wp:attachment":[{"href":"https:\/\/ajupe.com.uy\/web\/wp-json\/wp\/v2\/media?parent=1334"}],"wp:term":[{"taxonomy":"product_brand","embeddable":true,"href":"https:\/\/ajupe.com.uy\/web\/wp-json\/wp\/v2\/product_brand?post=1334"},{"taxonomy":"product_cat","embeddable":true,"href":"https:\/\/ajupe.com.uy\/web\/wp-json\/wp\/v2\/product_cat?post=1334"},{"taxonomy":"product_tag","embeddable":true,"href":"https:\/\/ajupe.com.uy\/web\/wp-json\/wp\/v2\/product_tag?post=1334"}],"curies":[{"name":"wp","href":"https:\/\/api.w.org\/{rel}","templated":true}]}}