{"id":1346,"date":"2010-07-14T00:00:00","date_gmt":"2010-07-14T03:00:00","guid":{"rendered":"http:\/\/ajupe.com.uy\/web\/?post_type=product&#038;p=1346"},"modified":"2010-07-14T00:00:00","modified_gmt":"2010-07-14T03:00:00","slug":"shimiriti-de-la-ignorancia-a-la-inteligencia","status":"publish","type":"product","link":"https:\/\/ajupe.com.uy\/web\/biblioteca\/shimiriti-de-la-ignorancia-a-la-inteligencia\/","title":{"rendered":"SHIMIRITI- De la ignorancia a la inteligencia"},"content":{"rendered":"<p>\u00c9ste no es un libro m\u00e1s de Bucay. Tampoco el principal. Shimriti, de la Ignorancia a la Sabidur\u00eda est\u00e1 presente en cada libro suyo anterior y estar\u00e1, quiz\u00e1, en aquellos que escriba en el futuro. &quot;Poca gente sintoniza con un buscador de sabidur\u00eda, porque \u00e9ste es siempre impredecible, no deja que conf\u00edes en \u00e9l; quiz\u00e1 no satisfaga ninguna de tus esperanzas; pero despu\u00e9s de ofenderte, de defraudarte, de inquietarte y de lastimarte&#8230; poco a poco, te despertar\u00e1 a al experiencia de la libertad&quot;. Puede resultar molesto, pero no hay otra manera para este autor que ponerte de cara al compromiso con tu propia vida. Todos somos -sostiene- ignorantes, buscadores, conocedores, y de alguna manera tenemos un sabio interior que, si lo escuch\u00e1ramos&#8230;<\/p>\n","protected":false},"excerpt":{"rendered":"<p>\u00c9ste no es un libro m\u00e1s de Bucay. Tampoco el principal. Shimriti, de la Ignorancia a la Sabidur\u00eda est\u00e1 presente en cada libro suyo anterior y estar\u00e1, quiz\u00e1, en aquellos que escriba en el futuro. &quot;Poca gente sintoniza con un buscador de sabidur\u00eda, por<\/p>\n","protected":false},"featured_media":1347,"template":"","meta":[],"product_brand":[276],"product_cat":[32],"product_tag":[],"class_list":{"0":"post-1346","1":"product","2":"type-product","3":"status-publish","4":"has-post-thumbnail","6":"product_brand-jorge-bucay","7":"product_cat-autoayuda","9":"first","10":"instock","11":"purchasable","12":"product-type-simple"},"featured_image_urls_v2":{"full":["https:\/\/ajupe.com.uy\/web\/wp-content\/uploads\/2016\/04\/p-1346-6695.jpg",361,528,false],"thumbnail":["https:\/\/ajupe.com.uy\/web\/wp-content\/uploads\/2016\/04\/p-1346-6695.jpg",150,150,true],"medium":["https:\/\/ajupe.com.uy\/web\/wp-content\/uploads\/2016\/04\/p-1346-6695.jpg",300,214,true],"medium_large":["https:\/\/ajupe.com.uy\/web\/wp-content\/uploads\/2016\/04\/p-1346-6695.jpg",361,528,false],"large":["https:\/\/ajupe.com.uy\/web\/wp-content\/uploads\/2016\/04\/p-1346-6695.jpg",361,528,false],"1536x1536":["https:\/\/ajupe.com.uy\/web\/wp-content\/uploads\/2016\/04\/p-1346-6695.jpg",361,528,false],"2048x2048":["https:\/\/ajupe.com.uy\/web\/wp-content\/uploads\/2016\/04\/p-1346-6695.jpg",361,528,false],"woocommerce_archive_thumbnail":["https:\/\/ajupe.com.uy\/web\/wp-content\/uploads\/2016\/04\/p-1346-6695-300x450.jpg",300,450,true],"woocommerce_thumbnail":["https:\/\/ajupe.com.uy\/web\/wp-content\/uploads\/2016\/04\/p-1346-6695-300x300.jpg",300,300,true],"woocommerce_single":["https:\/\/ajupe.com.uy\/web\/wp-content\/uploads\/2016\/04\/p-1346-6695-300x439.jpg",300,439,true],"woocommerce_gallery_thumbnail":["https:\/\/ajupe.com.uy\/web\/wp-content\/uploads\/2016\/04\/p-1346-6695-100x100.jpg",100,100,true]},"post_excerpt_stackable_v2":"<p>\u00c9ste no es un libro m\u00e1s de Bucay. Tampoco el principal. Shimriti, de la Ignorancia a la Sabidur\u00eda est\u00e1 presente en cada libro suyo anterior y estar\u00e1, quiz\u00e1, en aquellos que escriba en el futuro. &quot;Poca gente sintoniza con un buscador de sabidur\u00eda, por<\/p>\n","category_list_v2":"","author_info_v2":{"name":"","url":""},"comments_num_v2":"0 comentarios","_links":{"self":[{"href":"https:\/\/ajupe.com.uy\/web\/wp-json\/wp\/v2\/product\/1346","targetHints":{"allow":["GET"]}}],"collection":[{"href":"https:\/\/ajupe.com.uy\/web\/wp-json\/wp\/v2\/product"}],"about":[{"href":"https:\/\/ajupe.com.uy\/web\/wp-json\/wp\/v2\/types\/product"}],"wp:featuredmedia":[{"embeddable":true,"href":"https:\/\/ajupe.com.uy\/web\/wp-json\/wp\/v2\/media\/1347"}],"wp:attachment":[{"href":"https:\/\/ajupe.com.uy\/web\/wp-json\/wp\/v2\/media?parent=1346"}],"wp:term":[{"taxonomy":"product_brand","embeddable":true,"href":"https:\/\/ajupe.com.uy\/web\/wp-json\/wp\/v2\/product_brand?post=1346"},{"taxonomy":"product_cat","embeddable":true,"href":"https:\/\/ajupe.com.uy\/web\/wp-json\/wp\/v2\/product_cat?post=1346"},{"taxonomy":"product_tag","embeddable":true,"href":"https:\/\/ajupe.com.uy\/web\/wp-json\/wp\/v2\/product_tag?post=1346"}],"curies":[{"name":"wp","href":"https:\/\/api.w.org\/{rel}","templated":true}]}}