{"id":1348,"date":"2010-07-14T00:00:00","date_gmt":"2010-07-14T03:00:00","guid":{"rendered":"http:\/\/ajupe.com.uy\/web\/?post_type=product&#038;p=1348"},"modified":"2010-07-14T00:00:00","modified_gmt":"2010-07-14T03:00:00","slug":"deber-real","status":"publish","type":"product","link":"https:\/\/ajupe.com.uy\/web\/biblioteca\/deber-real\/","title":{"rendered":"Deber Real"},"content":{"rendered":"<p>Diana, princesa de Gales, fue una de las figuras p\u00fablicas m\u00e1s populares del siglo XX. Conocida como &quot;la princesa de la gente&quot;, cautiv\u00f3 a millones de personas en todo el mundo. Se ha escrito mucho sobre ella pero nadie asta ahora hab\u00eda contado su vida del modo en que s\u00f3lo una persona pod\u00eda hacerlo: Paul Burrel, al que ella describi\u00f3 como &quot;mi roca&quot; y &quot;el \u00fanico hombre en que puedo confiar&quot;. Burrel lacayo personal de la Reina, conoci\u00f3 a Diana durante sus primeras visitas al castillo de Balmoral. Pronto se convirti\u00f3 en su mayordomo personal y en su confidente. El lazo de respetuosa amistad entre ambos dur\u00f3 hasta el final de la vida de la princesa. La perspectiva \u00fanica que ofrece este libro arroja nueva luz sobre la princesa de Gales y los acontecimientos que signaron su vida.<\/p>\n","protected":false},"excerpt":{"rendered":"<p>Diana, princesa de Gales, fue una de las figuras p\u00fablicas m\u00e1s populares del siglo XX. Conocida como &quot;la princesa de la gente&quot;, cautiv\u00f3 a millones de personas en todo el mundo. Se ha escrito mucho sobre ella pero nadie asta ahora hab\u00eda contado su<\/p>\n","protected":false},"featured_media":1349,"template":"","meta":[],"product_brand":[381],"product_cat":[44],"product_tag":[],"class_list":{"0":"post-1348","1":"product","2":"type-product","3":"status-publish","4":"has-post-thumbnail","6":"product_brand-paul-burrell","7":"product_cat-biografico","9":"first","10":"instock","11":"purchasable","12":"product-type-simple"},"featured_image_urls_v2":{"full":["https:\/\/ajupe.com.uy\/web\/wp-content\/uploads\/2016\/04\/p-1348-6696.jpg",362,549,false],"thumbnail":["https:\/\/ajupe.com.uy\/web\/wp-content\/uploads\/2016\/04\/p-1348-6696.jpg",150,150,true],"medium":["https:\/\/ajupe.com.uy\/web\/wp-content\/uploads\/2016\/04\/p-1348-6696.jpg",300,214,true],"medium_large":["https:\/\/ajupe.com.uy\/web\/wp-content\/uploads\/2016\/04\/p-1348-6696.jpg",362,549,false],"large":["https:\/\/ajupe.com.uy\/web\/wp-content\/uploads\/2016\/04\/p-1348-6696.jpg",362,549,false],"1536x1536":["https:\/\/ajupe.com.uy\/web\/wp-content\/uploads\/2016\/04\/p-1348-6696.jpg",362,549,false],"2048x2048":["https:\/\/ajupe.com.uy\/web\/wp-content\/uploads\/2016\/04\/p-1348-6696.jpg",362,549,false],"woocommerce_archive_thumbnail":["https:\/\/ajupe.com.uy\/web\/wp-content\/uploads\/2016\/04\/p-1348-6696-300x450.jpg",300,450,true],"woocommerce_thumbnail":["https:\/\/ajupe.com.uy\/web\/wp-content\/uploads\/2016\/04\/p-1348-6696-300x300.jpg",300,300,true],"woocommerce_single":["https:\/\/ajupe.com.uy\/web\/wp-content\/uploads\/2016\/04\/p-1348-6696-300x455.jpg",300,455,true],"woocommerce_gallery_thumbnail":["https:\/\/ajupe.com.uy\/web\/wp-content\/uploads\/2016\/04\/p-1348-6696-100x100.jpg",100,100,true]},"post_excerpt_stackable_v2":"<p>Diana, princesa de Gales, fue una de las figuras p\u00fablicas m\u00e1s populares del siglo XX. Conocida como &quot;la princesa de la gente&quot;, cautiv\u00f3 a millones de personas en todo el mundo. Se ha escrito mucho sobre ella pero nadie asta ahora hab\u00eda contado su<\/p>\n","category_list_v2":"","author_info_v2":{"name":"","url":""},"comments_num_v2":"0 comentarios","_links":{"self":[{"href":"https:\/\/ajupe.com.uy\/web\/wp-json\/wp\/v2\/product\/1348","targetHints":{"allow":["GET"]}}],"collection":[{"href":"https:\/\/ajupe.com.uy\/web\/wp-json\/wp\/v2\/product"}],"about":[{"href":"https:\/\/ajupe.com.uy\/web\/wp-json\/wp\/v2\/types\/product"}],"wp:featuredmedia":[{"embeddable":true,"href":"https:\/\/ajupe.com.uy\/web\/wp-json\/wp\/v2\/media\/1349"}],"wp:attachment":[{"href":"https:\/\/ajupe.com.uy\/web\/wp-json\/wp\/v2\/media?parent=1348"}],"wp:term":[{"taxonomy":"product_brand","embeddable":true,"href":"https:\/\/ajupe.com.uy\/web\/wp-json\/wp\/v2\/product_brand?post=1348"},{"taxonomy":"product_cat","embeddable":true,"href":"https:\/\/ajupe.com.uy\/web\/wp-json\/wp\/v2\/product_cat?post=1348"},{"taxonomy":"product_tag","embeddable":true,"href":"https:\/\/ajupe.com.uy\/web\/wp-json\/wp\/v2\/product_tag?post=1348"}],"curies":[{"name":"wp","href":"https:\/\/api.w.org\/{rel}","templated":true}]}}