{"id":1352,"date":"2010-07-14T00:00:00","date_gmt":"2010-07-14T03:00:00","guid":{"rendered":"http:\/\/ajupe.com.uy\/web\/?post_type=product&#038;p=1352"},"modified":"2011-08-26T18:36:57","modified_gmt":"2011-08-26T21:36:57","slug":"mi-pais-inventado","status":"publish","type":"product","link":"https:\/\/ajupe.com.uy\/web\/biblioteca\/mi-pais-inventado\/","title":{"rendered":"Mi pa\u00eds inventado"},"content":{"rendered":"<p>Amor por Chile y una gran nostalgia son el origen de este libro. La presencia continuada del pasado, el sentimiento de verse ausente de la patria, la melancol\u00eda por la dicha perdida, la conciencia de haber sido peregrina y forastera: en Mi pa\u00eds inventado, Isabel Allende recoge toda la emoci\u00f3n que esto conlleva, y nos la transmite con inteligencia y humor. Tamizado por la mirada y los recuerdos de la autora, Chile deviene un pa\u00eds real y fant\u00e1stico a al vez; una tierra estoica y hospitalaria, de hombres machistas y mujeres fuertes y apegadas a la tierra. Pero, sobre todo, es el escenario de su ni\u00f1ez: evocados con gracia, cobran aqu\u00ed vida de nuevo su original familia, la casa de los abuelos, el ceremonial de las comidas, las historias infidelidades&#8230;<\/p>\n","protected":false},"excerpt":{"rendered":"<p>Amor por Chile y una gran nostalgia son el origen de este libro. La presencia continuada del pasado, el sentimiento de verse ausente de la patria, la melancol\u00eda por la dicha perdida, la conciencia de haber sido peregrina y forastera: en Mi pa\u00eds inventado,<\/p>\n","protected":false},"featured_media":1353,"template":"","meta":[],"product_brand":[50],"product_cat":[36,46],"product_tag":[],"class_list":{"0":"post-1352","1":"product","2":"type-product","3":"status-publish","4":"has-post-thumbnail","6":"product_brand-isabel-allende","7":"product_cat-autobiografico","8":"product_cat-poesia","10":"first","11":"instock","12":"purchasable","13":"product-type-simple"},"featured_image_urls_v2":{"full":["https:\/\/ajupe.com.uy\/web\/wp-content\/uploads\/2016\/04\/p-1352-6699.jpg",360,554,false],"thumbnail":["https:\/\/ajupe.com.uy\/web\/wp-content\/uploads\/2016\/04\/p-1352-6699.jpg",150,150,true],"medium":["https:\/\/ajupe.com.uy\/web\/wp-content\/uploads\/2016\/04\/p-1352-6699.jpg",300,214,true],"medium_large":["https:\/\/ajupe.com.uy\/web\/wp-content\/uploads\/2016\/04\/p-1352-6699.jpg",360,554,false],"large":["https:\/\/ajupe.com.uy\/web\/wp-content\/uploads\/2016\/04\/p-1352-6699.jpg",360,554,false],"1536x1536":["https:\/\/ajupe.com.uy\/web\/wp-content\/uploads\/2016\/04\/p-1352-6699.jpg",360,554,false],"2048x2048":["https:\/\/ajupe.com.uy\/web\/wp-content\/uploads\/2016\/04\/p-1352-6699.jpg",360,554,false],"woocommerce_archive_thumbnail":["https:\/\/ajupe.com.uy\/web\/wp-content\/uploads\/2016\/04\/p-1352-6699-300x450.jpg",300,450,true],"woocommerce_thumbnail":["https:\/\/ajupe.com.uy\/web\/wp-content\/uploads\/2016\/04\/p-1352-6699-300x300.jpg",300,300,true],"woocommerce_single":["https:\/\/ajupe.com.uy\/web\/wp-content\/uploads\/2016\/04\/p-1352-6699-300x462.jpg",300,462,true],"woocommerce_gallery_thumbnail":["https:\/\/ajupe.com.uy\/web\/wp-content\/uploads\/2016\/04\/p-1352-6699-100x100.jpg",100,100,true]},"post_excerpt_stackable_v2":"<p>Amor por Chile y una gran nostalgia son el origen de este libro. La presencia continuada del pasado, el sentimiento de verse ausente de la patria, la melancol\u00eda por la dicha perdida, la conciencia de haber sido peregrina y forastera: en Mi pa\u00eds inventado,<\/p>\n","category_list_v2":"","author_info_v2":{"name":"","url":""},"comments_num_v2":"0 comentarios","_links":{"self":[{"href":"https:\/\/ajupe.com.uy\/web\/wp-json\/wp\/v2\/product\/1352","targetHints":{"allow":["GET"]}}],"collection":[{"href":"https:\/\/ajupe.com.uy\/web\/wp-json\/wp\/v2\/product"}],"about":[{"href":"https:\/\/ajupe.com.uy\/web\/wp-json\/wp\/v2\/types\/product"}],"wp:featuredmedia":[{"embeddable":true,"href":"https:\/\/ajupe.com.uy\/web\/wp-json\/wp\/v2\/media\/1353"}],"wp:attachment":[{"href":"https:\/\/ajupe.com.uy\/web\/wp-json\/wp\/v2\/media?parent=1352"}],"wp:term":[{"taxonomy":"product_brand","embeddable":true,"href":"https:\/\/ajupe.com.uy\/web\/wp-json\/wp\/v2\/product_brand?post=1352"},{"taxonomy":"product_cat","embeddable":true,"href":"https:\/\/ajupe.com.uy\/web\/wp-json\/wp\/v2\/product_cat?post=1352"},{"taxonomy":"product_tag","embeddable":true,"href":"https:\/\/ajupe.com.uy\/web\/wp-json\/wp\/v2\/product_tag?post=1352"}],"curies":[{"name":"wp","href":"https:\/\/api.w.org\/{rel}","templated":true}]}}