{"id":1360,"date":"2010-07-14T00:00:00","date_gmt":"2010-07-14T03:00:00","guid":{"rendered":"http:\/\/ajupe.com.uy\/web\/?post_type=product&#038;p=1360"},"modified":"2010-07-14T00:00:00","modified_gmt":"2010-07-14T03:00:00","slug":"tonico-para-el-alma","status":"publish","type":"product","link":"https:\/\/ajupe.com.uy\/web\/biblioteca\/tonico-para-el-alma\/","title":{"rendered":"T\u00f3nico para el alma"},"content":{"rendered":"<p>Este conjunto de sencillas meditaciones incluye ejercicios de relajaci\u00f3n y toma de conciencia, m\u00e9todos libres de sustancias qu\u00edmicas y claves para mantener una mayor sensaci\u00f3n de bienestar en la vida cotidiana. Osho presenta t\u00e9cnicas novedosas en una forma f\u00e1cil de comprender para lidiar con diferentes facetas y s\u00edntomas de la vida contempor\u00e1nea, como las tensiones personales. Adem\u00e1s, Osho nos gu\u00eda por medio de historias y comentarios, muchas veces po\u00e9ticos, otras humor\u00edsticas y siempre iluminadores.<\/p>\n","protected":false},"excerpt":{"rendered":"<p>Este conjunto de sencillas meditaciones incluye ejercicios de relajaci\u00f3n y toma de conciencia, m\u00e9todos libres de sustancias qu\u00edmicas y claves para mantener una mayor sensaci\u00f3n de bienestar en la vida cotidiana. Osho presenta t\u00e9cnicas novedosas en una form<\/p>\n","protected":false},"featured_media":1361,"template":"","meta":[],"product_brand":[383],"product_cat":[32],"product_tag":[],"class_list":{"0":"post-1360","1":"product","2":"type-product","3":"status-publish","4":"has-post-thumbnail","6":"product_brand-osho","7":"product_cat-autoayuda","9":"first","10":"instock","11":"purchasable","12":"product-type-simple"},"featured_image_urls_v2":{"full":["https:\/\/ajupe.com.uy\/web\/wp-content\/uploads\/2016\/04\/p-1360-6703.jpg",361,549,false],"thumbnail":["https:\/\/ajupe.com.uy\/web\/wp-content\/uploads\/2016\/04\/p-1360-6703.jpg",150,150,true],"medium":["https:\/\/ajupe.com.uy\/web\/wp-content\/uploads\/2016\/04\/p-1360-6703.jpg",300,214,true],"medium_large":["https:\/\/ajupe.com.uy\/web\/wp-content\/uploads\/2016\/04\/p-1360-6703.jpg",361,549,false],"large":["https:\/\/ajupe.com.uy\/web\/wp-content\/uploads\/2016\/04\/p-1360-6703.jpg",361,549,false],"1536x1536":["https:\/\/ajupe.com.uy\/web\/wp-content\/uploads\/2016\/04\/p-1360-6703.jpg",361,549,false],"2048x2048":["https:\/\/ajupe.com.uy\/web\/wp-content\/uploads\/2016\/04\/p-1360-6703.jpg",361,549,false],"woocommerce_archive_thumbnail":["https:\/\/ajupe.com.uy\/web\/wp-content\/uploads\/2016\/04\/p-1360-6703-300x450.jpg",300,450,true],"woocommerce_thumbnail":["https:\/\/ajupe.com.uy\/web\/wp-content\/uploads\/2016\/04\/p-1360-6703-300x300.jpg",300,300,true],"woocommerce_single":["https:\/\/ajupe.com.uy\/web\/wp-content\/uploads\/2016\/04\/p-1360-6703-300x456.jpg",300,456,true],"woocommerce_gallery_thumbnail":["https:\/\/ajupe.com.uy\/web\/wp-content\/uploads\/2016\/04\/p-1360-6703-100x100.jpg",100,100,true]},"post_excerpt_stackable_v2":"<p>Este conjunto de sencillas meditaciones incluye ejercicios de relajaci\u00f3n y toma de conciencia, m\u00e9todos libres de sustancias qu\u00edmicas y claves para mantener una mayor sensaci\u00f3n de bienestar en la vida cotidiana. Osho presenta t\u00e9cnicas novedosas en una form<\/p>\n","category_list_v2":"","author_info_v2":{"name":"","url":""},"comments_num_v2":"0 comentarios","_links":{"self":[{"href":"https:\/\/ajupe.com.uy\/web\/wp-json\/wp\/v2\/product\/1360","targetHints":{"allow":["GET"]}}],"collection":[{"href":"https:\/\/ajupe.com.uy\/web\/wp-json\/wp\/v2\/product"}],"about":[{"href":"https:\/\/ajupe.com.uy\/web\/wp-json\/wp\/v2\/types\/product"}],"wp:featuredmedia":[{"embeddable":true,"href":"https:\/\/ajupe.com.uy\/web\/wp-json\/wp\/v2\/media\/1361"}],"wp:attachment":[{"href":"https:\/\/ajupe.com.uy\/web\/wp-json\/wp\/v2\/media?parent=1360"}],"wp:term":[{"taxonomy":"product_brand","embeddable":true,"href":"https:\/\/ajupe.com.uy\/web\/wp-json\/wp\/v2\/product_brand?post=1360"},{"taxonomy":"product_cat","embeddable":true,"href":"https:\/\/ajupe.com.uy\/web\/wp-json\/wp\/v2\/product_cat?post=1360"},{"taxonomy":"product_tag","embeddable":true,"href":"https:\/\/ajupe.com.uy\/web\/wp-json\/wp\/v2\/product_tag?post=1360"}],"curies":[{"name":"wp","href":"https:\/\/api.w.org\/{rel}","templated":true}]}}