{"id":1362,"date":"2010-07-14T00:00:00","date_gmt":"2010-07-14T03:00:00","guid":{"rendered":"http:\/\/ajupe.com.uy\/web\/?post_type=product&#038;p=1362"},"modified":"2012-03-12T19:12:06","modified_gmt":"2012-03-12T22:12:06","slug":"ciudad-de-huesos","status":"publish","type":"product","link":"https:\/\/ajupe.com.uy\/web\/biblioteca\/ciudad-de-huesos\/","title":{"rendered":"Ciudad de huesos"},"content":{"rendered":"<p>Harry Bosch recibe la orden de acudir a visitar a un doctor. \u00c9ste insiste en que ha encontrado un hueso humano cuando paseaba con su perra por las colinas de Hollywood. Acompa\u00f1ado de un equipo de antrop\u00f3logos forenses. Bosch descubre que el hueso pertenece al esqueleto de un ni\u00f1o de unos doce a\u00f1os que fue asesinado y enterrado en la zona tras haber sufrido numerosos maltratos f\u00edsicos. El hecho, ocurrido casi tres d\u00e9cadas atr\u00e1s, despierta no s\u00f3lo la conmoci\u00f3n general, sino un inusitado inter\u00e9s dentro del propio equipo de investigadores. Remover el pasado es un asunto delicado y Bosch deber\u00e1 sortear todo tipo de trabas burocr\u00e1ticas, enfrentamientos con la prensa y situaciones comprometidas.<\/p>\n","protected":false},"excerpt":{"rendered":"<p>Harry Bosch recibe la orden de acudir a visitar a un doctor. \u00c9ste insiste en que ha encontrado un hueso humano cuando paseaba con su perra por las colinas de Hollywood. Acompa\u00f1ado de un equipo de antrop\u00f3logos forenses. Bosch descubre que el hueso pertenec<\/p>\n","protected":false},"featured_media":1363,"template":"","meta":[],"product_brand":[384],"product_cat":[30],"product_tag":[],"class_list":{"0":"post-1362","1":"product","2":"type-product","3":"status-publish","4":"has-post-thumbnail","6":"product_brand-michael-connelly","7":"product_cat-suspenso","9":"first","10":"instock","11":"purchasable","12":"product-type-simple"},"featured_image_urls_v2":{"full":["https:\/\/ajupe.com.uy\/web\/wp-content\/uploads\/2016\/04\/p-1362-6704.jpg",361,538,false],"thumbnail":["https:\/\/ajupe.com.uy\/web\/wp-content\/uploads\/2016\/04\/p-1362-6704.jpg",150,150,true],"medium":["https:\/\/ajupe.com.uy\/web\/wp-content\/uploads\/2016\/04\/p-1362-6704.jpg",300,214,true],"medium_large":["https:\/\/ajupe.com.uy\/web\/wp-content\/uploads\/2016\/04\/p-1362-6704.jpg",361,538,false],"large":["https:\/\/ajupe.com.uy\/web\/wp-content\/uploads\/2016\/04\/p-1362-6704.jpg",361,538,false],"1536x1536":["https:\/\/ajupe.com.uy\/web\/wp-content\/uploads\/2016\/04\/p-1362-6704.jpg",361,538,false],"2048x2048":["https:\/\/ajupe.com.uy\/web\/wp-content\/uploads\/2016\/04\/p-1362-6704.jpg",361,538,false],"woocommerce_archive_thumbnail":["https:\/\/ajupe.com.uy\/web\/wp-content\/uploads\/2016\/04\/p-1362-6704-300x450.jpg",300,450,true],"woocommerce_thumbnail":["https:\/\/ajupe.com.uy\/web\/wp-content\/uploads\/2016\/04\/p-1362-6704-300x300.jpg",300,300,true],"woocommerce_single":["https:\/\/ajupe.com.uy\/web\/wp-content\/uploads\/2016\/04\/p-1362-6704-300x447.jpg",300,447,true],"woocommerce_gallery_thumbnail":["https:\/\/ajupe.com.uy\/web\/wp-content\/uploads\/2016\/04\/p-1362-6704-100x100.jpg",100,100,true]},"post_excerpt_stackable_v2":"<p>Harry Bosch recibe la orden de acudir a visitar a un doctor. \u00c9ste insiste en que ha encontrado un hueso humano cuando paseaba con su perra por las colinas de Hollywood. Acompa\u00f1ado de un equipo de antrop\u00f3logos forenses. Bosch descubre que el hueso pertenec<\/p>\n","category_list_v2":"","author_info_v2":{"name":"","url":""},"comments_num_v2":"0 comentarios","_links":{"self":[{"href":"https:\/\/ajupe.com.uy\/web\/wp-json\/wp\/v2\/product\/1362","targetHints":{"allow":["GET"]}}],"collection":[{"href":"https:\/\/ajupe.com.uy\/web\/wp-json\/wp\/v2\/product"}],"about":[{"href":"https:\/\/ajupe.com.uy\/web\/wp-json\/wp\/v2\/types\/product"}],"wp:featuredmedia":[{"embeddable":true,"href":"https:\/\/ajupe.com.uy\/web\/wp-json\/wp\/v2\/media\/1363"}],"wp:attachment":[{"href":"https:\/\/ajupe.com.uy\/web\/wp-json\/wp\/v2\/media?parent=1362"}],"wp:term":[{"taxonomy":"product_brand","embeddable":true,"href":"https:\/\/ajupe.com.uy\/web\/wp-json\/wp\/v2\/product_brand?post=1362"},{"taxonomy":"product_cat","embeddable":true,"href":"https:\/\/ajupe.com.uy\/web\/wp-json\/wp\/v2\/product_cat?post=1362"},{"taxonomy":"product_tag","embeddable":true,"href":"https:\/\/ajupe.com.uy\/web\/wp-json\/wp\/v2\/product_tag?post=1362"}],"curies":[{"name":"wp","href":"https:\/\/api.w.org\/{rel}","templated":true}]}}