{"id":1366,"date":"2010-07-14T00:00:00","date_gmt":"2010-07-14T03:00:00","guid":{"rendered":"http:\/\/ajupe.com.uy\/web\/?post_type=product&#038;p=1366"},"modified":"2011-08-26T18:31:18","modified_gmt":"2011-08-26T21:31:18","slug":"despues-del-dia-diez","status":"publish","type":"product","link":"https:\/\/ajupe.com.uy\/web\/biblioteca\/despues-del-dia-diez\/","title":{"rendered":"Despu\u00e9s del d\u00eda diez"},"content":{"rendered":"<p>Carlitos P\u00e1ez ofrece una mirada distinta, conmovedoramente personal, sobre un hecho tr\u00e1gico del cual se ha escrito mucho aunque sin que aparecieran claramente dibujados los seres humanos que lo protagonizaron. En este libro el lector tiene la seguridad de que se acerca a las opiniones y a los comentarios de un hombre que muestra el valor de confesar sin eufemismos las distintas cordilleras que, m\u00e1s all\u00e1 de la andina, debi\u00f3 enfrentar en su vida. Pocas veces tan claramente como en esta, es posible entrar en los rincones psicol\u00f3gicos menos conocidos de alguien que, contra su voluntad, se transform\u00f3 en una figura p\u00fablica conocida por la mayor\u00eda de los habitantes de su pa\u00eds y del extranjero.<\/p>\n","protected":false},"excerpt":{"rendered":"<p>Carlitos P\u00e1ez ofrece una mirada distinta, conmovedoramente personal, sobre un hecho tr\u00e1gico del cual se ha escrito mucho aunque sin que aparecieran claramente dibujados los seres humanos que lo protagonizaron. En este libro el lector tiene la seguridad de<\/p>\n","protected":false},"featured_media":1367,"template":"","meta":[],"product_brand":[386],"product_cat":[45,39],"product_tag":[],"class_list":{"0":"post-1366","1":"product","2":"type-product","3":"status-publish","4":"has-post-thumbnail","6":"product_brand-carlitos-paez","7":"product_cat-uruguayo","8":"product_cat-veridico","10":"first","11":"instock","12":"purchasable","13":"product-type-simple"},"featured_image_urls_v2":{"full":["https:\/\/ajupe.com.uy\/web\/wp-content\/uploads\/2016\/04\/p-1366-6706.jpg",362,519,false],"thumbnail":["https:\/\/ajupe.com.uy\/web\/wp-content\/uploads\/2016\/04\/p-1366-6706.jpg",150,150,true],"medium":["https:\/\/ajupe.com.uy\/web\/wp-content\/uploads\/2016\/04\/p-1366-6706.jpg",300,214,true],"medium_large":["https:\/\/ajupe.com.uy\/web\/wp-content\/uploads\/2016\/04\/p-1366-6706.jpg",362,519,false],"large":["https:\/\/ajupe.com.uy\/web\/wp-content\/uploads\/2016\/04\/p-1366-6706.jpg",362,519,false],"1536x1536":["https:\/\/ajupe.com.uy\/web\/wp-content\/uploads\/2016\/04\/p-1366-6706.jpg",362,519,false],"2048x2048":["https:\/\/ajupe.com.uy\/web\/wp-content\/uploads\/2016\/04\/p-1366-6706.jpg",362,519,false],"woocommerce_archive_thumbnail":["https:\/\/ajupe.com.uy\/web\/wp-content\/uploads\/2016\/04\/p-1366-6706-300x450.jpg",300,450,true],"woocommerce_thumbnail":["https:\/\/ajupe.com.uy\/web\/wp-content\/uploads\/2016\/04\/p-1366-6706-300x300.jpg",300,300,true],"woocommerce_single":["https:\/\/ajupe.com.uy\/web\/wp-content\/uploads\/2016\/04\/p-1366-6706-300x430.jpg",300,430,true],"woocommerce_gallery_thumbnail":["https:\/\/ajupe.com.uy\/web\/wp-content\/uploads\/2016\/04\/p-1366-6706-100x100.jpg",100,100,true]},"post_excerpt_stackable_v2":"<p>Carlitos P\u00e1ez ofrece una mirada distinta, conmovedoramente personal, sobre un hecho tr\u00e1gico del cual se ha escrito mucho aunque sin que aparecieran claramente dibujados los seres humanos que lo protagonizaron. En este libro el lector tiene la seguridad de<\/p>\n","category_list_v2":"","author_info_v2":{"name":"","url":""},"comments_num_v2":"0 comentarios","_links":{"self":[{"href":"https:\/\/ajupe.com.uy\/web\/wp-json\/wp\/v2\/product\/1366","targetHints":{"allow":["GET"]}}],"collection":[{"href":"https:\/\/ajupe.com.uy\/web\/wp-json\/wp\/v2\/product"}],"about":[{"href":"https:\/\/ajupe.com.uy\/web\/wp-json\/wp\/v2\/types\/product"}],"wp:featuredmedia":[{"embeddable":true,"href":"https:\/\/ajupe.com.uy\/web\/wp-json\/wp\/v2\/media\/1367"}],"wp:attachment":[{"href":"https:\/\/ajupe.com.uy\/web\/wp-json\/wp\/v2\/media?parent=1366"}],"wp:term":[{"taxonomy":"product_brand","embeddable":true,"href":"https:\/\/ajupe.com.uy\/web\/wp-json\/wp\/v2\/product_brand?post=1366"},{"taxonomy":"product_cat","embeddable":true,"href":"https:\/\/ajupe.com.uy\/web\/wp-json\/wp\/v2\/product_cat?post=1366"},{"taxonomy":"product_tag","embeddable":true,"href":"https:\/\/ajupe.com.uy\/web\/wp-json\/wp\/v2\/product_tag?post=1366"}],"curies":[{"name":"wp","href":"https:\/\/api.w.org\/{rel}","templated":true}]}}