{"id":1372,"date":"2010-07-14T00:00:00","date_gmt":"2010-07-14T03:00:00","guid":{"rendered":"http:\/\/ajupe.com.uy\/web\/?post_type=product&#038;p=1372"},"modified":"2010-07-14T00:00:00","modified_gmt":"2010-07-14T03:00:00","slug":"el-prisionero-de-spandau","status":"publish","type":"product","link":"https:\/\/ajupe.com.uy\/web\/biblioteca\/el-prisionero-de-spandau\/","title":{"rendered":"El Prisionero de Spandau"},"content":{"rendered":"<p>Es el a\u00f1o 1987: el criminal de guerra nazi Rudolf Hess, \u00faltimo prisionero de Spandau, ha muerto. \u00bfO no? Cuando Hans Apfel, joven sargento de polic\u00eda berlin\u00e9s encuentra por casualidad unos papeles entre los escombros de la fortaleza demolida, su descubrimiento enciende una mecha mort\u00edfera. El hallazgo parece demostrar que el prisionero n\u00famero 7 no era Hess sino un doble entrenado por las SS para sobrellevar el encierro solitario. De pronto Apfel es el blanco de una brutal cacer\u00eda internacional. Lo persiguen agentes brit\u00e1nicos, la KGB, la CIA, israel\u00edes, sudafricanos y la polic\u00eda de Berl\u00edn. Adem\u00e1s, su esposa es raptada, y el precio por su vida son los papeles encontrados en Spandau.<\/p>\n","protected":false},"excerpt":{"rendered":"<p>Es el a\u00f1o 1987: el criminal de guerra nazi Rudolf Hess, \u00faltimo prisionero de Spandau, ha muerto. \u00bfO no? Cuando Hans Apfel, joven sargento de polic\u00eda berlin\u00e9s encuentra por casualidad unos papeles entre los escombros de la fortaleza demolida, su descubrimi<\/p>\n","protected":false},"featured_media":1373,"template":"","meta":[],"product_brand":[268],"product_cat":[30],"product_tag":[],"class_list":{"0":"post-1372","1":"product","2":"type-product","3":"status-publish","4":"has-post-thumbnail","6":"product_brand-greg-iles","7":"product_cat-suspenso","9":"first","10":"instock","11":"purchasable","12":"product-type-simple"},"featured_image_urls_v2":{"full":["https:\/\/ajupe.com.uy\/web\/wp-content\/uploads\/2016\/04\/p-1372-6714.jpg",360,559,false],"thumbnail":["https:\/\/ajupe.com.uy\/web\/wp-content\/uploads\/2016\/04\/p-1372-6714.jpg",150,150,true],"medium":["https:\/\/ajupe.com.uy\/web\/wp-content\/uploads\/2016\/04\/p-1372-6714.jpg",300,214,true],"medium_large":["https:\/\/ajupe.com.uy\/web\/wp-content\/uploads\/2016\/04\/p-1372-6714.jpg",360,559,false],"large":["https:\/\/ajupe.com.uy\/web\/wp-content\/uploads\/2016\/04\/p-1372-6714.jpg",360,559,false],"1536x1536":["https:\/\/ajupe.com.uy\/web\/wp-content\/uploads\/2016\/04\/p-1372-6714.jpg",360,559,false],"2048x2048":["https:\/\/ajupe.com.uy\/web\/wp-content\/uploads\/2016\/04\/p-1372-6714.jpg",360,559,false],"woocommerce_archive_thumbnail":["https:\/\/ajupe.com.uy\/web\/wp-content\/uploads\/2016\/04\/p-1372-6714-300x450.jpg",300,450,true],"woocommerce_thumbnail":["https:\/\/ajupe.com.uy\/web\/wp-content\/uploads\/2016\/04\/p-1372-6714-300x300.jpg",300,300,true],"woocommerce_single":["https:\/\/ajupe.com.uy\/web\/wp-content\/uploads\/2016\/04\/p-1372-6714-300x466.jpg",300,466,true],"woocommerce_gallery_thumbnail":["https:\/\/ajupe.com.uy\/web\/wp-content\/uploads\/2016\/04\/p-1372-6714-100x100.jpg",100,100,true]},"post_excerpt_stackable_v2":"<p>Es el a\u00f1o 1987: el criminal de guerra nazi Rudolf Hess, \u00faltimo prisionero de Spandau, ha muerto. \u00bfO no? Cuando Hans Apfel, joven sargento de polic\u00eda berlin\u00e9s encuentra por casualidad unos papeles entre los escombros de la fortaleza demolida, su descubrimi<\/p>\n","category_list_v2":"","author_info_v2":{"name":"","url":""},"comments_num_v2":"0 comentarios","_links":{"self":[{"href":"https:\/\/ajupe.com.uy\/web\/wp-json\/wp\/v2\/product\/1372","targetHints":{"allow":["GET"]}}],"collection":[{"href":"https:\/\/ajupe.com.uy\/web\/wp-json\/wp\/v2\/product"}],"about":[{"href":"https:\/\/ajupe.com.uy\/web\/wp-json\/wp\/v2\/types\/product"}],"wp:featuredmedia":[{"embeddable":true,"href":"https:\/\/ajupe.com.uy\/web\/wp-json\/wp\/v2\/media\/1373"}],"wp:attachment":[{"href":"https:\/\/ajupe.com.uy\/web\/wp-json\/wp\/v2\/media?parent=1372"}],"wp:term":[{"taxonomy":"product_brand","embeddable":true,"href":"https:\/\/ajupe.com.uy\/web\/wp-json\/wp\/v2\/product_brand?post=1372"},{"taxonomy":"product_cat","embeddable":true,"href":"https:\/\/ajupe.com.uy\/web\/wp-json\/wp\/v2\/product_cat?post=1372"},{"taxonomy":"product_tag","embeddable":true,"href":"https:\/\/ajupe.com.uy\/web\/wp-json\/wp\/v2\/product_tag?post=1372"}],"curies":[{"name":"wp","href":"https:\/\/api.w.org\/{rel}","templated":true}]}}