{"id":1376,"date":"2010-07-14T00:00:00","date_gmt":"2010-07-14T03:00:00","guid":{"rendered":"http:\/\/ajupe.com.uy\/web\/?post_type=product&#038;p=1376"},"modified":"2011-08-26T18:28:15","modified_gmt":"2011-08-26T21:28:15","slug":"el-babilonio","status":"publish","type":"product","link":"https:\/\/ajupe.com.uy\/web\/biblioteca\/el-babilonio\/","title":{"rendered":"El babilonio"},"content":{"rendered":"<p>Obligado a huir de Babilonia para continuar con sus estudios de medicina, Tamatam es enviado por su hermano Naval, comandante de la sitiada Tiro, para negociar una alianza con Alejandro Magno, quien s\u00f3lo contempla la rendici\u00f3n total. No obstante, pese al fracaso de su misi\u00f3n, el encuentro supondr\u00e1 un giro total en la vida del joven. Tras curar a Alejandro de una grave dolencia, \u00e9ste lo nombra su m\u00e9dico personal, inst\u00e1ndolo a permanecer a su lado todo el tiempo que sea necesario. As\u00ed, desde esta posici\u00f3n de privilegio, el babilonio es a la vez testigo y narrador de la fabulosa campa\u00f1a del gran macedonio contra los ej\u00e9rcitos persas de Dar\u00edo&#8230;<\/p>\n","protected":false},"excerpt":{"rendered":"<p>Obligado a huir de Babilonia para continuar con sus estudios de medicina, Tamatam es enviado por su hermano Naval, comandante de la sitiada Tiro, para negociar una alianza con Alejandro Magno, quien s\u00f3lo contempla la rendici\u00f3n total. No obstante, pese al<\/p>\n","protected":false},"featured_media":1377,"template":"","meta":[],"product_brand":[389],"product_cat":[42,29],"product_tag":[],"class_list":{"0":"post-1376","1":"product","2":"type-product","3":"status-publish","4":"has-post-thumbnail","6":"product_brand-karlheinz-grosser","7":"product_cat-aventura","8":"product_cat-novela","10":"first","11":"instock","12":"purchasable","13":"product-type-simple"},"featured_image_urls_v2":{"full":["https:\/\/ajupe.com.uy\/web\/wp-content\/uploads\/2016\/04\/p-1376-6716.jpg",360,533,false],"thumbnail":["https:\/\/ajupe.com.uy\/web\/wp-content\/uploads\/2016\/04\/p-1376-6716.jpg",150,150,true],"medium":["https:\/\/ajupe.com.uy\/web\/wp-content\/uploads\/2016\/04\/p-1376-6716.jpg",300,214,true],"medium_large":["https:\/\/ajupe.com.uy\/web\/wp-content\/uploads\/2016\/04\/p-1376-6716.jpg",360,533,false],"large":["https:\/\/ajupe.com.uy\/web\/wp-content\/uploads\/2016\/04\/p-1376-6716.jpg",360,533,false],"1536x1536":["https:\/\/ajupe.com.uy\/web\/wp-content\/uploads\/2016\/04\/p-1376-6716.jpg",360,533,false],"2048x2048":["https:\/\/ajupe.com.uy\/web\/wp-content\/uploads\/2016\/04\/p-1376-6716.jpg",360,533,false],"woocommerce_archive_thumbnail":["https:\/\/ajupe.com.uy\/web\/wp-content\/uploads\/2016\/04\/p-1376-6716-300x450.jpg",300,450,true],"woocommerce_thumbnail":["https:\/\/ajupe.com.uy\/web\/wp-content\/uploads\/2016\/04\/p-1376-6716-300x300.jpg",300,300,true],"woocommerce_single":["https:\/\/ajupe.com.uy\/web\/wp-content\/uploads\/2016\/04\/p-1376-6716-300x444.jpg",300,444,true],"woocommerce_gallery_thumbnail":["https:\/\/ajupe.com.uy\/web\/wp-content\/uploads\/2016\/04\/p-1376-6716-100x100.jpg",100,100,true]},"post_excerpt_stackable_v2":"<p>Obligado a huir de Babilonia para continuar con sus estudios de medicina, Tamatam es enviado por su hermano Naval, comandante de la sitiada Tiro, para negociar una alianza con Alejandro Magno, quien s\u00f3lo contempla la rendici\u00f3n total. No obstante, pese al<\/p>\n","category_list_v2":"","author_info_v2":{"name":"","url":""},"comments_num_v2":"0 comentarios","_links":{"self":[{"href":"https:\/\/ajupe.com.uy\/web\/wp-json\/wp\/v2\/product\/1376","targetHints":{"allow":["GET"]}}],"collection":[{"href":"https:\/\/ajupe.com.uy\/web\/wp-json\/wp\/v2\/product"}],"about":[{"href":"https:\/\/ajupe.com.uy\/web\/wp-json\/wp\/v2\/types\/product"}],"wp:featuredmedia":[{"embeddable":true,"href":"https:\/\/ajupe.com.uy\/web\/wp-json\/wp\/v2\/media\/1377"}],"wp:attachment":[{"href":"https:\/\/ajupe.com.uy\/web\/wp-json\/wp\/v2\/media?parent=1376"}],"wp:term":[{"taxonomy":"product_brand","embeddable":true,"href":"https:\/\/ajupe.com.uy\/web\/wp-json\/wp\/v2\/product_brand?post=1376"},{"taxonomy":"product_cat","embeddable":true,"href":"https:\/\/ajupe.com.uy\/web\/wp-json\/wp\/v2\/product_cat?post=1376"},{"taxonomy":"product_tag","embeddable":true,"href":"https:\/\/ajupe.com.uy\/web\/wp-json\/wp\/v2\/product_tag?post=1376"}],"curies":[{"name":"wp","href":"https:\/\/api.w.org\/{rel}","templated":true}]}}