{"id":1380,"date":"2010-07-14T00:00:00","date_gmt":"2010-07-14T03:00:00","guid":{"rendered":"http:\/\/ajupe.com.uy\/web\/?post_type=product&#038;p=1380"},"modified":"2010-07-14T00:00:00","modified_gmt":"2010-07-14T03:00:00","slug":"tomillo-silvestre","status":"publish","type":"product","link":"https:\/\/ajupe.com.uy\/web\/biblioteca\/tomillo-silvestre\/","title":{"rendered":"Tomillo Silvestre"},"content":{"rendered":"<p>En esta novela Rosamunde Pilcher explora con sutil agudeza la dificultad de las relaciones humanas y el fr\u00e1gil entretejido por el que discurren. Victoria Bredshaw se enamor\u00f3 a los 18 a\u00f1os de Oliver Dobbs, un exc\u00e9ntrico e irascible dramaturgo londinense que la abandon\u00f3 para casarse con una rica mujer. Tres a\u00f1os despu\u00e9s, Oliver enviuda y se presenta en casa de Victoria con su hijo de dos a\u00f1os, al que acaba de raptar de la custodia de sus abuelos. Y Victoria comete la insensatez de abrirle nuevamente su coraz\u00f3n de creer que la relaci\u00f3n puede rehacerse.<\/p>\n","protected":false},"excerpt":{"rendered":"<p>En esta novela Rosamunde Pilcher explora con sutil agudeza la dificultad de las relaciones humanas y el fr\u00e1gil entretejido por el que discurren. Victoria Bredshaw se enamor\u00f3 a los 18 a\u00f1os de Oliver Dobbs, un exc\u00e9ntrico e irascible dramaturgo londinense qu<\/p>\n","protected":false},"featured_media":1381,"template":"","meta":[],"product_brand":[51],"product_cat":[29],"product_tag":[],"class_list":{"0":"post-1380","1":"product","2":"type-product","3":"status-publish","4":"has-post-thumbnail","6":"product_brand-rosamunde-pilcher","7":"product_cat-novela","9":"first","10":"instock","11":"purchasable","12":"product-type-simple"},"featured_image_urls_v2":{"full":["https:\/\/ajupe.com.uy\/web\/wp-content\/uploads\/2016\/04\/p-1380-6719.jpg",362,577,false],"thumbnail":["https:\/\/ajupe.com.uy\/web\/wp-content\/uploads\/2016\/04\/p-1380-6719.jpg",150,150,true],"medium":["https:\/\/ajupe.com.uy\/web\/wp-content\/uploads\/2016\/04\/p-1380-6719.jpg",300,214,true],"medium_large":["https:\/\/ajupe.com.uy\/web\/wp-content\/uploads\/2016\/04\/p-1380-6719.jpg",362,577,false],"large":["https:\/\/ajupe.com.uy\/web\/wp-content\/uploads\/2016\/04\/p-1380-6719.jpg",362,577,false],"1536x1536":["https:\/\/ajupe.com.uy\/web\/wp-content\/uploads\/2016\/04\/p-1380-6719.jpg",362,577,false],"2048x2048":["https:\/\/ajupe.com.uy\/web\/wp-content\/uploads\/2016\/04\/p-1380-6719.jpg",362,577,false],"woocommerce_archive_thumbnail":["https:\/\/ajupe.com.uy\/web\/wp-content\/uploads\/2016\/04\/p-1380-6719-300x450.jpg",300,450,true],"woocommerce_thumbnail":["https:\/\/ajupe.com.uy\/web\/wp-content\/uploads\/2016\/04\/p-1380-6719-300x300.jpg",300,300,true],"woocommerce_single":["https:\/\/ajupe.com.uy\/web\/wp-content\/uploads\/2016\/04\/p-1380-6719-300x478.jpg",300,478,true],"woocommerce_gallery_thumbnail":["https:\/\/ajupe.com.uy\/web\/wp-content\/uploads\/2016\/04\/p-1380-6719-100x100.jpg",100,100,true]},"post_excerpt_stackable_v2":"<p>En esta novela Rosamunde Pilcher explora con sutil agudeza la dificultad de las relaciones humanas y el fr\u00e1gil entretejido por el que discurren. Victoria Bredshaw se enamor\u00f3 a los 18 a\u00f1os de Oliver Dobbs, un exc\u00e9ntrico e irascible dramaturgo londinense qu<\/p>\n","category_list_v2":"","author_info_v2":{"name":"","url":""},"comments_num_v2":"0 comentarios","_links":{"self":[{"href":"https:\/\/ajupe.com.uy\/web\/wp-json\/wp\/v2\/product\/1380","targetHints":{"allow":["GET"]}}],"collection":[{"href":"https:\/\/ajupe.com.uy\/web\/wp-json\/wp\/v2\/product"}],"about":[{"href":"https:\/\/ajupe.com.uy\/web\/wp-json\/wp\/v2\/types\/product"}],"wp:featuredmedia":[{"embeddable":true,"href":"https:\/\/ajupe.com.uy\/web\/wp-json\/wp\/v2\/media\/1381"}],"wp:attachment":[{"href":"https:\/\/ajupe.com.uy\/web\/wp-json\/wp\/v2\/media?parent=1380"}],"wp:term":[{"taxonomy":"product_brand","embeddable":true,"href":"https:\/\/ajupe.com.uy\/web\/wp-json\/wp\/v2\/product_brand?post=1380"},{"taxonomy":"product_cat","embeddable":true,"href":"https:\/\/ajupe.com.uy\/web\/wp-json\/wp\/v2\/product_cat?post=1380"},{"taxonomy":"product_tag","embeddable":true,"href":"https:\/\/ajupe.com.uy\/web\/wp-json\/wp\/v2\/product_tag?post=1380"}],"curies":[{"name":"wp","href":"https:\/\/api.w.org\/{rel}","templated":true}]}}