{"id":1400,"date":"2010-07-14T00:00:00","date_gmt":"2010-07-14T03:00:00","guid":{"rendered":"http:\/\/ajupe.com.uy\/web\/?post_type=product&#038;p=1400"},"modified":"2010-07-14T00:00:00","modified_gmt":"2010-07-14T03:00:00","slug":"almas-gemelas","status":"publish","type":"product","link":"https:\/\/ajupe.com.uy\/web\/biblioteca\/almas-gemelas\/","title":{"rendered":"Almas Gemelas"},"content":{"rendered":"<p>Instalada en una sencilla casa de campo que hered\u00f3 de su t\u00eda abuela Nell, la profesora Ellis Jones ha dejado atr\u00e1s la agitada vida universitaria para dedicar toda su atenci\u00f3n al hijo que crece en su seno. Fiel a su car\u00e1cter tenaz e independiente, pretende pasar a solas el resto de su embarazo y ahorrarle a su joven amante Joe la carga de una paternidad para la que no est\u00e1 preparado. Empero, mientras se dispone a disfrutar de su retiro voluntario, un peque\u00f1o descubrimiento cambia el rumbo de las cosas. Oculto en la polvorienta chimenea de la casa hay un paquete dirigido a su nombre, y en \u00e9l, un diario. Al principio Ellis no puede creerse que est\u00e9 destinado a ella, pero a medida que avanza en su lectura y paladea, noche tras noche, las entradas de angulosa caligraf\u00eda, va recomponiendo a trozos la extraordinaria historia de Nell, su amor por el inalcanzable Laurence y el jard\u00edn abandonado que se convierte en su solaz en medio de la tragedia abrumadora de la guerra.<\/p>\n","protected":false},"excerpt":{"rendered":"<p>Instalada en una sencilla casa de campo que hered\u00f3 de su t\u00eda abuela Nell, la profesora Ellis Jones ha dejado atr\u00e1s la agitada vida universitaria para dedicar toda su atenci\u00f3n al hijo que crece en su seno. Fiel a su car\u00e1cter tenaz e independiente, pretende<\/p>\n","protected":false},"featured_media":1401,"template":"","meta":[],"product_brand":[398],"product_cat":[29],"product_tag":[],"class_list":{"0":"post-1400","1":"product","2":"type-product","3":"status-publish","4":"has-post-thumbnail","6":"product_brand-kitty-ray","7":"product_cat-novela","9":"first","10":"instock","11":"purchasable","12":"product-type-simple"},"featured_image_urls_v2":{"full":["https:\/\/ajupe.com.uy\/web\/wp-content\/uploads\/2016\/04\/p-1400-6729.jpg",395,589,false],"thumbnail":["https:\/\/ajupe.com.uy\/web\/wp-content\/uploads\/2016\/04\/p-1400-6729.jpg",150,150,true],"medium":["https:\/\/ajupe.com.uy\/web\/wp-content\/uploads\/2016\/04\/p-1400-6729.jpg",300,214,true],"medium_large":["https:\/\/ajupe.com.uy\/web\/wp-content\/uploads\/2016\/04\/p-1400-6729.jpg",395,589,false],"large":["https:\/\/ajupe.com.uy\/web\/wp-content\/uploads\/2016\/04\/p-1400-6729.jpg",395,589,false],"1536x1536":["https:\/\/ajupe.com.uy\/web\/wp-content\/uploads\/2016\/04\/p-1400-6729.jpg",395,589,false],"2048x2048":["https:\/\/ajupe.com.uy\/web\/wp-content\/uploads\/2016\/04\/p-1400-6729.jpg",395,589,false],"woocommerce_archive_thumbnail":["https:\/\/ajupe.com.uy\/web\/wp-content\/uploads\/2016\/04\/p-1400-6729-300x450.jpg",300,450,true],"woocommerce_thumbnail":["https:\/\/ajupe.com.uy\/web\/wp-content\/uploads\/2016\/04\/p-1400-6729-300x300.jpg",300,300,true],"woocommerce_single":["https:\/\/ajupe.com.uy\/web\/wp-content\/uploads\/2016\/04\/p-1400-6729-300x447.jpg",300,447,true],"woocommerce_gallery_thumbnail":["https:\/\/ajupe.com.uy\/web\/wp-content\/uploads\/2016\/04\/p-1400-6729-100x100.jpg",100,100,true]},"post_excerpt_stackable_v2":"<p>Instalada en una sencilla casa de campo que hered\u00f3 de su t\u00eda abuela Nell, la profesora Ellis Jones ha dejado atr\u00e1s la agitada vida universitaria para dedicar toda su atenci\u00f3n al hijo que crece en su seno. Fiel a su car\u00e1cter tenaz e independiente, pretende<\/p>\n","category_list_v2":"","author_info_v2":{"name":"","url":""},"comments_num_v2":"0 comentarios","_links":{"self":[{"href":"https:\/\/ajupe.com.uy\/web\/wp-json\/wp\/v2\/product\/1400","targetHints":{"allow":["GET"]}}],"collection":[{"href":"https:\/\/ajupe.com.uy\/web\/wp-json\/wp\/v2\/product"}],"about":[{"href":"https:\/\/ajupe.com.uy\/web\/wp-json\/wp\/v2\/types\/product"}],"wp:featuredmedia":[{"embeddable":true,"href":"https:\/\/ajupe.com.uy\/web\/wp-json\/wp\/v2\/media\/1401"}],"wp:attachment":[{"href":"https:\/\/ajupe.com.uy\/web\/wp-json\/wp\/v2\/media?parent=1400"}],"wp:term":[{"taxonomy":"product_brand","embeddable":true,"href":"https:\/\/ajupe.com.uy\/web\/wp-json\/wp\/v2\/product_brand?post=1400"},{"taxonomy":"product_cat","embeddable":true,"href":"https:\/\/ajupe.com.uy\/web\/wp-json\/wp\/v2\/product_cat?post=1400"},{"taxonomy":"product_tag","embeddable":true,"href":"https:\/\/ajupe.com.uy\/web\/wp-json\/wp\/v2\/product_tag?post=1400"}],"curies":[{"name":"wp","href":"https:\/\/api.w.org\/{rel}","templated":true}]}}