{"id":1414,"date":"2010-07-14T00:00:00","date_gmt":"2010-07-14T03:00:00","guid":{"rendered":"http:\/\/ajupe.com.uy\/web\/?post_type=product&#038;p=1414"},"modified":"2012-07-25T19:58:49","modified_gmt":"2012-07-25T22:58:49","slug":"el-ultimo-jurado","status":"publish","type":"product","link":"https:\/\/ajupe.com.uy\/web\/biblioteca\/el-ultimo-jurado\/","title":{"rendered":"El \u00faltimo jurado"},"content":{"rendered":"<p>Misisip\u00ed, 1970. Reci\u00e9n llegado a Clanton, Willie Traynor decide embarcarse en la compra y direcci\u00f3n del singular semanario de esta peque\u00f1a comunidad. La vida parece haberse detenido en esta comunidad hasta que un hecho lo trastoca todo: la violaci\u00f3n y brutal asesinato de una joven viuda, y el posterior encarcelamiento del principal sospechoso, Danny Padgitt. Tras escuchar el veredicto, Pagitt se dirige al jurado y promete venganza. A\u00f1os m\u00e1s tarde, amparado por su sistema legal cuestionable, y gracias al peso de su familia, Danny es liberado por buena conducta. Clanton recibe la noticia con aprensi\u00f3n: temen que Danny acabe por cumplir su promesa.<\/p>\n","protected":false},"excerpt":{"rendered":"<p>Misisip\u00ed, 1970. Reci\u00e9n llegado a Clanton, Willie Traynor decide embarcarse en la compra y direcci\u00f3n del singular semanario de esta peque\u00f1a comunidad. La vida parece haberse detenido en esta comunidad hasta que un hecho lo trastoca todo: la violaci\u00f3n y bru<\/p>\n","protected":false},"featured_media":1415,"template":"","meta":[],"product_brand":[77],"product_cat":[30],"product_tag":[],"class_list":{"0":"post-1414","1":"product","2":"type-product","3":"status-publish","4":"has-post-thumbnail","6":"product_brand-john-grisham","7":"product_cat-suspenso","9":"first","10":"instock","11":"purchasable","12":"product-type-simple"},"featured_image_urls_v2":{"full":["https:\/\/ajupe.com.uy\/web\/wp-content\/uploads\/2016\/04\/p-1414-6736.jpg",359,544,false],"thumbnail":["https:\/\/ajupe.com.uy\/web\/wp-content\/uploads\/2016\/04\/p-1414-6736.jpg",150,150,true],"medium":["https:\/\/ajupe.com.uy\/web\/wp-content\/uploads\/2016\/04\/p-1414-6736.jpg",300,214,true],"medium_large":["https:\/\/ajupe.com.uy\/web\/wp-content\/uploads\/2016\/04\/p-1414-6736.jpg",359,544,false],"large":["https:\/\/ajupe.com.uy\/web\/wp-content\/uploads\/2016\/04\/p-1414-6736.jpg",359,544,false],"1536x1536":["https:\/\/ajupe.com.uy\/web\/wp-content\/uploads\/2016\/04\/p-1414-6736.jpg",359,544,false],"2048x2048":["https:\/\/ajupe.com.uy\/web\/wp-content\/uploads\/2016\/04\/p-1414-6736.jpg",359,544,false],"woocommerce_archive_thumbnail":["https:\/\/ajupe.com.uy\/web\/wp-content\/uploads\/2016\/04\/p-1414-6736-300x450.jpg",300,450,true],"woocommerce_thumbnail":["https:\/\/ajupe.com.uy\/web\/wp-content\/uploads\/2016\/04\/p-1414-6736-300x300.jpg",300,300,true],"woocommerce_single":["https:\/\/ajupe.com.uy\/web\/wp-content\/uploads\/2016\/04\/p-1414-6736-300x455.jpg",300,455,true],"woocommerce_gallery_thumbnail":["https:\/\/ajupe.com.uy\/web\/wp-content\/uploads\/2016\/04\/p-1414-6736-100x100.jpg",100,100,true]},"post_excerpt_stackable_v2":"<p>Misisip\u00ed, 1970. Reci\u00e9n llegado a Clanton, Willie Traynor decide embarcarse en la compra y direcci\u00f3n del singular semanario de esta peque\u00f1a comunidad. La vida parece haberse detenido en esta comunidad hasta que un hecho lo trastoca todo: la violaci\u00f3n y bru<\/p>\n","category_list_v2":"","author_info_v2":{"name":"","url":""},"comments_num_v2":"0 comentarios","_links":{"self":[{"href":"https:\/\/ajupe.com.uy\/web\/wp-json\/wp\/v2\/product\/1414","targetHints":{"allow":["GET"]}}],"collection":[{"href":"https:\/\/ajupe.com.uy\/web\/wp-json\/wp\/v2\/product"}],"about":[{"href":"https:\/\/ajupe.com.uy\/web\/wp-json\/wp\/v2\/types\/product"}],"wp:featuredmedia":[{"embeddable":true,"href":"https:\/\/ajupe.com.uy\/web\/wp-json\/wp\/v2\/media\/1415"}],"wp:attachment":[{"href":"https:\/\/ajupe.com.uy\/web\/wp-json\/wp\/v2\/media?parent=1414"}],"wp:term":[{"taxonomy":"product_brand","embeddable":true,"href":"https:\/\/ajupe.com.uy\/web\/wp-json\/wp\/v2\/product_brand?post=1414"},{"taxonomy":"product_cat","embeddable":true,"href":"https:\/\/ajupe.com.uy\/web\/wp-json\/wp\/v2\/product_cat?post=1414"},{"taxonomy":"product_tag","embeddable":true,"href":"https:\/\/ajupe.com.uy\/web\/wp-json\/wp\/v2\/product_tag?post=1414"}],"curies":[{"name":"wp","href":"https:\/\/api.w.org\/{rel}","templated":true}]}}