{"id":1416,"date":"2010-07-14T00:00:00","date_gmt":"2010-07-14T03:00:00","guid":{"rendered":"http:\/\/ajupe.com.uy\/web\/?post_type=product&#038;p=1416"},"modified":"2011-09-20T19:50:24","modified_gmt":"2011-09-20T22:50:24","slug":"cometas-en-el-cielo","status":"publish","type":"product","link":"https:\/\/ajupe.com.uy\/web\/biblioteca\/cometas-en-el-cielo\/","title":{"rendered":"Cometas en el cielo"},"content":{"rendered":"<p>Cometas en el cielo es la conmovedora historia de dos padres y dos hijos, de su amistad y de c\u00f3mo la casualidad puede convertirse en hito inesperado de nuestro destino. Obsesionado por demostrarle a su padre que ya es todo un hombre, Amir se propone ganar la competici\u00f3n anual de cometas de la forma que sea, incluso a costa de su inseparable Hassan. A pesar del fuerte v\u00ednculo que los une, Amir se aprovecha de la fidelidad sin l\u00edmites de su amigo y comete una traici\u00f3n que los separar\u00e1 de forma definitiva. As\u00ed, con apenas doce a\u00f1os, el joven Amir recordar\u00e1 durante toda su vida aquellos d\u00edas en los que perdi\u00f3 uno de los tesoros m\u00e1s preciados del hombre: la amistad.<\/p>\n","protected":false},"excerpt":{"rendered":"<p>Cometas en el cielo es la conmovedora historia de dos padres y dos hijos, de su amistad y de c\u00f3mo la casualidad puede convertirse en hito inesperado de nuestro destino. Obsesionado por demostrarle a su padre que ya es todo un hombre, Amir se propone ganar<\/p>\n","protected":false},"featured_media":1417,"template":"","meta":[],"product_brand":[401],"product_cat":[29],"product_tag":[],"class_list":{"0":"post-1416","1":"product","2":"type-product","3":"status-publish","4":"has-post-thumbnail","6":"product_brand-khaled-hosseini","7":"product_cat-novela","9":"first","10":"instock","11":"purchasable","12":"product-type-simple"},"featured_image_urls_v2":{"full":["https:\/\/ajupe.com.uy\/web\/wp-content\/uploads\/2016\/04\/p-1416-6737.jpg",362,544,false],"thumbnail":["https:\/\/ajupe.com.uy\/web\/wp-content\/uploads\/2016\/04\/p-1416-6737.jpg",150,150,true],"medium":["https:\/\/ajupe.com.uy\/web\/wp-content\/uploads\/2016\/04\/p-1416-6737.jpg",300,214,true],"medium_large":["https:\/\/ajupe.com.uy\/web\/wp-content\/uploads\/2016\/04\/p-1416-6737.jpg",362,544,false],"large":["https:\/\/ajupe.com.uy\/web\/wp-content\/uploads\/2016\/04\/p-1416-6737.jpg",362,544,false],"1536x1536":["https:\/\/ajupe.com.uy\/web\/wp-content\/uploads\/2016\/04\/p-1416-6737.jpg",362,544,false],"2048x2048":["https:\/\/ajupe.com.uy\/web\/wp-content\/uploads\/2016\/04\/p-1416-6737.jpg",362,544,false],"woocommerce_archive_thumbnail":["https:\/\/ajupe.com.uy\/web\/wp-content\/uploads\/2016\/04\/p-1416-6737-300x450.jpg",300,450,true],"woocommerce_thumbnail":["https:\/\/ajupe.com.uy\/web\/wp-content\/uploads\/2016\/04\/p-1416-6737-300x300.jpg",300,300,true],"woocommerce_single":["https:\/\/ajupe.com.uy\/web\/wp-content\/uploads\/2016\/04\/p-1416-6737-300x450.jpg",300,450,true],"woocommerce_gallery_thumbnail":["https:\/\/ajupe.com.uy\/web\/wp-content\/uploads\/2016\/04\/p-1416-6737-100x100.jpg",100,100,true]},"post_excerpt_stackable_v2":"<p>Cometas en el cielo es la conmovedora historia de dos padres y dos hijos, de su amistad y de c\u00f3mo la casualidad puede convertirse en hito inesperado de nuestro destino. Obsesionado por demostrarle a su padre que ya es todo un hombre, Amir se propone ganar<\/p>\n","category_list_v2":"","author_info_v2":{"name":"","url":""},"comments_num_v2":"0 comentarios","_links":{"self":[{"href":"https:\/\/ajupe.com.uy\/web\/wp-json\/wp\/v2\/product\/1416","targetHints":{"allow":["GET"]}}],"collection":[{"href":"https:\/\/ajupe.com.uy\/web\/wp-json\/wp\/v2\/product"}],"about":[{"href":"https:\/\/ajupe.com.uy\/web\/wp-json\/wp\/v2\/types\/product"}],"wp:featuredmedia":[{"embeddable":true,"href":"https:\/\/ajupe.com.uy\/web\/wp-json\/wp\/v2\/media\/1417"}],"wp:attachment":[{"href":"https:\/\/ajupe.com.uy\/web\/wp-json\/wp\/v2\/media?parent=1416"}],"wp:term":[{"taxonomy":"product_brand","embeddable":true,"href":"https:\/\/ajupe.com.uy\/web\/wp-json\/wp\/v2\/product_brand?post=1416"},{"taxonomy":"product_cat","embeddable":true,"href":"https:\/\/ajupe.com.uy\/web\/wp-json\/wp\/v2\/product_cat?post=1416"},{"taxonomy":"product_tag","embeddable":true,"href":"https:\/\/ajupe.com.uy\/web\/wp-json\/wp\/v2\/product_tag?post=1416"}],"curies":[{"name":"wp","href":"https:\/\/api.w.org\/{rel}","templated":true}]}}