{"id":1422,"date":"2010-07-14T00:00:00","date_gmt":"2010-07-14T03:00:00","guid":{"rendered":"http:\/\/ajupe.com.uy\/web\/?post_type=product&#038;p=1422"},"modified":"2010-07-14T00:00:00","modified_gmt":"2010-07-14T03:00:00","slug":"las-reglas-de-la-mafia","status":"publish","type":"product","link":"https:\/\/ajupe.com.uy\/web\/biblioteca\/las-reglas-de-la-mafia\/","title":{"rendered":"Las reglas de la mafia"},"content":{"rendered":"<p>El autor de &quot;El Pozo de Pandora&quot; nos seduce con un mensaje inquietante: ESTAMOS PRISIONEROS DE LA MAFIA El poder detr\u00e1s del poder Muertos y &quot;muertos&quot;. Suicidios y &quot;suicidios&quot;. La mafia bancaria. La trampa de las privatizaciones. La mafia en Punta del Este. Los Peirano y Luis Ernesto Gonz\u00e1lez. \u00bfMuri\u00f3 Alfredo Yabr\u00e1n? La verdad sobre Villanueva Saravia. El atentado contra Carlitos Menem (Jr). Los amos del mundo. As\u00ed estafan. As\u00ed matan. As\u00ed desaparecen. No nos fundimos. \u00a1NOS SAQUEARON!<\/p>\n","protected":false},"excerpt":{"rendered":"<p>El autor de &quot;El Pozo de Pandora&quot; nos seduce con un mensaje inquietante: ESTAMOS PRISIONEROS DE LA MAFIA El poder detr\u00e1s del poder Muertos y &quot;muertos&quot;. Suicidios y &quot;suicidios&quot;. La mafia bancaria. La trampa de las privatizacion<\/p>\n","protected":false},"featured_media":1423,"template":"","meta":[],"product_brand":[404],"product_cat":[45],"product_tag":[],"class_list":{"0":"post-1422","1":"product","2":"type-product","3":"status-publish","4":"has-post-thumbnail","6":"product_brand-enrique-ortega-salinas","7":"product_cat-uruguayo","9":"first","10":"instock","11":"purchasable","12":"product-type-simple"},"featured_image_urls_v2":{"full":["https:\/\/ajupe.com.uy\/web\/wp-content\/uploads\/2016\/04\/p-1422-6740.jpg",406,566,false],"thumbnail":["https:\/\/ajupe.com.uy\/web\/wp-content\/uploads\/2016\/04\/p-1422-6740.jpg",150,150,true],"medium":["https:\/\/ajupe.com.uy\/web\/wp-content\/uploads\/2016\/04\/p-1422-6740.jpg",300,214,true],"medium_large":["https:\/\/ajupe.com.uy\/web\/wp-content\/uploads\/2016\/04\/p-1422-6740.jpg",406,566,false],"large":["https:\/\/ajupe.com.uy\/web\/wp-content\/uploads\/2016\/04\/p-1422-6740.jpg",406,566,false],"1536x1536":["https:\/\/ajupe.com.uy\/web\/wp-content\/uploads\/2016\/04\/p-1422-6740.jpg",406,566,false],"2048x2048":["https:\/\/ajupe.com.uy\/web\/wp-content\/uploads\/2016\/04\/p-1422-6740.jpg",406,566,false],"woocommerce_archive_thumbnail":["https:\/\/ajupe.com.uy\/web\/wp-content\/uploads\/2016\/04\/p-1422-6740-300x450.jpg",300,450,true],"woocommerce_thumbnail":["https:\/\/ajupe.com.uy\/web\/wp-content\/uploads\/2016\/04\/p-1422-6740-300x300.jpg",300,300,true],"woocommerce_single":["https:\/\/ajupe.com.uy\/web\/wp-content\/uploads\/2016\/04\/p-1422-6740-300x418.jpg",300,418,true],"woocommerce_gallery_thumbnail":["https:\/\/ajupe.com.uy\/web\/wp-content\/uploads\/2016\/04\/p-1422-6740-100x100.jpg",100,100,true]},"post_excerpt_stackable_v2":"<p>El autor de &quot;El Pozo de Pandora&quot; nos seduce con un mensaje inquietante: ESTAMOS PRISIONEROS DE LA MAFIA El poder detr\u00e1s del poder Muertos y &quot;muertos&quot;. Suicidios y &quot;suicidios&quot;. La mafia bancaria. La trampa de las privatizacion<\/p>\n","category_list_v2":"","author_info_v2":{"name":"","url":""},"comments_num_v2":"0 comentarios","_links":{"self":[{"href":"https:\/\/ajupe.com.uy\/web\/wp-json\/wp\/v2\/product\/1422","targetHints":{"allow":["GET"]}}],"collection":[{"href":"https:\/\/ajupe.com.uy\/web\/wp-json\/wp\/v2\/product"}],"about":[{"href":"https:\/\/ajupe.com.uy\/web\/wp-json\/wp\/v2\/types\/product"}],"wp:featuredmedia":[{"embeddable":true,"href":"https:\/\/ajupe.com.uy\/web\/wp-json\/wp\/v2\/media\/1423"}],"wp:attachment":[{"href":"https:\/\/ajupe.com.uy\/web\/wp-json\/wp\/v2\/media?parent=1422"}],"wp:term":[{"taxonomy":"product_brand","embeddable":true,"href":"https:\/\/ajupe.com.uy\/web\/wp-json\/wp\/v2\/product_brand?post=1422"},{"taxonomy":"product_cat","embeddable":true,"href":"https:\/\/ajupe.com.uy\/web\/wp-json\/wp\/v2\/product_cat?post=1422"},{"taxonomy":"product_tag","embeddable":true,"href":"https:\/\/ajupe.com.uy\/web\/wp-json\/wp\/v2\/product_tag?post=1422"}],"curies":[{"name":"wp","href":"https:\/\/api.w.org\/{rel}","templated":true}]}}