{"id":1426,"date":"2010-07-14T00:00:00","date_gmt":"2010-07-14T03:00:00","guid":{"rendered":"http:\/\/ajupe.com.uy\/web\/?post_type=product&#038;p=1426"},"modified":"2010-07-14T00:00:00","modified_gmt":"2010-07-14T03:00:00","slug":"la-hermandad-de-la-sabana-santa","status":"publish","type":"product","link":"https:\/\/ajupe.com.uy\/web\/biblioteca\/la-hermandad-de-la-sabana-santa\/","title":{"rendered":"La hermandad de la S\u00e1bana Santa"},"content":{"rendered":"<p>Un incendio en la catedral de Tur\u00edn, donde se venera la S\u00e1bana Santa, y la muerte en \u00e9l de un hombre al que hab\u00edan cortado la lengua, son los detonantes de una trepidante investigaci\u00f3n policial del Departamento del Arte, capitaneado por el detective Marco Valoni. Junto a la perspicaz y atractiva historiadora Sof\u00eda Galloni y una periodista \u00e1vida de preguntas, el grupo de Valoni deber\u00e1 resolver un enigma que arranca de los templarios y llega hasta la actualidad. Una trama que tiene como nexo de uni\u00f3n a una \u00e9lite de hombres de negocios, cultos, refinados y muy poderosos. Los investigadores no cejar\u00e1n en su empe\u00f1o de demostrar que los sucesos de la catedral est\u00e1n conectados con la S\u00e1bana Santa y con las vicisitudes que ha vivido a lo largo de la historia, desde Jesucristo al antiguo imperio bizantino, la nueva Turqu\u00eda, la Francia de Felipe el Hermoso, Espa\u00f1a, Portugal y Escocia&#8230; Con la historia y la imaginaci\u00f3n como elementos de partida, Julia Navarro ha construido una novela que deja al lector sin aliento, que abre las puertas a un fascinante viaje por el pasado, el presente y las insospechadas relaciones entre ambos.<\/p>\n","protected":false},"excerpt":{"rendered":"<p>Un incendio en la catedral de Tur\u00edn, donde se venera la S\u00e1bana Santa, y la muerte en \u00e9l de un hombre al que hab\u00edan cortado la lengua, son los detonantes de una trepidante investigaci\u00f3n policial del Departamento del Arte, capitaneado por el detective Marco<\/p>\n","protected":false},"featured_media":1427,"template":"","meta":[],"product_brand":[405],"product_cat":[30],"product_tag":[],"class_list":{"0":"post-1426","1":"product","2":"type-product","3":"status-publish","4":"has-post-thumbnail","6":"product_brand-julia-navarro","7":"product_cat-suspenso","9":"first","10":"instock","11":"purchasable","12":"product-type-simple"},"featured_image_urls_v2":{"full":["https:\/\/ajupe.com.uy\/web\/wp-content\/uploads\/2016\/04\/p-1426-6742.jpg",361,543,false],"thumbnail":["https:\/\/ajupe.com.uy\/web\/wp-content\/uploads\/2016\/04\/p-1426-6742.jpg",150,150,true],"medium":["https:\/\/ajupe.com.uy\/web\/wp-content\/uploads\/2016\/04\/p-1426-6742.jpg",300,214,true],"medium_large":["https:\/\/ajupe.com.uy\/web\/wp-content\/uploads\/2016\/04\/p-1426-6742.jpg",361,543,false],"large":["https:\/\/ajupe.com.uy\/web\/wp-content\/uploads\/2016\/04\/p-1426-6742.jpg",361,543,false],"1536x1536":["https:\/\/ajupe.com.uy\/web\/wp-content\/uploads\/2016\/04\/p-1426-6742.jpg",361,543,false],"2048x2048":["https:\/\/ajupe.com.uy\/web\/wp-content\/uploads\/2016\/04\/p-1426-6742.jpg",361,543,false],"woocommerce_archive_thumbnail":["https:\/\/ajupe.com.uy\/web\/wp-content\/uploads\/2016\/04\/p-1426-6742-300x450.jpg",300,450,true],"woocommerce_thumbnail":["https:\/\/ajupe.com.uy\/web\/wp-content\/uploads\/2016\/04\/p-1426-6742-300x300.jpg",300,300,true],"woocommerce_single":["https:\/\/ajupe.com.uy\/web\/wp-content\/uploads\/2016\/04\/p-1426-6742-300x450.jpg",300,450,true],"woocommerce_gallery_thumbnail":["https:\/\/ajupe.com.uy\/web\/wp-content\/uploads\/2016\/04\/p-1426-6742-100x100.jpg",100,100,true]},"post_excerpt_stackable_v2":"<p>Un incendio en la catedral de Tur\u00edn, donde se venera la S\u00e1bana Santa, y la muerte en \u00e9l de un hombre al que hab\u00edan cortado la lengua, son los detonantes de una trepidante investigaci\u00f3n policial del Departamento del Arte, capitaneado por el detective Marco<\/p>\n","category_list_v2":"","author_info_v2":{"name":"","url":""},"comments_num_v2":"0 comentarios","_links":{"self":[{"href":"https:\/\/ajupe.com.uy\/web\/wp-json\/wp\/v2\/product\/1426","targetHints":{"allow":["GET"]}}],"collection":[{"href":"https:\/\/ajupe.com.uy\/web\/wp-json\/wp\/v2\/product"}],"about":[{"href":"https:\/\/ajupe.com.uy\/web\/wp-json\/wp\/v2\/types\/product"}],"wp:featuredmedia":[{"embeddable":true,"href":"https:\/\/ajupe.com.uy\/web\/wp-json\/wp\/v2\/media\/1427"}],"wp:attachment":[{"href":"https:\/\/ajupe.com.uy\/web\/wp-json\/wp\/v2\/media?parent=1426"}],"wp:term":[{"taxonomy":"product_brand","embeddable":true,"href":"https:\/\/ajupe.com.uy\/web\/wp-json\/wp\/v2\/product_brand?post=1426"},{"taxonomy":"product_cat","embeddable":true,"href":"https:\/\/ajupe.com.uy\/web\/wp-json\/wp\/v2\/product_cat?post=1426"},{"taxonomy":"product_tag","embeddable":true,"href":"https:\/\/ajupe.com.uy\/web\/wp-json\/wp\/v2\/product_tag?post=1426"}],"curies":[{"name":"wp","href":"https:\/\/api.w.org\/{rel}","templated":true}]}}