{"id":1438,"date":"2010-07-14T00:00:00","date_gmt":"2010-07-14T03:00:00","guid":{"rendered":"http:\/\/ajupe.com.uy\/web\/?post_type=product&#038;p=1438"},"modified":"2010-07-14T00:00:00","modified_gmt":"2010-07-14T03:00:00","slug":"juego-del-destino","status":"publish","type":"product","link":"https:\/\/ajupe.com.uy\/web\/biblioteca\/juego-del-destino\/","title":{"rendered":"Juego del destino"},"content":{"rendered":"<p>A finales de los a\u00f1os cuarenta, en Connecticut, dos hermanos mellizos son separados al nacer. Nat Cartwright se va a casa con sus padres biol\u00f3gicos -una maestra y vendedor de seguros-, mientras que su hermano comienza sus d\u00edas como Fletcher Andrew Savenport, hijo \u00fanico de un multimillonario y una dama de la alta sociedad. Los dos hermanos crecen sin conocer la existencia el uno. Nat lucha en Vietnam, llega a ser h\u00e9roe de guerra y, tras acabar sus estudios, se convierte en un banquero de \u00e9xito. Mientras tanto, Fletcher se distingue como abogado criminalista antes de ser elegido senador.<\/p>\n","protected":false},"excerpt":{"rendered":"<p>A finales de los a\u00f1os cuarenta, en Connecticut, dos hermanos mellizos son separados al nacer. Nat Cartwright se va a casa con sus padres biol\u00f3gicos -una maestra y vendedor de seguros-, mientras que su hermano comienza sus d\u00edas como Fletcher Andrew Savenpo<\/p>\n","protected":false},"featured_media":1439,"template":"","meta":[],"product_brand":[275],"product_cat":[30],"product_tag":[],"class_list":{"0":"post-1438","1":"product","2":"type-product","3":"status-publish","4":"has-post-thumbnail","6":"product_brand-jeffrey-archer","7":"product_cat-suspenso","9":"first","10":"instock","11":"purchasable","12":"product-type-simple"},"featured_image_urls_v2":{"full":["https:\/\/ajupe.com.uy\/web\/wp-content\/uploads\/2016\/04\/p-1438-6748.jpg",361,538,false],"thumbnail":["https:\/\/ajupe.com.uy\/web\/wp-content\/uploads\/2016\/04\/p-1438-6748.jpg",150,150,true],"medium":["https:\/\/ajupe.com.uy\/web\/wp-content\/uploads\/2016\/04\/p-1438-6748.jpg",300,214,true],"medium_large":["https:\/\/ajupe.com.uy\/web\/wp-content\/uploads\/2016\/04\/p-1438-6748.jpg",361,538,false],"large":["https:\/\/ajupe.com.uy\/web\/wp-content\/uploads\/2016\/04\/p-1438-6748.jpg",361,538,false],"1536x1536":["https:\/\/ajupe.com.uy\/web\/wp-content\/uploads\/2016\/04\/p-1438-6748.jpg",361,538,false],"2048x2048":["https:\/\/ajupe.com.uy\/web\/wp-content\/uploads\/2016\/04\/p-1438-6748.jpg",361,538,false],"woocommerce_archive_thumbnail":["https:\/\/ajupe.com.uy\/web\/wp-content\/uploads\/2016\/04\/p-1438-6748-300x450.jpg",300,450,true],"woocommerce_thumbnail":["https:\/\/ajupe.com.uy\/web\/wp-content\/uploads\/2016\/04\/p-1438-6748-300x300.jpg",300,300,true],"woocommerce_single":["https:\/\/ajupe.com.uy\/web\/wp-content\/uploads\/2016\/04\/p-1438-6748-300x447.jpg",300,447,true],"woocommerce_gallery_thumbnail":["https:\/\/ajupe.com.uy\/web\/wp-content\/uploads\/2016\/04\/p-1438-6748-100x100.jpg",100,100,true]},"post_excerpt_stackable_v2":"<p>A finales de los a\u00f1os cuarenta, en Connecticut, dos hermanos mellizos son separados al nacer. Nat Cartwright se va a casa con sus padres biol\u00f3gicos -una maestra y vendedor de seguros-, mientras que su hermano comienza sus d\u00edas como Fletcher Andrew Savenpo<\/p>\n","category_list_v2":"","author_info_v2":{"name":"","url":""},"comments_num_v2":"0 comentarios","_links":{"self":[{"href":"https:\/\/ajupe.com.uy\/web\/wp-json\/wp\/v2\/product\/1438","targetHints":{"allow":["GET"]}}],"collection":[{"href":"https:\/\/ajupe.com.uy\/web\/wp-json\/wp\/v2\/product"}],"about":[{"href":"https:\/\/ajupe.com.uy\/web\/wp-json\/wp\/v2\/types\/product"}],"wp:featuredmedia":[{"embeddable":true,"href":"https:\/\/ajupe.com.uy\/web\/wp-json\/wp\/v2\/media\/1439"}],"wp:attachment":[{"href":"https:\/\/ajupe.com.uy\/web\/wp-json\/wp\/v2\/media?parent=1438"}],"wp:term":[{"taxonomy":"product_brand","embeddable":true,"href":"https:\/\/ajupe.com.uy\/web\/wp-json\/wp\/v2\/product_brand?post=1438"},{"taxonomy":"product_cat","embeddable":true,"href":"https:\/\/ajupe.com.uy\/web\/wp-json\/wp\/v2\/product_cat?post=1438"},{"taxonomy":"product_tag","embeddable":true,"href":"https:\/\/ajupe.com.uy\/web\/wp-json\/wp\/v2\/product_tag?post=1438"}],"curies":[{"name":"wp","href":"https:\/\/api.w.org\/{rel}","templated":true}]}}