{"id":1440,"date":"2010-07-14T00:00:00","date_gmt":"2010-07-14T03:00:00","guid":{"rendered":"http:\/\/ajupe.com.uy\/web\/?post_type=product&#038;p=1440"},"modified":"2010-07-14T00:00:00","modified_gmt":"2010-07-14T03:00:00","slug":"crimenes-de-mujeres","status":"publish","type":"product","link":"https:\/\/ajupe.com.uy\/web\/biblioteca\/crimenes-de-mujeres\/","title":{"rendered":"Cr\u00edmenes de mujeres"},"content":{"rendered":"<p>Una colecci\u00f3n definitiva de relatos de misterio de las autoras m\u00e1s destacadas del panorama literario internacional llevada a cabo por Elizabeth George, una de las grandes damas de la novela de misterio. El objetivo de la antolog\u00eda es entender porqu\u00e9 el crimen siempre ha suscitado tanta fascinaci\u00f3n en las personas, sobre todo en la mente femenina. Una antolog\u00eda con relatos de autoras de la talla de Susan Glaspell, Dorothy L. Sayers, Ngaio Marsh, Shirley Jackson, Charlotte Armstrong, Dorothy Salisbury Davis, Margery Allingham, Nedra Tyre, Christiana Brand, Nadine Gordimer, Ruth Rendell, Joyce Harrington, Marcia Muller, Antonia Fraser, Sara Paretsky, Nancy Pickard, Kristine Kathryn Rusch, ect..<\/p>\n","protected":false},"excerpt":{"rendered":"<p>Una colecci\u00f3n definitiva de relatos de misterio de las autoras m\u00e1s destacadas del panorama literario internacional llevada a cabo por Elizabeth George, una de las grandes damas de la novela de misterio. El objetivo de la antolog\u00eda es entender porqu\u00e9 el cr<\/p>\n","protected":false},"featured_media":1441,"template":"","meta":[],"product_brand":[291],"product_cat":[30],"product_tag":[],"class_list":{"0":"post-1440","1":"product","2":"type-product","3":"status-publish","4":"has-post-thumbnail","6":"product_brand-elizabeth-george","7":"product_cat-suspenso","9":"first","10":"instock","11":"purchasable","12":"product-type-simple"},"featured_image_urls_v2":{"full":["https:\/\/ajupe.com.uy\/web\/wp-content\/uploads\/2016\/04\/p-1440-6749.jpg",362,573,false],"thumbnail":["https:\/\/ajupe.com.uy\/web\/wp-content\/uploads\/2016\/04\/p-1440-6749.jpg",150,150,true],"medium":["https:\/\/ajupe.com.uy\/web\/wp-content\/uploads\/2016\/04\/p-1440-6749.jpg",300,214,true],"medium_large":["https:\/\/ajupe.com.uy\/web\/wp-content\/uploads\/2016\/04\/p-1440-6749.jpg",362,573,false],"large":["https:\/\/ajupe.com.uy\/web\/wp-content\/uploads\/2016\/04\/p-1440-6749.jpg",362,573,false],"1536x1536":["https:\/\/ajupe.com.uy\/web\/wp-content\/uploads\/2016\/04\/p-1440-6749.jpg",362,573,false],"2048x2048":["https:\/\/ajupe.com.uy\/web\/wp-content\/uploads\/2016\/04\/p-1440-6749.jpg",362,573,false],"woocommerce_archive_thumbnail":["https:\/\/ajupe.com.uy\/web\/wp-content\/uploads\/2016\/04\/p-1440-6749-300x450.jpg",300,450,true],"woocommerce_thumbnail":["https:\/\/ajupe.com.uy\/web\/wp-content\/uploads\/2016\/04\/p-1440-6749-300x300.jpg",300,300,true],"woocommerce_single":["https:\/\/ajupe.com.uy\/web\/wp-content\/uploads\/2016\/04\/p-1440-6749-300x475.jpg",300,475,true],"woocommerce_gallery_thumbnail":["https:\/\/ajupe.com.uy\/web\/wp-content\/uploads\/2016\/04\/p-1440-6749-100x100.jpg",100,100,true]},"post_excerpt_stackable_v2":"<p>Una colecci\u00f3n definitiva de relatos de misterio de las autoras m\u00e1s destacadas del panorama literario internacional llevada a cabo por Elizabeth George, una de las grandes damas de la novela de misterio. El objetivo de la antolog\u00eda es entender porqu\u00e9 el cr<\/p>\n","category_list_v2":"","author_info_v2":{"name":"","url":""},"comments_num_v2":"0 comentarios","_links":{"self":[{"href":"https:\/\/ajupe.com.uy\/web\/wp-json\/wp\/v2\/product\/1440","targetHints":{"allow":["GET"]}}],"collection":[{"href":"https:\/\/ajupe.com.uy\/web\/wp-json\/wp\/v2\/product"}],"about":[{"href":"https:\/\/ajupe.com.uy\/web\/wp-json\/wp\/v2\/types\/product"}],"wp:featuredmedia":[{"embeddable":true,"href":"https:\/\/ajupe.com.uy\/web\/wp-json\/wp\/v2\/media\/1441"}],"wp:attachment":[{"href":"https:\/\/ajupe.com.uy\/web\/wp-json\/wp\/v2\/media?parent=1440"}],"wp:term":[{"taxonomy":"product_brand","embeddable":true,"href":"https:\/\/ajupe.com.uy\/web\/wp-json\/wp\/v2\/product_brand?post=1440"},{"taxonomy":"product_cat","embeddable":true,"href":"https:\/\/ajupe.com.uy\/web\/wp-json\/wp\/v2\/product_cat?post=1440"},{"taxonomy":"product_tag","embeddable":true,"href":"https:\/\/ajupe.com.uy\/web\/wp-json\/wp\/v2\/product_tag?post=1440"}],"curies":[{"name":"wp","href":"https:\/\/api.w.org\/{rel}","templated":true}]}}