{"id":1442,"date":"2010-07-14T00:00:00","date_gmt":"2010-07-14T03:00:00","guid":{"rendered":"http:\/\/ajupe.com.uy\/web\/?post_type=product&#038;p=1442"},"modified":"2011-08-30T19:00:44","modified_gmt":"2011-08-30T22:00:44","slug":"mayada-hija-de-irak","status":"publish","type":"product","link":"https:\/\/ajupe.com.uy\/web\/biblioteca\/mayada-hija-de-irak\/","title":{"rendered":"Mayada, Hija de Irak"},"content":{"rendered":"<p>Jean Sasson conoci\u00f3 a Mayada cuando esta le hizo de int\u00e9rprete durante uno de sus viajes a Bagdad. Se hicieron amigas, aunque posteriormente perdieron contacto. M\u00e1s tarde la autora supo por qu\u00e9: Mayada hab\u00eda estado en la c\u00e1rcel; era inocente pero eso no la libr\u00f3 de meses de prisi\u00f3n en condiciones horrendas, espeluznantes. Mayada cuenta su propia historia, que es tambi\u00e9n la de muchas mujeres de las que se abus\u00f3, que hab\u00edan sido apaleadas, torturadas. Las llama \u201clas mujeres de la sombra\u201d. Mayada, con la ayuda de su familia, pudo lograr la libertad y escap\u00f3 de Irak. Sus compa\u00f1eras de celda no tuvieron la misma suerte. Mayada es una historia real, tan dura que nadie puede dejar de sentirse conmovido ante ella.<\/p>\n","protected":false},"excerpt":{"rendered":"<p>Jean Sasson conoci\u00f3 a Mayada cuando esta le hizo de int\u00e9rprete durante uno de sus viajes a Bagdad. Se hicieron amigas, aunque posteriormente perdieron contacto. M\u00e1s tarde la autora supo por qu\u00e9: Mayada hab\u00eda estado en la c\u00e1rcel; era inocente pero eso no l<\/p>\n","protected":false},"featured_media":1443,"template":"","meta":[],"product_brand":[197],"product_cat":[29,39],"product_tag":[],"class_list":{"0":"post-1442","1":"product","2":"type-product","3":"status-publish","4":"has-post-thumbnail","6":"product_brand-jean-sasson","7":"product_cat-novela","8":"product_cat-veridico","10":"first","11":"instock","12":"purchasable","13":"product-type-simple"},"featured_image_urls_v2":{"full":["https:\/\/ajupe.com.uy\/web\/wp-content\/uploads\/2016\/04\/p-1442-6750.jpg",362,555,false],"thumbnail":["https:\/\/ajupe.com.uy\/web\/wp-content\/uploads\/2016\/04\/p-1442-6750.jpg",150,150,true],"medium":["https:\/\/ajupe.com.uy\/web\/wp-content\/uploads\/2016\/04\/p-1442-6750.jpg",300,214,true],"medium_large":["https:\/\/ajupe.com.uy\/web\/wp-content\/uploads\/2016\/04\/p-1442-6750.jpg",362,555,false],"large":["https:\/\/ajupe.com.uy\/web\/wp-content\/uploads\/2016\/04\/p-1442-6750.jpg",362,555,false],"1536x1536":["https:\/\/ajupe.com.uy\/web\/wp-content\/uploads\/2016\/04\/p-1442-6750.jpg",362,555,false],"2048x2048":["https:\/\/ajupe.com.uy\/web\/wp-content\/uploads\/2016\/04\/p-1442-6750.jpg",362,555,false],"woocommerce_archive_thumbnail":["https:\/\/ajupe.com.uy\/web\/wp-content\/uploads\/2016\/04\/p-1442-6750-300x450.jpg",300,450,true],"woocommerce_thumbnail":["https:\/\/ajupe.com.uy\/web\/wp-content\/uploads\/2016\/04\/p-1442-6750-300x300.jpg",300,300,true],"woocommerce_single":["https:\/\/ajupe.com.uy\/web\/wp-content\/uploads\/2016\/04\/p-1442-6750-300x460.jpg",300,460,true],"woocommerce_gallery_thumbnail":["https:\/\/ajupe.com.uy\/web\/wp-content\/uploads\/2016\/04\/p-1442-6750-100x100.jpg",100,100,true]},"post_excerpt_stackable_v2":"<p>Jean Sasson conoci\u00f3 a Mayada cuando esta le hizo de int\u00e9rprete durante uno de sus viajes a Bagdad. Se hicieron amigas, aunque posteriormente perdieron contacto. M\u00e1s tarde la autora supo por qu\u00e9: Mayada hab\u00eda estado en la c\u00e1rcel; era inocente pero eso no l<\/p>\n","category_list_v2":"","author_info_v2":{"name":"","url":""},"comments_num_v2":"0 comentarios","_links":{"self":[{"href":"https:\/\/ajupe.com.uy\/web\/wp-json\/wp\/v2\/product\/1442","targetHints":{"allow":["GET"]}}],"collection":[{"href":"https:\/\/ajupe.com.uy\/web\/wp-json\/wp\/v2\/product"}],"about":[{"href":"https:\/\/ajupe.com.uy\/web\/wp-json\/wp\/v2\/types\/product"}],"wp:featuredmedia":[{"embeddable":true,"href":"https:\/\/ajupe.com.uy\/web\/wp-json\/wp\/v2\/media\/1443"}],"wp:attachment":[{"href":"https:\/\/ajupe.com.uy\/web\/wp-json\/wp\/v2\/media?parent=1442"}],"wp:term":[{"taxonomy":"product_brand","embeddable":true,"href":"https:\/\/ajupe.com.uy\/web\/wp-json\/wp\/v2\/product_brand?post=1442"},{"taxonomy":"product_cat","embeddable":true,"href":"https:\/\/ajupe.com.uy\/web\/wp-json\/wp\/v2\/product_cat?post=1442"},{"taxonomy":"product_tag","embeddable":true,"href":"https:\/\/ajupe.com.uy\/web\/wp-json\/wp\/v2\/product_tag?post=1442"}],"curies":[{"name":"wp","href":"https:\/\/api.w.org\/{rel}","templated":true}]}}