{"id":1450,"date":"2010-07-14T00:00:00","date_gmt":"2010-07-14T03:00:00","guid":{"rendered":"http:\/\/ajupe.com.uy\/web\/?post_type=product&#038;p=1450"},"modified":"2011-08-30T19:20:34","modified_gmt":"2011-08-30T22:20:34","slug":"la-trampa-maestra","status":"publish","type":"product","link":"https:\/\/ajupe.com.uy\/web\/biblioteca\/la-trampa-maestra\/","title":{"rendered":"La trampa maestra"},"content":{"rendered":"<p>Martin Clay, joven fil\u00f3sofo algo distra\u00eddo y aficionado a la historia del arte, se ha retirado al campo con su mujer y su beb\u00e9 en busca de la tranquilidad que necesita para escribir un trabajo acad\u00e9mico. Pero todo cambia cuando, durante una visita de cortes\u00eda a la mansi\u00f3n de su vecino, un arist\u00f3crata venido a menos, descubre un cuadro utilizado por sus due\u00f1os para tapar unas goteras en la chimenea. Martin est\u00e1 convencido de que es una obra de Peter Bruegel, el pintor holand\u00e9s del siglo XVI, que se cre\u00eda desaparecida. Ante la que percibe como una oportunidad \u00fanica en su vida, Clay dise\u00f1a una complicada trama para certificar la autenticidad del cuadro sin que su due\u00f1o se entere, comprarlo muy barato, publicar un trabajo acad\u00e9mico sobre el hallazgo y venderlo por una millonada para retirarse para siempre. No es de extra\u00f1ar que, ante semejante ocasi\u00f3n, nuestro protagonista est\u00e9 dispuesto a jug\u00e1rselo todo, su dinero, su matrimonio, incluso su reputaci\u00f3n.<\/p>\n","protected":false},"excerpt":{"rendered":"<p>Martin Clay, joven fil\u00f3sofo algo distra\u00eddo y aficionado a la historia del arte, se ha retirado al campo con su mujer y su beb\u00e9 en busca de la tranquilidad que necesita para escribir un trabajo acad\u00e9mico. Pero todo cambia cuando, durante una visita de cort<\/p>\n","protected":false},"featured_media":1451,"template":"","meta":[],"product_brand":[407],"product_cat":[46,30],"product_tag":[],"class_list":{"0":"post-1450","1":"product","2":"type-product","3":"status-publish","4":"has-post-thumbnail","6":"product_brand-michael-frayn","7":"product_cat-poesia","8":"product_cat-suspenso","10":"first","11":"instock","12":"purchasable","13":"product-type-simple"},"featured_image_urls_v2":{"full":["https:\/\/ajupe.com.uy\/web\/wp-content\/uploads\/2016\/04\/p-1450-6783.jpg",376,589,false],"thumbnail":["https:\/\/ajupe.com.uy\/web\/wp-content\/uploads\/2016\/04\/p-1450-6783.jpg",150,150,true],"medium":["https:\/\/ajupe.com.uy\/web\/wp-content\/uploads\/2016\/04\/p-1450-6783.jpg",300,214,true],"medium_large":["https:\/\/ajupe.com.uy\/web\/wp-content\/uploads\/2016\/04\/p-1450-6783.jpg",376,589,false],"large":["https:\/\/ajupe.com.uy\/web\/wp-content\/uploads\/2016\/04\/p-1450-6783.jpg",376,589,false],"1536x1536":["https:\/\/ajupe.com.uy\/web\/wp-content\/uploads\/2016\/04\/p-1450-6783.jpg",376,589,false],"2048x2048":["https:\/\/ajupe.com.uy\/web\/wp-content\/uploads\/2016\/04\/p-1450-6783.jpg",376,589,false],"woocommerce_archive_thumbnail":["https:\/\/ajupe.com.uy\/web\/wp-content\/uploads\/2016\/04\/p-1450-6783-300x450.jpg",300,450,true],"woocommerce_thumbnail":["https:\/\/ajupe.com.uy\/web\/wp-content\/uploads\/2016\/04\/p-1450-6783-300x300.jpg",300,300,true],"woocommerce_single":["https:\/\/ajupe.com.uy\/web\/wp-content\/uploads\/2016\/04\/p-1450-6783-300x470.jpg",300,470,true],"woocommerce_gallery_thumbnail":["https:\/\/ajupe.com.uy\/web\/wp-content\/uploads\/2016\/04\/p-1450-6783-100x100.jpg",100,100,true]},"post_excerpt_stackable_v2":"<p>Martin Clay, joven fil\u00f3sofo algo distra\u00eddo y aficionado a la historia del arte, se ha retirado al campo con su mujer y su beb\u00e9 en busca de la tranquilidad que necesita para escribir un trabajo acad\u00e9mico. Pero todo cambia cuando, durante una visita de cort<\/p>\n","category_list_v2":"","author_info_v2":{"name":"","url":""},"comments_num_v2":"0 comentarios","_links":{"self":[{"href":"https:\/\/ajupe.com.uy\/web\/wp-json\/wp\/v2\/product\/1450","targetHints":{"allow":["GET"]}}],"collection":[{"href":"https:\/\/ajupe.com.uy\/web\/wp-json\/wp\/v2\/product"}],"about":[{"href":"https:\/\/ajupe.com.uy\/web\/wp-json\/wp\/v2\/types\/product"}],"wp:featuredmedia":[{"embeddable":true,"href":"https:\/\/ajupe.com.uy\/web\/wp-json\/wp\/v2\/media\/1451"}],"wp:attachment":[{"href":"https:\/\/ajupe.com.uy\/web\/wp-json\/wp\/v2\/media?parent=1450"}],"wp:term":[{"taxonomy":"product_brand","embeddable":true,"href":"https:\/\/ajupe.com.uy\/web\/wp-json\/wp\/v2\/product_brand?post=1450"},{"taxonomy":"product_cat","embeddable":true,"href":"https:\/\/ajupe.com.uy\/web\/wp-json\/wp\/v2\/product_cat?post=1450"},{"taxonomy":"product_tag","embeddable":true,"href":"https:\/\/ajupe.com.uy\/web\/wp-json\/wp\/v2\/product_tag?post=1450"}],"curies":[{"name":"wp","href":"https:\/\/api.w.org\/{rel}","templated":true}]}}