{"id":1458,"date":"2010-07-14T00:00:00","date_gmt":"2010-07-14T03:00:00","guid":{"rendered":"http:\/\/ajupe.com.uy\/web\/?post_type=product&#038;p=1458"},"modified":"2010-07-14T00:00:00","modified_gmt":"2010-07-14T03:00:00","slug":"el-ultimo-detective","status":"publish","type":"product","link":"https:\/\/ajupe.com.uy\/web\/biblioteca\/el-ultimo-detective\/","title":{"rendered":"El \u00faltimo detective"},"content":{"rendered":"<p>Elvis Cole se enfrenta a uno de los momentos mas delicados de su vida: acaba de recibir la llamada de un hombre que asegura tener secuestrado a Ben, el hijo de Lucy, su compa\u00f1era sentimental. El ni\u00f1o, que estaba al cuidado de Cole mientras su madre se hallaba de viaje, sali\u00f3 al jard\u00edn a jugar y pocos minutos despu\u00e9s desapareci\u00f3 sin dejar rastro. Seg\u00fan las palabras del hombre que retiene a Ben, el secuestro est\u00e1 relacionado con un oscuro suceso del pasado de Cole. Para complicar a\u00fan m\u00e1s las cosas, Cole tiene que enfrentarse con Richard, ex marido de Lucy y padre de Ben, quien adem\u00e1s de culparle por lo acontecido entorpece la b\u00fasqueda al insistir en la participaci\u00f3n de su propio equipo de investigadores.<\/p>\n","protected":false},"excerpt":{"rendered":"<p>Elvis Cole se enfrenta a uno de los momentos mas delicados de su vida: acaba de recibir la llamada de un hombre que asegura tener secuestrado a Ben, el hijo de Lucy, su compa\u00f1era sentimental. El ni\u00f1o, que estaba al cuidado de Cole mientras su madre se hal<\/p>\n","protected":false},"featured_media":1459,"template":"","meta":[],"product_brand":[410],"product_cat":[30],"product_tag":[],"class_list":{"0":"post-1458","1":"product","2":"type-product","3":"status-publish","4":"has-post-thumbnail","6":"product_brand-robert-crais","7":"product_cat-suspenso","9":"first","10":"instock","11":"purchasable","12":"product-type-simple"},"featured_image_urls_v2":{"full":["https:\/\/ajupe.com.uy\/web\/wp-content\/uploads\/2016\/04\/p-1458-6788.jpg",359,544,false],"thumbnail":["https:\/\/ajupe.com.uy\/web\/wp-content\/uploads\/2016\/04\/p-1458-6788.jpg",150,150,true],"medium":["https:\/\/ajupe.com.uy\/web\/wp-content\/uploads\/2016\/04\/p-1458-6788.jpg",300,214,true],"medium_large":["https:\/\/ajupe.com.uy\/web\/wp-content\/uploads\/2016\/04\/p-1458-6788.jpg",359,544,false],"large":["https:\/\/ajupe.com.uy\/web\/wp-content\/uploads\/2016\/04\/p-1458-6788.jpg",359,544,false],"1536x1536":["https:\/\/ajupe.com.uy\/web\/wp-content\/uploads\/2016\/04\/p-1458-6788.jpg",359,544,false],"2048x2048":["https:\/\/ajupe.com.uy\/web\/wp-content\/uploads\/2016\/04\/p-1458-6788.jpg",359,544,false],"woocommerce_archive_thumbnail":["https:\/\/ajupe.com.uy\/web\/wp-content\/uploads\/2016\/04\/p-1458-6788-300x450.jpg",300,450,true],"woocommerce_thumbnail":["https:\/\/ajupe.com.uy\/web\/wp-content\/uploads\/2016\/04\/p-1458-6788-300x300.jpg",300,300,true],"woocommerce_single":["https:\/\/ajupe.com.uy\/web\/wp-content\/uploads\/2016\/04\/p-1458-6788-300x455.jpg",300,455,true],"woocommerce_gallery_thumbnail":["https:\/\/ajupe.com.uy\/web\/wp-content\/uploads\/2016\/04\/p-1458-6788-100x100.jpg",100,100,true]},"post_excerpt_stackable_v2":"<p>Elvis Cole se enfrenta a uno de los momentos mas delicados de su vida: acaba de recibir la llamada de un hombre que asegura tener secuestrado a Ben, el hijo de Lucy, su compa\u00f1era sentimental. El ni\u00f1o, que estaba al cuidado de Cole mientras su madre se hal<\/p>\n","category_list_v2":"","author_info_v2":{"name":"","url":""},"comments_num_v2":"0 comentarios","_links":{"self":[{"href":"https:\/\/ajupe.com.uy\/web\/wp-json\/wp\/v2\/product\/1458","targetHints":{"allow":["GET"]}}],"collection":[{"href":"https:\/\/ajupe.com.uy\/web\/wp-json\/wp\/v2\/product"}],"about":[{"href":"https:\/\/ajupe.com.uy\/web\/wp-json\/wp\/v2\/types\/product"}],"wp:featuredmedia":[{"embeddable":true,"href":"https:\/\/ajupe.com.uy\/web\/wp-json\/wp\/v2\/media\/1459"}],"wp:attachment":[{"href":"https:\/\/ajupe.com.uy\/web\/wp-json\/wp\/v2\/media?parent=1458"}],"wp:term":[{"taxonomy":"product_brand","embeddable":true,"href":"https:\/\/ajupe.com.uy\/web\/wp-json\/wp\/v2\/product_brand?post=1458"},{"taxonomy":"product_cat","embeddable":true,"href":"https:\/\/ajupe.com.uy\/web\/wp-json\/wp\/v2\/product_cat?post=1458"},{"taxonomy":"product_tag","embeddable":true,"href":"https:\/\/ajupe.com.uy\/web\/wp-json\/wp\/v2\/product_tag?post=1458"}],"curies":[{"name":"wp","href":"https:\/\/api.w.org\/{rel}","templated":true}]}}