{"id":1462,"date":"2010-07-14T00:00:00","date_gmt":"2010-07-14T03:00:00","guid":{"rendered":"http:\/\/ajupe.com.uy\/web\/?post_type=product&#038;p=1462"},"modified":"2010-07-14T00:00:00","modified_gmt":"2010-07-14T03:00:00","slug":"de-ramones-y-matildes","status":"publish","type":"product","link":"https:\/\/ajupe.com.uy\/web\/biblioteca\/de-ramones-y-matildes\/","title":{"rendered":"De Ramones y Matildes"},"content":{"rendered":"<p>Es la leyenda de una prol\u00edfica e influyente familia uruguaya: Arocena &#8211; Artagaveytia, emparentada con los G\u00f3mez de Leandro y Andr\u00e9s, los Zorrilla, los Rodr\u00edguez Larreta, los Blancos, los Hughes y muchos m\u00e1s, donde individuos y hechos reales recreados por el autor, alternan con otros de ficci\u00f3n pero que bien pudieron ser verdaderos. Se narra, con una prosa funcional y de ornamento sutil, las vicisitudes, amores, pasiones y desdichas de sus personajes en el contexto \u00e9pico y convulsionado de las guerras civiles del siglo XIX rioplatense, logrando en forma se\u00f1alada que le inter\u00e9s y la tensi\u00f3n no decaigan a lo largo de la obra. La historia de la Argentina desde Rosas, pasando por Urquiza, Mitre y Avellaneda y la uruguaya del siglo de la independencia funcionan como tel\u00f3n de fondo sobre el cual los personajes act\u00faan, inciden y son condicionados en sus vidas personales por los avatares pol\u00edticos.<\/p>\n","protected":false},"excerpt":{"rendered":"<p>Es la leyenda de una prol\u00edfica e influyente familia uruguaya: Arocena &#8211; Artagaveytia, emparentada con los G\u00f3mez de Leandro y Andr\u00e9s, los Zorrilla, los Rodr\u00edguez Larreta, los Blancos, los Hughes y muchos m\u00e1s, donde individuos y hechos reales recreados por <\/p>\n","protected":false},"featured_media":1463,"template":"","meta":[],"product_brand":[412],"product_cat":[45],"product_tag":[],"class_list":{"0":"post-1462","1":"product","2":"type-product","3":"status-publish","4":"has-post-thumbnail","6":"product_brand-pablo-arocena","7":"product_cat-uruguayo","9":"first","10":"instock","11":"purchasable","12":"product-type-simple"},"featured_image_urls_v2":{"full":["https:\/\/ajupe.com.uy\/web\/wp-content\/uploads\/2016\/04\/p-1462-6790.jpg",377,589,false],"thumbnail":["https:\/\/ajupe.com.uy\/web\/wp-content\/uploads\/2016\/04\/p-1462-6790.jpg",150,150,true],"medium":["https:\/\/ajupe.com.uy\/web\/wp-content\/uploads\/2016\/04\/p-1462-6790.jpg",300,214,true],"medium_large":["https:\/\/ajupe.com.uy\/web\/wp-content\/uploads\/2016\/04\/p-1462-6790.jpg",377,589,false],"large":["https:\/\/ajupe.com.uy\/web\/wp-content\/uploads\/2016\/04\/p-1462-6790.jpg",377,589,false],"1536x1536":["https:\/\/ajupe.com.uy\/web\/wp-content\/uploads\/2016\/04\/p-1462-6790.jpg",377,589,false],"2048x2048":["https:\/\/ajupe.com.uy\/web\/wp-content\/uploads\/2016\/04\/p-1462-6790.jpg",377,589,false],"woocommerce_archive_thumbnail":["https:\/\/ajupe.com.uy\/web\/wp-content\/uploads\/2016\/04\/p-1462-6790-300x450.jpg",300,450,true],"woocommerce_thumbnail":["https:\/\/ajupe.com.uy\/web\/wp-content\/uploads\/2016\/04\/p-1462-6790-300x300.jpg",300,300,true],"woocommerce_single":["https:\/\/ajupe.com.uy\/web\/wp-content\/uploads\/2016\/04\/p-1462-6790-300x469.jpg",300,469,true],"woocommerce_gallery_thumbnail":["https:\/\/ajupe.com.uy\/web\/wp-content\/uploads\/2016\/04\/p-1462-6790-100x100.jpg",100,100,true]},"post_excerpt_stackable_v2":"<p>Es la leyenda de una prol\u00edfica e influyente familia uruguaya: Arocena &#8211; Artagaveytia, emparentada con los G\u00f3mez de Leandro y Andr\u00e9s, los Zorrilla, los Rodr\u00edguez Larreta, los Blancos, los Hughes y muchos m\u00e1s, donde individuos y hechos reales recreados por <\/p>\n","category_list_v2":"","author_info_v2":{"name":"","url":""},"comments_num_v2":"0 comentarios","_links":{"self":[{"href":"https:\/\/ajupe.com.uy\/web\/wp-json\/wp\/v2\/product\/1462","targetHints":{"allow":["GET"]}}],"collection":[{"href":"https:\/\/ajupe.com.uy\/web\/wp-json\/wp\/v2\/product"}],"about":[{"href":"https:\/\/ajupe.com.uy\/web\/wp-json\/wp\/v2\/types\/product"}],"wp:featuredmedia":[{"embeddable":true,"href":"https:\/\/ajupe.com.uy\/web\/wp-json\/wp\/v2\/media\/1463"}],"wp:attachment":[{"href":"https:\/\/ajupe.com.uy\/web\/wp-json\/wp\/v2\/media?parent=1462"}],"wp:term":[{"taxonomy":"product_brand","embeddable":true,"href":"https:\/\/ajupe.com.uy\/web\/wp-json\/wp\/v2\/product_brand?post=1462"},{"taxonomy":"product_cat","embeddable":true,"href":"https:\/\/ajupe.com.uy\/web\/wp-json\/wp\/v2\/product_cat?post=1462"},{"taxonomy":"product_tag","embeddable":true,"href":"https:\/\/ajupe.com.uy\/web\/wp-json\/wp\/v2\/product_tag?post=1462"}],"curies":[{"name":"wp","href":"https:\/\/api.w.org\/{rel}","templated":true}]}}