{"id":1470,"date":"2010-07-14T00:00:00","date_gmt":"2010-07-14T03:00:00","guid":{"rendered":"http:\/\/ajupe.com.uy\/web\/?post_type=product&#038;p=1470"},"modified":"2011-08-30T19:28:25","modified_gmt":"2011-08-30T22:28:25","slug":"aqui-no-eres-un-extrano","status":"publish","type":"product","link":"https:\/\/ajupe.com.uy\/web\/biblioteca\/aqui-no-eres-un-extrano\/","title":{"rendered":"Aqu\u00ed no eres un extra\u00f1o"},"content":{"rendered":"<p>Desde el primer cap\u00edtulo, la narraci\u00f3n arrolladora de un hombre aquejado de trastorno bipolar, hasta el que cierra el libro con la conmovedora descripci\u00f3n de la amistad entre un adolescente y una anciana que padece esquizofrenia, Haslett transita con soltura por la delgada l\u00ednea que separa a menudo la cordura de la enfermedad. Se suceden as\u00ed unas historias impresionantes, protagonizadas por un peculiar abanico de personajes, desde un ni\u00f1o con el don de la clarividencia hasta dos hermanos que se protegen mutuamente con tanto celo que ven en la posibilidad de amar una amenaza a su uni\u00f3n. Con un lenguaje sobrio y eficaz, no exento de un humor te\u00f1ido de melancol\u00eda, una aguda percepci\u00f3n psicol\u00f3gica y una inmensa ternura hacia sus criaturas literarias.<\/p>\n","protected":false},"excerpt":{"rendered":"<p>Desde el primer cap\u00edtulo, la narraci\u00f3n arrolladora de un hombre aquejado de trastorno bipolar, hasta el que cierra el libro con la conmovedora descripci\u00f3n de la amistad entre un adolescente y una anciana que padece esquizofrenia, Haslett transita con solt<\/p>\n","protected":false},"featured_media":1471,"template":"","meta":[],"product_brand":[416],"product_cat":[29,46],"product_tag":[],"class_list":{"0":"post-1470","1":"product","2":"type-product","3":"status-publish","4":"has-post-thumbnail","6":"product_brand-adam-haslett","7":"product_cat-novela","8":"product_cat-poesia","10":"first","11":"instock","12":"purchasable","13":"product-type-simple"},"featured_image_urls_v2":{"full":["https:\/\/ajupe.com.uy\/web\/wp-content\/uploads\/2016\/04\/p-1470-6794.jpg",377,589,false],"thumbnail":["https:\/\/ajupe.com.uy\/web\/wp-content\/uploads\/2016\/04\/p-1470-6794.jpg",150,150,true],"medium":["https:\/\/ajupe.com.uy\/web\/wp-content\/uploads\/2016\/04\/p-1470-6794.jpg",300,214,true],"medium_large":["https:\/\/ajupe.com.uy\/web\/wp-content\/uploads\/2016\/04\/p-1470-6794.jpg",377,589,false],"large":["https:\/\/ajupe.com.uy\/web\/wp-content\/uploads\/2016\/04\/p-1470-6794.jpg",377,589,false],"1536x1536":["https:\/\/ajupe.com.uy\/web\/wp-content\/uploads\/2016\/04\/p-1470-6794.jpg",377,589,false],"2048x2048":["https:\/\/ajupe.com.uy\/web\/wp-content\/uploads\/2016\/04\/p-1470-6794.jpg",377,589,false],"woocommerce_archive_thumbnail":["https:\/\/ajupe.com.uy\/web\/wp-content\/uploads\/2016\/04\/p-1470-6794-300x450.jpg",300,450,true],"woocommerce_thumbnail":["https:\/\/ajupe.com.uy\/web\/wp-content\/uploads\/2016\/04\/p-1470-6794-300x300.jpg",300,300,true],"woocommerce_single":["https:\/\/ajupe.com.uy\/web\/wp-content\/uploads\/2016\/04\/p-1470-6794-300x469.jpg",300,469,true],"woocommerce_gallery_thumbnail":["https:\/\/ajupe.com.uy\/web\/wp-content\/uploads\/2016\/04\/p-1470-6794-100x100.jpg",100,100,true]},"post_excerpt_stackable_v2":"<p>Desde el primer cap\u00edtulo, la narraci\u00f3n arrolladora de un hombre aquejado de trastorno bipolar, hasta el que cierra el libro con la conmovedora descripci\u00f3n de la amistad entre un adolescente y una anciana que padece esquizofrenia, Haslett transita con solt<\/p>\n","category_list_v2":"","author_info_v2":{"name":"","url":""},"comments_num_v2":"0 comentarios","_links":{"self":[{"href":"https:\/\/ajupe.com.uy\/web\/wp-json\/wp\/v2\/product\/1470","targetHints":{"allow":["GET"]}}],"collection":[{"href":"https:\/\/ajupe.com.uy\/web\/wp-json\/wp\/v2\/product"}],"about":[{"href":"https:\/\/ajupe.com.uy\/web\/wp-json\/wp\/v2\/types\/product"}],"wp:featuredmedia":[{"embeddable":true,"href":"https:\/\/ajupe.com.uy\/web\/wp-json\/wp\/v2\/media\/1471"}],"wp:attachment":[{"href":"https:\/\/ajupe.com.uy\/web\/wp-json\/wp\/v2\/media?parent=1470"}],"wp:term":[{"taxonomy":"product_brand","embeddable":true,"href":"https:\/\/ajupe.com.uy\/web\/wp-json\/wp\/v2\/product_brand?post=1470"},{"taxonomy":"product_cat","embeddable":true,"href":"https:\/\/ajupe.com.uy\/web\/wp-json\/wp\/v2\/product_cat?post=1470"},{"taxonomy":"product_tag","embeddable":true,"href":"https:\/\/ajupe.com.uy\/web\/wp-json\/wp\/v2\/product_tag?post=1470"}],"curies":[{"name":"wp","href":"https:\/\/api.w.org\/{rel}","templated":true}]}}