{"id":1472,"date":"2010-07-14T00:00:00","date_gmt":"2010-07-14T03:00:00","guid":{"rendered":"http:\/\/ajupe.com.uy\/web\/?post_type=product&#038;p=1472"},"modified":"2011-08-26T20:02:33","modified_gmt":"2011-08-26T23:02:33","slug":"sin-permiso","status":"publish","type":"product","link":"https:\/\/ajupe.com.uy\/web\/biblioteca\/sin-permiso\/","title":{"rendered":"Sin permiso"},"content":{"rendered":"<p>La palabra diversi\u00f3n &#8211; espect\u00e1culo, juego, fiesta, seg\u00fan el diccionario- no parece la m\u00e1s indicada para resumir el objetivo de un libro de entrevistas a dirigentes pol\u00edticos. Sucede que el periodismo pol\u00edtico en Uruguay muchas veces es presa de una solemnidad que conduce al aburrimiento, y a cualquier intento por entender- hacer m\u00e1s llevadera una cosa, seg\u00fan el diccionario- se le cuelga el sanbenito de la falta de seriedad. Estas p\u00e1ginas s\u00f3lo prometen entrevistas rigurosas en las que se busc\u00f3, con discutible \u00e9xito, eludir el tedio que a veces en vuelve estas cuestiones. Este libro fue escrito evitando permisos innecesarios y jugando al periodismo <<con la=\"la\" seriedad=\"seriedad\" del=\"del\" que=\"que\" juega=\"juega\" \/>>.<\/p>\n","protected":false},"excerpt":{"rendered":"<p>La palabra diversi\u00f3n &#8211; espect\u00e1culo, juego, fiesta, seg\u00fan el diccionario- no parece la m\u00e1s indicada para resumir el objetivo de un libro de entrevistas a dirigentes pol\u00edticos. Sucede que el periodismo pol\u00edtico en Uruguay muchas veces es presa de una solemn<\/p>\n","protected":false},"featured_media":1473,"template":"","meta":[],"product_brand":[417],"product_cat":[34,45],"product_tag":[],"class_list":{"0":"post-1472","1":"product","2":"type-product","3":"status-publish","4":"has-post-thumbnail","6":"product_brand-leonardo-pereyra-fernanda-cabrera","7":"product_cat-otros","8":"product_cat-uruguayo","10":"first","11":"instock","12":"purchasable","13":"product-type-simple"},"featured_image_urls_v2":{"full":["https:\/\/ajupe.com.uy\/web\/wp-content\/uploads\/2016\/04\/p-1472-6810.jpg",359,583,false],"thumbnail":["https:\/\/ajupe.com.uy\/web\/wp-content\/uploads\/2016\/04\/p-1472-6810.jpg",150,150,true],"medium":["https:\/\/ajupe.com.uy\/web\/wp-content\/uploads\/2016\/04\/p-1472-6810.jpg",300,214,true],"medium_large":["https:\/\/ajupe.com.uy\/web\/wp-content\/uploads\/2016\/04\/p-1472-6810.jpg",359,583,false],"large":["https:\/\/ajupe.com.uy\/web\/wp-content\/uploads\/2016\/04\/p-1472-6810.jpg",359,583,false],"1536x1536":["https:\/\/ajupe.com.uy\/web\/wp-content\/uploads\/2016\/04\/p-1472-6810.jpg",359,583,false],"2048x2048":["https:\/\/ajupe.com.uy\/web\/wp-content\/uploads\/2016\/04\/p-1472-6810.jpg",359,583,false],"woocommerce_archive_thumbnail":["https:\/\/ajupe.com.uy\/web\/wp-content\/uploads\/2016\/04\/p-1472-6810-300x450.jpg",300,450,true],"woocommerce_thumbnail":["https:\/\/ajupe.com.uy\/web\/wp-content\/uploads\/2016\/04\/p-1472-6810-300x300.jpg",300,300,true],"woocommerce_single":["https:\/\/ajupe.com.uy\/web\/wp-content\/uploads\/2016\/04\/p-1472-6810-300x487.jpg",300,487,true],"woocommerce_gallery_thumbnail":["https:\/\/ajupe.com.uy\/web\/wp-content\/uploads\/2016\/04\/p-1472-6810-100x100.jpg",100,100,true]},"post_excerpt_stackable_v2":"<p>La palabra diversi\u00f3n &#8211; espect\u00e1culo, juego, fiesta, seg\u00fan el diccionario- no parece la m\u00e1s indicada para resumir el objetivo de un libro de entrevistas a dirigentes pol\u00edticos. Sucede que el periodismo pol\u00edtico en Uruguay muchas veces es presa de una solemn<\/p>\n","category_list_v2":"","author_info_v2":{"name":"","url":""},"comments_num_v2":"0 comentarios","_links":{"self":[{"href":"https:\/\/ajupe.com.uy\/web\/wp-json\/wp\/v2\/product\/1472","targetHints":{"allow":["GET"]}}],"collection":[{"href":"https:\/\/ajupe.com.uy\/web\/wp-json\/wp\/v2\/product"}],"about":[{"href":"https:\/\/ajupe.com.uy\/web\/wp-json\/wp\/v2\/types\/product"}],"wp:featuredmedia":[{"embeddable":true,"href":"https:\/\/ajupe.com.uy\/web\/wp-json\/wp\/v2\/media\/1473"}],"wp:attachment":[{"href":"https:\/\/ajupe.com.uy\/web\/wp-json\/wp\/v2\/media?parent=1472"}],"wp:term":[{"taxonomy":"product_brand","embeddable":true,"href":"https:\/\/ajupe.com.uy\/web\/wp-json\/wp\/v2\/product_brand?post=1472"},{"taxonomy":"product_cat","embeddable":true,"href":"https:\/\/ajupe.com.uy\/web\/wp-json\/wp\/v2\/product_cat?post=1472"},{"taxonomy":"product_tag","embeddable":true,"href":"https:\/\/ajupe.com.uy\/web\/wp-json\/wp\/v2\/product_tag?post=1472"}],"curies":[{"name":"wp","href":"https:\/\/api.w.org\/{rel}","templated":true}]}}