{"id":1474,"date":"2010-07-14T00:00:00","date_gmt":"2010-07-14T03:00:00","guid":{"rendered":"http:\/\/ajupe.com.uy\/web\/?post_type=product&#038;p=1474"},"modified":"2010-07-14T00:00:00","modified_gmt":"2010-07-14T03:00:00","slug":"la-carpera","status":"publish","type":"product","link":"https:\/\/ajupe.com.uy\/web\/biblioteca\/la-carpera\/","title":{"rendered":"La Carpera"},"content":{"rendered":"<p>Durante m\u00e1s de veinte a\u00f1os Milka Silvera vivi\u00f3 de su oficio de prostituta itinerante. Empez\u00f3 en ciudades y pueblos medianos, pero a medida que nuevos h\u00e1bitos sexuales se incorporaron a la sociedad urbana, huy\u00f3 hacia lo m\u00e1s tradicional del campo uruguayo. Era prostituta s\u00ed, pero nunca estuvo dispuesta a abandonar sus principios: no aceptaba ciertas pr\u00e1cticas er\u00f3ticas. En las ciudades, el trabajo se volvi\u00f3 dif\u00edcil. Por eso Milka busc\u00f3 la clientela entre el paisanaje m\u00e1s aislado, y se hizo carpera. Con el permiso del patr\u00f3n de la estancia, levantaba la carpa a orillas de alg\u00fan arroyo, a la espera de la peonada. Disfrutaba del aire libre, pero al mismo tiempo sent\u00eda la desprotecci\u00f3n, y el sacrificio de pasar d\u00edas y noches a la intemperie&#8230;<\/p>\n","protected":false},"excerpt":{"rendered":"<p>Durante m\u00e1s de veinte a\u00f1os Milka Silvera vivi\u00f3 de su oficio de prostituta itinerante. Empez\u00f3 en ciudades y pueblos medianos, pero a medida que nuevos h\u00e1bitos sexuales se incorporaron a la sociedad urbana, huy\u00f3 hacia lo m\u00e1s tradicional del campo uruguayo. <\/p>\n","protected":false},"featured_media":1475,"template":"","meta":[],"product_brand":[418],"product_cat":[44],"product_tag":[],"class_list":{"0":"post-1474","1":"product","2":"type-product","3":"status-publish","4":"has-post-thumbnail","6":"product_brand-silvia-soler","7":"product_cat-biografico","9":"first","10":"instock","11":"purchasable","12":"product-type-simple"},"featured_image_urls_v2":{"full":["https:\/\/ajupe.com.uy\/web\/wp-content\/uploads\/2016\/04\/p-1474-6811.jpg",370,589,false],"thumbnail":["https:\/\/ajupe.com.uy\/web\/wp-content\/uploads\/2016\/04\/p-1474-6811.jpg",150,150,true],"medium":["https:\/\/ajupe.com.uy\/web\/wp-content\/uploads\/2016\/04\/p-1474-6811.jpg",300,214,true],"medium_large":["https:\/\/ajupe.com.uy\/web\/wp-content\/uploads\/2016\/04\/p-1474-6811.jpg",370,589,false],"large":["https:\/\/ajupe.com.uy\/web\/wp-content\/uploads\/2016\/04\/p-1474-6811.jpg",370,589,false],"1536x1536":["https:\/\/ajupe.com.uy\/web\/wp-content\/uploads\/2016\/04\/p-1474-6811.jpg",370,589,false],"2048x2048":["https:\/\/ajupe.com.uy\/web\/wp-content\/uploads\/2016\/04\/p-1474-6811.jpg",370,589,false],"woocommerce_archive_thumbnail":["https:\/\/ajupe.com.uy\/web\/wp-content\/uploads\/2016\/04\/p-1474-6811-300x450.jpg",300,450,true],"woocommerce_thumbnail":["https:\/\/ajupe.com.uy\/web\/wp-content\/uploads\/2016\/04\/p-1474-6811-300x300.jpg",300,300,true],"woocommerce_single":["https:\/\/ajupe.com.uy\/web\/wp-content\/uploads\/2016\/04\/p-1474-6811-300x478.jpg",300,478,true],"woocommerce_gallery_thumbnail":["https:\/\/ajupe.com.uy\/web\/wp-content\/uploads\/2016\/04\/p-1474-6811-100x100.jpg",100,100,true]},"post_excerpt_stackable_v2":"<p>Durante m\u00e1s de veinte a\u00f1os Milka Silvera vivi\u00f3 de su oficio de prostituta itinerante. Empez\u00f3 en ciudades y pueblos medianos, pero a medida que nuevos h\u00e1bitos sexuales se incorporaron a la sociedad urbana, huy\u00f3 hacia lo m\u00e1s tradicional del campo uruguayo. <\/p>\n","category_list_v2":"","author_info_v2":{"name":"","url":""},"comments_num_v2":"0 comentarios","_links":{"self":[{"href":"https:\/\/ajupe.com.uy\/web\/wp-json\/wp\/v2\/product\/1474","targetHints":{"allow":["GET"]}}],"collection":[{"href":"https:\/\/ajupe.com.uy\/web\/wp-json\/wp\/v2\/product"}],"about":[{"href":"https:\/\/ajupe.com.uy\/web\/wp-json\/wp\/v2\/types\/product"}],"wp:featuredmedia":[{"embeddable":true,"href":"https:\/\/ajupe.com.uy\/web\/wp-json\/wp\/v2\/media\/1475"}],"wp:attachment":[{"href":"https:\/\/ajupe.com.uy\/web\/wp-json\/wp\/v2\/media?parent=1474"}],"wp:term":[{"taxonomy":"product_brand","embeddable":true,"href":"https:\/\/ajupe.com.uy\/web\/wp-json\/wp\/v2\/product_brand?post=1474"},{"taxonomy":"product_cat","embeddable":true,"href":"https:\/\/ajupe.com.uy\/web\/wp-json\/wp\/v2\/product_cat?post=1474"},{"taxonomy":"product_tag","embeddable":true,"href":"https:\/\/ajupe.com.uy\/web\/wp-json\/wp\/v2\/product_tag?post=1474"}],"curies":[{"name":"wp","href":"https:\/\/api.w.org\/{rel}","templated":true}]}}